{"id":814,"date":"2025-03-27T18:53:47","date_gmt":"2025-03-27T17:53:47","guid":{"rendered":"https:\/\/basslover.de\/?page_id=814"},"modified":"2025-03-27T18:56:25","modified_gmt":"2025-03-27T17:56:25","slug":"ruhr-in-love-2011-basslover-meets-tunnel-club-floor","status":"publish","type":"page","link":"https:\/\/basslover.de\/index.php\/rbl-ruhr-in-love-videos-2010-2016\/ruhr-in-love-2011-basslover-meets-tunnel-club-floor\/","title":{"rendered":"Ruhr in Love 2011 Basslover meets Tunnel Club Floor"},"content":{"rendered":"<p><img loading=\"lazy\" decoding=\"async\" class=\" wp-image-815 alignright\" src=\"https:\/\/basslover.de\/wp-content\/uploads\/2025\/03\/Ruhr-in-Love-2011.jpg\" alt=\"\" width=\"392\" height=\"553\" srcset=\"https:\/\/basslover.de\/wp-content\/uploads\/2025\/03\/Ruhr-in-Love-2011.jpg 532w, https:\/\/basslover.de\/wp-content\/uploads\/2025\/03\/Ruhr-in-Love-2011-370x522.jpg 370w\" sizes=\"auto, (max-width: 392px) 100vw, 392px\" \/>Als &#8222;Bolzplatz der elektronischen Musikszene&#8220; beschreibt Rebecca Stuffer von der Agentur I-Motion das Festival. Der Veranstalter koordiniert zwar Ruhr-in-Love, kontrolliert es aber nicht. Die Floors werden von \u00fcber 70 Partnern v\u00f6llig autark gestaltet. &#8222;Alle sind mit Leidenschaft, Idealismus und Herzblut dabei, stellen ein LineUp auf die Beine und trommeln ihre Community zum Familienausflug zusammen.&#8220;<\/p>\n<p><strong><span style=\"font-size: 20px;\">LineUp<\/span><\/strong><br \/>\n<strong>DJ Dean, Tunnel Allstars, Andrew Spencer, Melanie Di Tria, Niels van Gogh &amp; Daniel Strauss, Sunny Marleen, Movetown, Jay Frog, Franky B., Sunset Project, theXfactor &amp; Delude, Mr. Delirous, DeeJane Kim, RBL Allstars, TranceArts, DJ Maikem, D-Rockerz<\/strong><\/p>\n<p>Am 25.06. ist es soweit &#8211; die RUHR-IN-LOVE steht vor der T\u00fcr und es wird vom fr\u00fchen Mittag bis in die Abendstunden gefeiert. Doch wenn sich um 22Uhr die Pforten des OLGA-Parks in Oberhausen schlie\u00dfen ist die Party noch lange nicht vorbei!<\/p>\n<p>Radio Basslover versorgt Euch im Nightstyle-Club im angrenzenden M\u00fclheim an der Ruhr ab 22Uhr mit den besten DJ&#8217;s und Sounds der Szene.\u00a0Und nat\u00fcrlich soll das nicht alles gewesen sein!<\/p>\n<p><span style=\"font-size: 14px;\">Als Special gibt es an diesem Abend jedes Desperados f\u00fcr nur 3,&#8211;\u20ac, jedes Becks Green Lemon f\u00fcr 2,50\u20ac und jeden Wodka-Longdrink f\u00fcr 3,50\u20ac! Karten f\u00fcr dieses Event kosten Euch im Vorverkauf 10,&#8211;\u20ac und an der Abendkasse 12,&#8211;\u20ac.<\/span><br \/>\n<span style=\"font-size: 14px;\">Als besonderen Leckerbissen gibt es nat\u00fcrlich auch noch ein VIP-Ticket, welches ihr zum absoluten Spitzenpreis von nur 50,&#8211;\u20ac ergattern k\u00f6nnt. Selbiges beinhaltet alle Longdrinks, Flaschenbiere und Shots an diesem Abend.<\/span><br \/>\n<span style=\"font-size: 14px;\">Wie immer sorgt Radio Basslover f\u00fcr ein LineUp der Extraklasse und l\u00e4sst Euch auch an diesem Abend nicht im Regen stehen!<\/span><\/p>\n","protected":false},"excerpt":{"rendered":"<p>Als &#8222;Bolzplatz der elektronischen Musikszene&#8220; beschreibt Rebecca Stuffer von der Agentur I-Motion das Festival. Der Veranstalter koordiniert zwar Ruhr-in-Love, kontrolliert es aber nicht. Die Floors werden von \u00fcber 70 Partnern v\u00f6llig autark gestaltet. &#8222;Alle sind mit Leidenschaft, Idealismus und Herzblut dabei, stellen ein LineUp auf die Beine und trommeln ihre [&hellip;]<\/p>\n","protected":false},"author":1,"featured_media":0,"parent":265,"menu_order":0,"comment_status":"closed","ping_status":"closed","template":"","meta":{"_crdt_document":"","_monsterinsights_skip_tracking":false,"_monsterinsights_sitenote_active":false,"_monsterinsights_sitenote_note":"","_monsterinsights_sitenote_category":0,"footnotes":""},"class_list":["post-814","page","type-page","status-publish","hentry"],"aioseo_notices":[],"_links":{"self":[{"href":"https:\/\/basslover.de\/index.php\/wp-json\/wp\/v2\/pages\/814","targetHints":{"allow":["GET"]}}],"collection":[{"href":"https:\/\/basslover.de\/index.php\/wp-json\/wp\/v2\/pages"}],"about":[{"href":"https:\/\/basslover.de\/index.php\/wp-json\/wp\/v2\/types\/page"}],"author":[{"embeddable":true,"href":"https:\/\/basslover.de\/index.php\/wp-json\/wp\/v2\/users\/1"}],"replies":[{"embeddable":true,"href":"https:\/\/basslover.de\/index.php\/wp-json\/wp\/v2\/comments?post=814"}],"version-history":[{"count":3,"href":"https:\/\/basslover.de\/index.php\/wp-json\/wp\/v2\/pages\/814\/revisions"}],"predecessor-version":[{"id":817,"href":"https:\/\/basslover.de\/index.php\/wp-json\/wp\/v2\/pages\/814\/revisions\/817"}],"up":[{"embeddable":true,"href":"https:\/\/basslover.de\/index.php\/wp-json\/wp\/v2\/pages\/265"}],"wp:attachment":[{"href":"https:\/\/basslover.de\/index.php\/wp-json\/wp\/v2\/media?parent=814"}],"curies":[{"name":"wp","href":"https:\/\/api.w.org\/{rel}","templated":true}]}}