{"id":800,"date":"2025-03-27T18:25:53","date_gmt":"2025-03-27T17:25:53","guid":{"rendered":"https:\/\/basslover.de\/?page_id=800"},"modified":"2025-03-27T18:32:07","modified_gmt":"2025-03-27T17:32:07","slug":"ruhr-in-love-2013-warmup-radioshow-21-06-24-06-2013","status":"publish","type":"page","link":"https:\/\/basslover.de\/index.php\/rbl-ruhr-in-love-videos-2010-2016\/ruhr-in-love-2013-warmup-radioshow-21-06-24-06-2013\/","title":{"rendered":"Ruhr in Love 2013 Warmup Radioshow (21.06-24.06.2013)"},"content":{"rendered":"<p><span class=\"fsl\"><img loading=\"lazy\" decoding=\"async\" class=\" wp-image-801 alignright\" src=\"https:\/\/basslover.de\/wp-content\/uploads\/2025\/03\/RBLruhrWarmUp2013.jpg\" alt=\"\" width=\"358\" height=\"505\" srcset=\"https:\/\/basslover.de\/wp-content\/uploads\/2025\/03\/RBLruhrWarmUp2013.jpg 532w, https:\/\/basslover.de\/wp-content\/uploads\/2025\/03\/RBLruhrWarmUp2013-370x522.jpg 370w\" sizes=\"auto, (max-width: 358px) 100vw, 358px\" \/>Die \u2665 <strong>Ruhr in Love<\/strong> \u2665, das elektronische Familienfest, ist das gr\u00f6\u00dfte Open Air Event in Nordrhein-Westfalen.\u00a0<span class=\"text_exposed_show\">Jedes Jahr im Sommer ist der Olga-Park in Oberhausen, mittlerweile im elften Jahr, im Ausnahmezustand.<br \/>\nNamhafte DJs und Live-Acts der Techno-, Trance- und House-Szene werden die Sounds und fetten Beats aus den Boxen scheppern lassen. <\/span><\/span><\/p>\n<p><span class=\"fsl\"><span class=\"text_exposed_show\">Die 44.000 Partybegeisterten, tanzw\u00fctigen Leute werden magisch von den 38 bunt dekorierten Floors angezogen. Freude, Begeisterung und famili\u00e4re Partystimmung sind bei diesem Event absolut sp\u00fcrbar.<\/span><\/span><\/p>\n<p>Um die Spannung und das Warten zu verk\u00fcrzen, wird Radio Basslover das Wochenende vor der Ruhr in Love 2013 ein Special veranstalten. 3 Tage lang bieten wir Euch ein Warm-Up auf dieses Massen-Event. Mit dem Sonder-Special von Radio Basslover wollen wir Euch das Highlight, Ruhr in Love 2013, schmackhaft machen und haben keine Kosten und M\u00fchen gescheut, um Euch an diesem Wochenende ein Hammer-Line-Up pr\u00e4sentieren zu k\u00f6nnen.<\/p>\n<p>\u2665Hier unser komplettes <strong>Gast DJ Lineup:<\/strong>\u2665<\/p>\n<p><span style=\"font-size: 12px;\">\u25cf Dr. Motte &amp; Superstrobe <\/span><span style=\"font-size: 12px;\">\u25cf Brooklyn Bounce DJ <\/span><span style=\"font-size: 12px;\">\u25cf Tomcraft <\/span><span style=\"font-size: 12px;\">\u25cf Niels van Gogh <\/span><span style=\"font-size: 12px;\">\u25cf Megara vs DJ Lee <\/span><span style=\"font-size: 12px;\">\u25cf Serenity&amp;Spyer <\/span><span style=\"font-size: 12px;\">\u25cf Boogie Pimps <\/span><span style=\"font-size: 12px;\">\u25cf Blutonium Boy<\/span><br \/>\n<span style=\"font-size: 12px;\">\u25cf DERB <\/span><span style=\"font-size: 12px;\">\u25cf Ostfunk (Kanzler &amp; Wischnewski and more) <\/span><span style=\"font-size: 12px;\">\u25cf Sunny Marleen <\/span><span style=\"font-size: 12px;\">\u25cf DJ DEAN <\/span><span style=\"font-size: 12px;\">\u25cf Dj Taucher <\/span><span style=\"font-size: 12px;\">\u25cf Sequenzam<\/span><span style=\"font-size: 12px;\">\u25cf Andrew Spencer <\/span><span style=\"font-size: 12px;\">\u25cf Ronny Rockstroh<\/span><br \/>\n<span style=\"font-size: 12px;\">\u25cf Enerdizer &amp; Melanie Hoffmann <\/span><span style=\"font-size: 12px;\">\u25cf Benjamin Zane <\/span><span style=\"font-size: 12px;\">\u25cf Ren\u00e9 de la Mone <\/span><span style=\"font-size: 12px;\">\u25cf Beagle &amp; Miss NightKat <\/span><span style=\"font-size: 12px;\">\u25cf Rob Miloo (Donnersong) <\/span><span style=\"font-size: 12px;\">\u25cf DJ Eternity &amp; VinceT Projekt<\/span><br \/>\n<span style=\"font-size: 12px;\">\u25cf Roland Kenzo <\/span><span style=\"font-size: 12px;\">\u25cf Mr.Gof <\/span><span style=\"font-size: 12px;\">\u25cf Kenny Laakkinen <\/span><span style=\"font-size: 12px;\">\u25cf Steve X <\/span><span style=\"font-size: 12px;\">\u25cf Coco Fay <\/span><span style=\"font-size: 12px;\">\u25cf Wavepuntcher <\/span><span style=\"font-size: 12px;\">\u25cf DJ Snapy <\/span><span style=\"font-size: 12px;\">\u25cf DJ Maniac <\/span><span style=\"font-size: 12px;\">\u25cf Moore &amp; Navaro <\/span><span style=\"font-size: 12px;\">\u25cf Gino Volkmann <\/span><span style=\"font-size: 12px;\">\u25cf Ronzka<\/span><br \/>\n<span style=\"font-size: 12px;\">\u25cf Mario Detroit (Area 52) <\/span><span style=\"font-size: 12px;\">\u25cf Deejay Bluehouse<\/span> <span style=\"font-size: 12px;\">\u25cf Schlimm und Schlimmer Crew <\/span><span style=\"font-size: 12px;\">\u25cf D-Mexx (RBL Allstars) <\/span><span style=\"font-size: 12px;\">\u25cf Keltor (RBL Allstars)<\/span> <span style=\"font-size: 12px;\">\u25cf Gis.mo (RBL Allstars)<\/span> <span style=\"font-size: 12px;\">\u25cf NanoCore (RBL Allstars)<\/span> <span style=\"font-size: 12px;\">\u25cf D-Rockerz Vs NoCi (RBL Allstars) <\/span><span style=\"font-size: 12px;\">\u25cf Deejay Mackx (RBL Allstars) <\/span><span style=\"font-size: 12px;\">\u25cf DJ Density (RBL Allstars) <\/span><span style=\"font-size: 12px;\">\u25cf DJ Eternity &amp; Vince T Projekt <\/span><span style=\"font-size: 12px;\">\u25cf BazzTunerZ (RBL Allstars) <\/span><span style=\"font-size: 12px;\">\u25cf Jay (RBL Allstars)<\/span> <span style=\"font-size: 12px;\">\u25cf Speedrunner (RBL Allstars) <\/span><span style=\"font-size: 12px;\">\u25cf and more&#8230;.<\/span><\/p>\n<p><strong>RUHR IN LOVE 2013 &#8211;FLOOR&#8211;<\/strong><br \/>\n<a href=\"https:\/\/www.facebook.com\/events\/311810898930652\/\" target=\"_blank\" rel=\"nofollow noopener\">https:\/\/www.facebook.com\/events\/311810898930652\/<\/a><br \/>\n<strong>RUHR IN LOVE 2013 &#8211;AFTERHOUR&#8211;<\/strong><br \/>\n<a href=\"https:\/\/www.facebook.com\/events\/468802659832092\/\" target=\"_blank\" rel=\"nofollow noopener\">https:\/\/www.facebook.com\/events\/468802659832092\/<\/a><br \/>\nAlle Infos siehe\u00a0<a href=\"http:\/\/www.basslover.de\/\" target=\"_blank\" rel=\"nofollow nofollow noopener\">www.basslover.de<\/a><\/p>\n","protected":false},"excerpt":{"rendered":"<p>Die \u2665 Ruhr in Love \u2665, das elektronische Familienfest, ist das gr\u00f6\u00dfte Open Air Event in Nordrhein-Westfalen.\u00a0Jedes Jahr im Sommer ist der Olga-Park in Oberhausen, mittlerweile im elften Jahr, im Ausnahmezustand. Namhafte DJs und Live-Acts der Techno-, Trance- und House-Szene werden die Sounds und fetten Beats aus den Boxen scheppern [&hellip;]<\/p>\n","protected":false},"author":1,"featured_media":0,"parent":265,"menu_order":0,"comment_status":"closed","ping_status":"closed","template":"","meta":{"_crdt_document":"","_monsterinsights_skip_tracking":false,"_monsterinsights_sitenote_active":false,"_monsterinsights_sitenote_note":"","_monsterinsights_sitenote_category":0,"footnotes":""},"class_list":["post-800","page","type-page","status-publish","hentry"],"aioseo_notices":[],"_links":{"self":[{"href":"https:\/\/basslover.de\/index.php\/wp-json\/wp\/v2\/pages\/800","targetHints":{"allow":["GET"]}}],"collection":[{"href":"https:\/\/basslover.de\/index.php\/wp-json\/wp\/v2\/pages"}],"about":[{"href":"https:\/\/basslover.de\/index.php\/wp-json\/wp\/v2\/types\/page"}],"author":[{"embeddable":true,"href":"https:\/\/basslover.de\/index.php\/wp-json\/wp\/v2\/users\/1"}],"replies":[{"embeddable":true,"href":"https:\/\/basslover.de\/index.php\/wp-json\/wp\/v2\/comments?post=800"}],"version-history":[{"count":5,"href":"https:\/\/basslover.de\/index.php\/wp-json\/wp\/v2\/pages\/800\/revisions"}],"predecessor-version":[{"id":803,"href":"https:\/\/basslover.de\/index.php\/wp-json\/wp\/v2\/pages\/800\/revisions\/803"}],"up":[{"embeddable":true,"href":"https:\/\/basslover.de\/index.php\/wp-json\/wp\/v2\/pages\/265"}],"wp:attachment":[{"href":"https:\/\/basslover.de\/index.php\/wp-json\/wp\/v2\/media?parent=800"}],"curies":[{"name":"wp","href":"https:\/\/api.w.org\/{rel}","templated":true}]}}