{"id":770,"date":"2025-03-27T17:04:17","date_gmt":"2025-03-27T16:04:17","guid":{"rendered":"https:\/\/basslover.de\/?page_id=770"},"modified":"2025-03-27T17:37:21","modified_gmt":"2025-03-27T16:37:21","slug":"ruhr-in-love-2015-basslover-floor","status":"publish","type":"page","link":"https:\/\/basslover.de\/index.php\/rbl-ruhr-in-love-videos-2010-2016\/ruhr-in-love-2015-basslover-floor\/","title":{"rendered":"Ruhr in Love 2015 \u2013 Basslover Floor"},"content":{"rendered":"<div class=\"xdj266r x11i5rnm xat24cr x1mh8g0r x1vvkbs\"><strong><span style=\"font-size: 24px;\"><span class=\"xt0psk2\">Ruhr-in-Love<\/span> 2015 Basslover Floor<\/span><img loading=\"lazy\" decoding=\"async\" class=\" wp-image-771 alignright\" src=\"https:\/\/basslover.de\/wp-content\/uploads\/2025\/03\/242-535x756.png\" alt=\"\" width=\"375\" height=\"530\" srcset=\"https:\/\/basslover.de\/wp-content\/uploads\/2025\/03\/242-535x756.png 535w, https:\/\/basslover.de\/wp-content\/uploads\/2025\/03\/242-370x523.png 370w, https:\/\/basslover.de\/wp-content\/uploads\/2025\/03\/242.png 679w\" sizes=\"auto, (max-width: 375px) 100vw, 375px\" \/><\/strong><br class=\"html-br\" \/>Wir\u00a0<strong>Basslover<\/strong>\u00a0f\u00fchren Dich an einen Ort der Liebe\u2026 Basslover pr\u00e4sentiert sich zum 6. Mal bei Ruhr-in-Love mit den besten Styles der elektronischen Musik-Szene. Soundsymbiose + RBL ergibt harmonische Kl\u00e4nge &amp; donnernde B\u00e4sse, die Party-Spa\u00df-Garantie der Superlative. Tanz Dich mit uns in Ekstase und erlebe RBL hautnah.<\/div>\n<div class=\"xdj266r x11i5rnm xat24cr x1mh8g0r x1vvkbs\"><span style=\"font-size: 20px;\"><strong>LINEUP:<\/strong><\/span><br class=\"html-br\" \/><strong>\u00bb\u00a0<a class=\"x1i10hfl xjbqb8w x1ejq31n xd10rxx x1sy0etr x17r0tee x972fbf xcfux6l x1qhh985 xm0m39n x9f619 x1ypdohk xt0psk2 xe8uvvx xdj266r x11i5rnm xat24cr x1mh8g0r xexx8yu x4uap5 x18d9i69 xkhd6sd x16tdsg8 x1hl2dhg xggy1nq x1a2a7pz xkrqix3 x1sur9pj xzsf02u x1s688f\" tabindex=\"0\" role=\"link\" href=\"https:\/\/www.facebook.com\/DjSunnyMarleen?__cft__[0]=AZWQi4FYUGQhGZFmBuCOD0koEK3qy-LSE5BC4NEfvNu6GsIkaMLEAw5nzjtkvunSjg1Eir6RGhNot6PNNaEmn0fGiHdJV7jvIAeP50shBnkPM3FogR5sDTjHBIorrnSGM57JEJ_BbscGZHHV_1O-VoUP&amp;__tn__=q\"><span class=\"xt0psk2\"><span class=\"xjp7ctv\">Sunny Marleen<\/span><\/span><\/a><\/strong><br class=\"html-br\" \/><strong>\u00bb Andree Wischnewski (Ostfunk)<\/strong><br class=\"html-br\" \/><strong>\u00bb DERB aka Kai Winter<\/strong><br class=\"html-br\" \/><strong>\u00bb DDei&amp;Estate<\/strong><br class=\"html-br\" \/><strong>\u00bb DJ F.R.O.G.<\/strong><br class=\"html-br\" \/><strong>\u00bb\u00a0<a class=\"x1i10hfl xjbqb8w x1ejq31n xd10rxx x1sy0etr x17r0tee x972fbf xcfux6l x1qhh985 xm0m39n x9f619 x1ypdohk xt0psk2 xe8uvvx xdj266r x11i5rnm xat24cr x1mh8g0r xexx8yu x4uap5 x18d9i69 xkhd6sd x16tdsg8 x1hl2dhg xggy1nq x1a2a7pz xkrqix3 x1sur9pj xzsf02u x1s688f\" tabindex=\"0\" role=\"link\" href=\"https:\/\/www.facebook.com\/Radio0Basslover?__cft__[0]=AZWQi4FYUGQhGZFmBuCOD0koEK3qy-LSE5BC4NEfvNu6GsIkaMLEAw5nzjtkvunSjg1Eir6RGhNot6PNNaEmn0fGiHdJV7jvIAeP50shBnkPM3FogR5sDTjHBIorrnSGM57JEJ_BbscGZHHV_1O-VoUP&amp;__tn__=q\"><span class=\"xt0psk2\"><span class=\"xjp7ctv\">RBL Allstars<\/span><\/span><\/a><\/strong><br class=\"html-br\" \/><strong>\u00bb\u00a0<a class=\"x1i10hfl xjbqb8w x1ejq31n xd10rxx x1sy0etr x17r0tee x972fbf xcfux6l x1qhh985 xm0m39n x9f619 x1ypdohk xt0psk2 xe8uvvx xdj266r x11i5rnm xat24cr x1mh8g0r xexx8yu x4uap5 x18d9i69 xkhd6sd x16tdsg8 x1hl2dhg xggy1nq x1a2a7pz xkrqix3 x1sur9pj xzsf02u x1s688f\" tabindex=\"0\" role=\"link\" href=\"https:\/\/www.facebook.com\/djdrockerz?__cft__[0]=AZWQi4FYUGQhGZFmBuCOD0koEK3qy-LSE5BC4NEfvNu6GsIkaMLEAw5nzjtkvunSjg1Eir6RGhNot6PNNaEmn0fGiHdJV7jvIAeP50shBnkPM3FogR5sDTjHBIorrnSGM57JEJ_BbscGZHHV_1O-VoUP&amp;__tn__=q\"><span class=\"xt0psk2\"><span class=\"xjp7ctv\">D-Rockerz<\/span><\/span><\/a><\/strong><br class=\"html-br\" \/><strong>\u00bb The NoCi<\/strong><br class=\"html-br\" \/><strong>\u00bb DJ Eternity<\/strong><br class=\"html-br\" \/><strong>\u00bb DJ Struwe (Dynamic Two)<\/strong><br class=\"html-br\" \/><strong>\u00bb Steffy de Martines (Dynamic Two)<\/strong><br class=\"html-br\" \/><strong>\u00bb Dj D-Borne<\/strong><br class=\"html-br\" \/><strong>\u00bb D-Therapy<\/strong><br class=\"html-br\" \/><strong>\u00bb\u00a0<a class=\"x1i10hfl xjbqb8w x1ejq31n xd10rxx x1sy0etr x17r0tee x972fbf xcfux6l x1qhh985 xm0m39n x9f619 x1ypdohk xt0psk2 xe8uvvx xdj266r x11i5rnm xat24cr x1mh8g0r xexx8yu x4uap5 x18d9i69 xkhd6sd x16tdsg8 x1hl2dhg xggy1nq x1a2a7pz xkrqix3 x1sur9pj xzsf02u x1s688f\" tabindex=\"0\" role=\"link\" href=\"https:\/\/www.facebook.com\/DJSAGLI?__cft__[0]=AZWQi4FYUGQhGZFmBuCOD0koEK3qy-LSE5BC4NEfvNu6GsIkaMLEAw5nzjtkvunSjg1Eir6RGhNot6PNNaEmn0fGiHdJV7jvIAeP50shBnkPM3FogR5sDTjHBIorrnSGM57JEJ_BbscGZHHV_1O-VoUP&amp;__tn__=q\"><span class=\"xt0psk2\"><span class=\"xjp7ctv\">SAGLI<\/span><\/span><\/a><\/strong><br class=\"html-br\" \/><strong>\u00bb DFM<\/strong><br class=\"html-br\" \/><strong>\u00bb T-Shock<\/strong><br class=\"html-br\" \/>\u00bb \u00bb \u00bb \u00bb \u00bb \u00bb \u00bb \u00bb \u00bb \u00bb \u00bb \u00bb \u00bb \u00bb \u00bb \u00bb \u00bb \u00bb \u00bb \u00bb \u00bb \u00bb \u00bb \u00bb \u00bb \u00bb \u00bb \u00bb \u00bb<br class=\"html-br\" \/>dieses Jahr gibt es mehr Basslover f\u00fcr Euch \u30c4<br class=\"html-br\" \/>f\u00fcr 2015 haben wir uns mal ein ganz ungewohntes Lineup f\u00fcr Euch einfallen lassen. Weniger Stars daf\u00fcr mehr\u00a0<a class=\"x1i10hfl xjbqb8w x1ejq31n xd10rxx x1sy0etr x17r0tee x972fbf xcfux6l x1qhh985 xm0m39n x9f619 x1ypdohk xt0psk2 xe8uvvx xdj266r x11i5rnm xat24cr x1mh8g0r xexx8yu x4uap5 x18d9i69 xkhd6sd x16tdsg8 x1hl2dhg xggy1nq x1a2a7pz xkrqix3 x1sur9pj xzsf02u x1s688f\" tabindex=\"0\" role=\"link\" href=\"https:\/\/www.facebook.com\/RadioBasslover?__cft__[0]=AZWQi4FYUGQhGZFmBuCOD0koEK3qy-LSE5BC4NEfvNu6GsIkaMLEAw5nzjtkvunSjg1Eir6RGhNot6PNNaEmn0fGiHdJV7jvIAeP50shBnkPM3FogR5sDTjHBIorrnSGM57JEJ_BbscGZHHV_1O-VoUP&amp;__tn__=q\"><span class=\"xt0psk2\"><span class=\"xjp7ctv\">Radio Basslover<\/span><\/span><\/a>\u00a0\u30c4<\/div>\n<div class=\"x11i5rnm xat24cr x1mh8g0r x1vvkbs xtlvy1s\">ALLE INFORMATIONEN unter:<br class=\"html-br\" \/><a class=\"x1i10hfl xjbqb8w x1ejq31n xd10rxx x1sy0etr x17r0tee x972fbf xcfux6l x1qhh985 xm0m39n x9f619 x1ypdohk xt0psk2 xe8uvvx xdj266r x11i5rnm xat24cr x1mh8g0r xexx8yu x4uap5 x18d9i69 xkhd6sd x16tdsg8 x1hl2dhg xggy1nq x1a2a7pz xkrqix3 x1sur9pj x1fey0fg x1s688f\" tabindex=\"0\" role=\"link\" href=\"https:\/\/l.facebook.com\/l.php?u=http%3A%2F%2Fwww.basslover.de%2F%3Ffbclid%3DIwZXh0bgNhZW0CMTAAAR1bVgP_6EKuGih3JD_Q7X6lGj8IeZe0-tzQTTlQzRiwEd6CAursGyYd1IY_aem_znIT3tWaHLAoA7AvQuc7og&amp;h=AT1I4q3yRCZcVs5D5Fu3HCpAZvtqjU8HGznhpd3yYks0YHHExc8dLriSyXTpImYHW3jFruy_1adwlaB8s6ww4cwH1L10vg2R6Y0vjg0VAWSQ3TN3I_5pni3Psu92DshlTRZ-BKh0Ir4aQk_RQr23&amp;__tn__=q&amp;c[0]=AT1tbZYdn0RdTHQNtvufv4dte52YdxuQujv5Yj5Pq6J2fcs03dqUlr1LAcRq_ehChrPO09HQpZ_ZqelHxKOyBDlE19T4CIDUT-GhsFH0hfBrC1ZJn0BB_S_QQSjuntgB9z7GqgADnGeLXaUzBMfK3yQ2r9kzQSwA5VXsdA\" target=\"_blank\" rel=\"nofollow noopener noreferrer\">www.basslover.de<\/a>\u00a0\/\u00a0<a class=\"x1i10hfl xjbqb8w x1ejq31n xd10rxx x1sy0etr x17r0tee x972fbf xcfux6l x1qhh985 xm0m39n x9f619 x1ypdohk xt0psk2 xe8uvvx xdj266r x11i5rnm xat24cr x1mh8g0r xexx8yu x4uap5 x18d9i69 xkhd6sd x16tdsg8 x1hl2dhg xggy1nq x1a2a7pz xkrqix3 x1sur9pj x1fey0fg x1s688f\" tabindex=\"0\" role=\"link\" href=\"https:\/\/l.facebook.com\/l.php?u=http%3A%2F%2Fwww.rblfm.de%2F%3Ffbclid%3DIwZXh0bgNhZW0CMTAAAR2CAfy6HahsqwF0QZxDoJ1XrvM_ZrXcXURMHScZpA05k6iz-UluEP0tL1Q_aem_N8KNhIxc8hAwfoVcP8AYlA&amp;h=AT2a95ML_JkI-z0Q7oDBK6gFOInklWP4jVttB-YuB5ZF04CyQmAvDNWQ_n1yfFQ8_wI-cx9F291DasDHUYYLJIbok-m_nFr0xmNABX2vsRevsVSV_i1bh0DVrO7s7s-a13sTVaYcvb_BWpKDY77q&amp;__tn__=q&amp;c[0]=AT1tbZYdn0RdTHQNtvufv4dte52YdxuQujv5Yj5Pq6J2fcs03dqUlr1LAcRq_ehChrPO09HQpZ_ZqelHxKOyBDlE19T4CIDUT-GhsFH0hfBrC1ZJn0BB_S_QQSjuntgB9z7GqgADnGeLXaUzBMfK3yQ2r9kzQSwA5VXsdA\" target=\"_blank\" rel=\"nofollow noopener noreferrer\">www.rblfm.de<\/a><br class=\"html-br\" \/><a class=\"x1i10hfl xjbqb8w x1ejq31n xd10rxx x1sy0etr x17r0tee x972fbf xcfux6l x1qhh985 xm0m39n x9f619 x1ypdohk xt0psk2 xe8uvvx xdj266r x11i5rnm xat24cr x1mh8g0r xexx8yu x4uap5 x18d9i69 xkhd6sd x16tdsg8 x1hl2dhg xggy1nq x1a2a7pz xkrqix3 x1sur9pj x1fey0fg x1s688f\" tabindex=\"0\" role=\"link\" href=\"https:\/\/l.facebook.com\/l.php?u=http%3A%2F%2Fwww.nature-one.de%2Fveranstaltungen%2Fruhr-in-love%2F%3Ffbclid%3DIwZXh0bgNhZW0CMTAAAR1wrYOaMTnq0SpuC5fy3Mw2umpFGfE5G68Gzi34Qu5Io7rN8pr05_cAgxs_aem_4WodYkczP7_kYm8Gb-Jx-w&amp;h=AT1XCMw58YZ4WBkX5PPpVSnDf744rNw713yKgRtSfZseliYD4ya3fgb3KnkO-KOrEdU4ltL93_AOaxUVckr0suMdZEUI-wVCFtB_FU_frgBq3wcd1_xJ5Muw2QVQqWMSC46G7ljHJDNJib2E9Ehf&amp;__tn__=q&amp;c[0]=AT1tbZYdn0RdTHQNtvufv4dte52YdxuQujv5Yj5Pq6J2fcs03dqUlr1LAcRq_ehChrPO09HQpZ_ZqelHxKOyBDlE19T4CIDUT-GhsFH0hfBrC1ZJn0BB_S_QQSjuntgB9z7GqgADnGeLXaUzBMfK3yQ2r9kzQSwA5VXsdA\" target=\"_blank\" rel=\"nofollow noopener noreferrer\">www.nature-one.de\/veranstaltungen\/ruhr-in-love\/<\/a><br \/>\n<a class=\"x1i10hfl xjbqb8w x1ejq31n xd10rxx x1sy0etr x17r0tee x972fbf xcfux6l x1qhh985 xm0m39n x9f619 x1ypdohk xt0psk2 xe8uvvx xdj266r x11i5rnm xat24cr x1mh8g0r xexx8yu x4uap5 x18d9i69 xkhd6sd x16tdsg8 x1hl2dhg xggy1nq x1a2a7pz xkrqix3 x1sur9pj x1fey0fg x1s688f\" tabindex=\"0\" role=\"link\" href=\"https:\/\/l.facebook.com\/l.php?u=http%3A%2F%2Fwww.nature-one.de%2Fveranstaltungen%2Fruhr-in-love%2F%3Ffbclid%3DIwZXh0bgNhZW0CMTAAAR0V8ax34B-340Mu-yxCf9V0-Cl8HfwLM3bcWaHgs_2qyvU3CBnOKuJbMus_aem_WZLjEU8RHOVlVg9R7vGlNA&amp;h=AT1XCMw58YZ4WBkX5PPpVSnDf744rNw713yKgRtSfZseliYD4ya3fgb3KnkO-KOrEdU4ltL93_AOaxUVckr0suMdZEUI-wVCFtB_FU_frgBq3wcd1_xJ5Muw2QVQqWMSC46G7ljHJDNJib2E9Ehf&amp;__tn__=q&amp;c[0]=AT1tbZYdn0RdTHQNtvufv4dte52YdxuQujv5Yj5Pq6J2fcs03dqUlr1LAcRq_ehChrPO09HQpZ_ZqelHxKOyBDlE19T4CIDUT-GhsFH0hfBrC1ZJn0BB_S_QQSjuntgB9z7GqgADnGeLXaUzBMfK3yQ2r9kzQSwA5VXsdA\" target=\"_blank\" rel=\"nofollow noopener noreferrer\">http:\/\/www.nature-one.de\/veranstaltungen\/ruhr-in-love\/<\/a><\/div>\n<div class=\"x11i5rnm xat24cr x1mh8g0r x1vvkbs xtlvy1s\"><strong>RBL Warmup Show:\u00a0<\/strong><a class=\"x1i10hfl xjbqb8w x1ejq31n xd10rxx x1sy0etr x17r0tee x972fbf xcfux6l x1qhh985 xm0m39n x9f619 x1ypdohk xt0psk2 xe8uvvx xdj266r x11i5rnm xat24cr x1mh8g0r xexx8yu x4uap5 x18d9i69 xkhd6sd x16tdsg8 x1hl2dhg xggy1nq x1a2a7pz xkrqix3 x1sur9pj x1fey0fg x1s688f\" tabindex=\"0\" role=\"link\" href=\"http:\/\/rurl.de\/2DV?fbclid=IwZXh0bgNhZW0CMTAAAR1wrYOaMTnq0SpuC5fy3Mw2umpFGfE5G68Gzi34Qu5Io7rN8pr05_cAgxs_aem_4WodYkczP7_kYm8Gb-Jx-w\" target=\"_blank\" rel=\"nofollow noopener noreferrer\">http:\/\/rurl.de\/2DV<\/a><br class=\"html-br\" \/><strong>RBL Afterhour:<\/strong>\u00a0<a class=\"x1i10hfl xjbqb8w x1ejq31n xd10rxx x1sy0etr x17r0tee x972fbf xcfux6l x1qhh985 xm0m39n x9f619 x1ypdohk xt0psk2 xe8uvvx xdj266r x11i5rnm xat24cr x1mh8g0r xexx8yu x4uap5 x18d9i69 xkhd6sd x16tdsg8 x1hl2dhg xggy1nq x1a2a7pz xkrqix3 x1sur9pj x1fey0fg x1s688f\" tabindex=\"0\" role=\"link\" href=\"http:\/\/rurl.de\/2DU?fbclid=IwZXh0bgNhZW0CMTAAAR1bVgP_6EKuGih3JD_Q7X6lGj8IeZe0-tzQTTlQzRiwEd6CAursGyYd1IY_aem_znIT3tWaHLAoA7AvQuc7og\" target=\"_blank\" rel=\"nofollow noopener noreferrer\">http:\/\/rurl.de\/2DU<\/a><\/div>\n","protected":false},"excerpt":{"rendered":"<p>Ruhr-in-Love 2015 Basslover FloorWir\u00a0Basslover\u00a0f\u00fchren Dich an einen Ort der Liebe\u2026 Basslover pr\u00e4sentiert sich zum 6. Mal bei Ruhr-in-Love mit den besten Styles der elektronischen Musik-Szene. Soundsymbiose + RBL ergibt harmonische Kl\u00e4nge &amp; donnernde B\u00e4sse, die Party-Spa\u00df-Garantie der Superlative. Tanz Dich mit uns in Ekstase und erlebe RBL hautnah. LINEUP:\u00bb\u00a0Sunny Marleen\u00bb [&hellip;]<\/p>\n","protected":false},"author":1,"featured_media":776,"parent":265,"menu_order":0,"comment_status":"closed","ping_status":"closed","template":"","meta":{"_crdt_document":"","_monsterinsights_skip_tracking":false,"_monsterinsights_sitenote_active":false,"_monsterinsights_sitenote_note":"","_monsterinsights_sitenote_category":0,"footnotes":""},"class_list":["post-770","page","type-page","status-publish","has-post-thumbnail","hentry"],"aioseo_notices":[],"_links":{"self":[{"href":"https:\/\/basslover.de\/index.php\/wp-json\/wp\/v2\/pages\/770","targetHints":{"allow":["GET"]}}],"collection":[{"href":"https:\/\/basslover.de\/index.php\/wp-json\/wp\/v2\/pages"}],"about":[{"href":"https:\/\/basslover.de\/index.php\/wp-json\/wp\/v2\/types\/page"}],"author":[{"embeddable":true,"href":"https:\/\/basslover.de\/index.php\/wp-json\/wp\/v2\/users\/1"}],"replies":[{"embeddable":true,"href":"https:\/\/basslover.de\/index.php\/wp-json\/wp\/v2\/comments?post=770"}],"version-history":[{"count":4,"href":"https:\/\/basslover.de\/index.php\/wp-json\/wp\/v2\/pages\/770\/revisions"}],"predecessor-version":[{"id":773,"href":"https:\/\/basslover.de\/index.php\/wp-json\/wp\/v2\/pages\/770\/revisions\/773"}],"up":[{"embeddable":true,"href":"https:\/\/basslover.de\/index.php\/wp-json\/wp\/v2\/pages\/265"}],"wp:featuredmedia":[{"embeddable":true,"href":"https:\/\/basslover.de\/index.php\/wp-json\/wp\/v2\/media\/776"}],"wp:attachment":[{"href":"https:\/\/basslover.de\/index.php\/wp-json\/wp\/v2\/media?parent=770"}],"curies":[{"name":"wp","href":"https:\/\/api.w.org\/{rel}","templated":true}]}}