{"id":68,"date":"2025-02-08T05:41:31","date_gmt":"2025-02-08T05:41:31","guid":{"rendered":"https:\/\/basslover.de\/?page_id=68"},"modified":"2025-02-13T23:44:21","modified_gmt":"2025-02-13T23:44:21","slug":"impressum","status":"publish","type":"page","link":"https:\/\/basslover.de\/index.php\/impressum\/","title":{"rendered":"Impressum"},"content":{"rendered":"<div class=\"accordion__body\">\n<div class=\"accordion__content\">\n<div class=\"chayns-text-editor mode-0\">\n<div>\n<p><img loading=\"lazy\" decoding=\"async\" class=\"wp-image-47 alignleft\" src=\"https:\/\/basslover.de\/wp-content\/uploads\/2025\/02\/bl-logo-mini-300x107.png\" alt=\"\" width=\"266\" height=\"95\" srcset=\"https:\/\/basslover.de\/wp-content\/uploads\/2025\/02\/bl-logo-mini-300x107.png 300w, https:\/\/basslover.de\/wp-content\/uploads\/2025\/02\/bl-logo-mini.png 420w\" sizes=\"auto, (max-width: 266px) 100vw, 266px\" \/><\/p>\n<\/div>\n<\/div>\n<\/div>\n<\/div>\n<div class=\"accordion__body\">\n<div class=\"accordion__content\">\n<div class=\"chayns-text-editor mode-0\">\n<p><span style=\"font-family: 'andale mono', monospace; font-size: 12px;\"><span class=\"chayns__font-size--13px\"><span style=\"font-size: 14px;\"><strong>Basslover<\/strong><\/span> &#8211; Sven Hinze<br \/>\nR\u00f6ntgenstrasse 9<br \/>\n<\/span><\/span><span style=\"font-family: arial, helvetica, sans-serif;\"><span class=\"chayns__font-size--13px\" style=\"font-size: 10pt;\"><span style=\"font-family: 'andale mono', monospace; font-size: 12px;\">10587 Berlin<\/span><\/span><\/span><\/p>\n<p><span style=\"font-family: arial, helvetica, sans-serif;\"><span class=\"chayns__font-size--10px\" style=\"font-size: 8pt; font-family: 'andale mono', monospace;\">Telefon: +49 (0) 30 55577000 <span style=\"color: #808080;\">*<br \/>\n<\/span><\/span><\/span><span style=\"font-family: arial, helvetica, sans-serif;\"><span class=\"chayns__font-size--10px\" style=\"font-size: 10pt;\"><span style=\"font-size: 8pt; font-family: 'andale mono', monospace;\">Fax: \u00a0+49 (0) 30 84850476 <span style=\"color: #808080;\">*<\/span><\/span><br \/>\n<\/span><span class=\"chayns__font-size--9px\" style=\"font-size: 8pt;\">Umsatzsteuer-Identifikationsnummer (nach \u00a727a) Ust.-ID-Nr.: DE 255965683<\/span><\/span><br \/>\n<span class=\"chayns__font-size--8px\" style=\"font-size: 8pt; color: #999999; font-family: arial, helvetica, sans-serif;\">* Geb\u00fchr aus dem dt. Festnetz, Mobilfunkgeb\u00fchr kann ggf. abweichen<\/span><\/p>\n<hr class=\"defaultBorderColor type9 fullWidth\" \/>\n<p><span style=\"font-family: 'andale mono', monospace;\"><strong>Nutzungsbedingungen<\/strong><\/span><br \/>\n<span style=\"font-family: 'courier new', courier, monospace; font-size: 10px;\">Insbesondere d\u00fcrfen Vervielf\u00e4ltigungen oder Nachdruck, weder teilweise noch als Ganzes, auf jeglichem Medium (Aufnahme in Online-Dienste und Internet und Vervielf\u00e4ltigung auf Datentr\u00e4ger wie CD-ROM, DVD-ROM etc.) nur nach vorheriger schriftlicher Zustimmung erfolgen. Einzige Ausnahme sind die zu Werbezwecken extra f\u00fcr Dritte erstellten Streamboxen (Men\u00fcpunkt &#8222;Streambox&#8220;), sowie unsere Werbebanner (Men\u00fcpunkt &#8222;Link Us&#8220;), die ohne vorherige Absprache mit uns auf anderen Webseiten eingef\u00fcgt werden d\u00fcrfen.<\/span><\/p>\n<p><span style=\"font-family: 'andale mono', monospace;\"><strong>Urheber- und Kennzeichenrecht<\/strong><\/span><\/p>\n<div align=\"justify\"><span style=\"font-family: 'courier new', courier, monospace; font-size: 10px;\">Die Betreiber von <strong>Basslover<\/strong>, nachfolgend <strong>RBL<\/strong> genannt, sind bestrebt in allen Publikationen geltende Urheberrechte zu beachten. F\u00fcr die Webseite verwendete Bild-Quellen sind u.a. <a href=\"http:\/\/www.fotolia.de\/partner\/278990\" target=\"_blank\" rel=\"noopener\">Fotolia<\/a>. Lizenznehmer-ID <a href=\"http:\/\/www.fotolia.de\/partner\/278990\" target=\"_blank\" rel=\"noopener\">278990<\/a> und\/oder ID 201126530). Das Copyright f\u00fcr ver\u00f6ffentlichte, von <strong>RBL<\/strong> selbst erstellte Objekte bleibt allein beim Autor der Seiten. Alle auf der Internetangebot genannten Produktnamen, Produktbezeichnungen und Logos, die eingetragene Marken \/ Warenzeichnen darstellen, bleiben Eigentum der jeweiligen Rechtsinhaber. Materialien die einem Copyright Dritter unterliegen, werden gem\u00e4\u00df des jeweiligen Nutzungsrechtes an geeigneter Stelle mit Angabe des Urhebers gekennzeichnet. Falls wir versehentlich bei der Publikation von Text oder Bildmaterial Urheber-, Leistungsschutz- oder Pers\u00f6nlichkeitsrechte verletzt haben sollten, dann bitten wir um einen entsprechenden <a href=\"https:\/\/basslover.de\/kontakt.de.php\">Hinweis<\/a> und der Inhalt wird umgehend von der Seite entfernt.\u00a0<\/span><\/div>\n<div align=\"justify\"><\/div>\n<div align=\"justify\"><span style=\"font-family: 'andale mono', monospace;\"><strong>DJ Profil Angaben und Haftung seitens Basslover<\/strong><\/span><\/div>\n<div align=\"justify\">\n<p><span style=\"font-family: 'courier new', courier, monospace; font-size: 10px;\"><strong><a href=\"https:\/\/www.basslover.de\/\" target=\"_self\">Basslover<\/a><\/strong>-\/RBL\u00fcbernimmt keine Verantwortung, von Fehlinformationen in einem Profile auf <a href=\"https:\/\/www.basslover.de\/\">www.basslover.de<\/a> und deren K\u00fcnstler\/DJ\/Moderator Profile. Jegliche Angaben in einem der genannten Profile, wurden von <strong><a href=\"https:\/\/web.archive.org\/web\/20220127224302\/http:\/\/www.basslover.de\/\" target=\"_self\">Basslover<\/a><\/strong>nur \u00fcbernommen wie vom K\u00fcnstler erhalten. Fehlerhafte Informationen darunter Urheber-Rechtsverletzung sowie falscher Angaben auch im K\u00fcnstlername selbst ist der Profile Inhaber verantwortlich und nicht Basslover.<\/span><\/p>\n<p><span style=\"font-family: 'courier new', courier, monospace; font-size: 10px;\">Die Betreiber von <strong><a href=\"https:\/\/www.basslover.de\/\" target=\"_self\">Basslover<\/a><\/strong>, nachfolgend RBL genannt, sind bestrebt in allen Publikationen geltende Urheberrechte zu beachten, und bei zuwiederhandlungen umgehend zu reagieren. Sollte sich versehentlich bei Publikation von Text, Profile-Angaben (darunter auch K\u00fcnstlername \u00c4hnlichkeiten) oder Bildmaterial Urheber-, Leistungsschutz- oder Pers\u00f6nlichkeitsrechte verletzt haben sollten, dann bitten wir um einen entsprechenden <a href=\"https:\/\/web.archive.org\/web\/20220127224302\/http:\/\/www.basslover.de\/kontakt.de.php\">Hinweis<\/a> wir werden umgehend Schutzma\u00dfnahmen einleiten und deren Seite, Profile Offline nehmen.<\/span><\/p>\n<p><span style=\"font-family: 'courier new', courier, monospace; font-size: 10px;\"><strong><a href=\"https:\/\/www.basslover.de\/\" target=\"_blank\" rel=\"noopener\">Basslover<\/a><\/strong>m\u00f6chten darauf Hinweisen das wir nicht f\u00fcr den Profile-Inhalt eines K\u00fcnstler-\/DJ oder Moderator verantwortlich sind. Die wahrheitsgem\u00e4\u00dfen Angaben unterliegen vollst\u00e4ndig und Verantwortung beim Profile Besitzer.<\/span><\/p>\n<p><span style=\"font-family: 'courier new', courier, monospace; font-size: 10px;\"><em>Jegliche Information werden Basslover wie im Profile hinterlegt sind pers\u00f6nlich vom K\u00fcnstler\/DJ\/Moderator eingesendet und ins Profile \u00fcbernomen. Jegliche Urheber-Verletzungen diesbez\u00fcglich haftet der Profile Inhaber dies gilt auch auf gebuchte Veranstaltungen, der K\u00fcnstler wird stets so namenslich genannt bei einer Veranstaltung sowie der K\u00fcnstler es stets pers\u00f6nlich angegeben hat. Hier gilt bei Verst\u00f6\u00dfe geistigen Eigentums oder Urheberrechtlicher Gesetze und deren Verletzung der genannte DJ daf\u00fcr haftbar und verantwortlich ist, nicht Basslover.<\/em><\/span><\/p>\n<p><span style=\"font-family: 'andale mono', monospace;\"><strong>Radioshow Verantwortung<br \/>\n<\/strong><span style=\"font-size: 10px; font-family: 'courier new', courier, monospace;\">Auch hier gilt das <strong>Basslover<\/strong> nicht verantwortlich ist, f\u00fcr die gespielte Musikwerke im DJ-Set sondern der genannte K\u00fcnstler selbst. <strong>Basslover<\/strong> pr\u00fcft reine Qualit\u00e4t der Tonaufnahme (mp3), seit Gr\u00fcndung &#8222;<strong>Basslover<\/strong>&#8220; weisen wir stets imer darauf hin das nicht ver\u00f6ffentlichte Remixe (Bootlegs) sowie sonstige Urheberschutzverletzung jeglicher Musikwerke untersagt ist. Verst\u00f6\u00dfe dieser Art tr\u00e4gt der K\u00fcnstler\/DJ vollst\u00e4ndig die Verantwortung. Basslover pr\u00fcft rein die Tonaufnahme Qualit\u00e4t.<\/span><\/span><\/p>\n<p><span style=\"font-family: 'courier new', courier, monospace; font-size: 10px;\"><strong><a href=\"https:\/\/www.basslover.de\/\" target=\"_self\">Basslover<\/a><\/strong>ist stets bestrebt in allen Publikationen geltende Urheberrechte stringt zu beachten, sollten Sie versehentlich Inhalte gefunden haben, teilen Sie uns dies bitte umgehend via <a href=\"http:\/\/www.basslover.de\/kontakt.de.php\" target=\"_self\">Kontakt-Formular<\/a> mit.<\/span><\/p>\n<p><span style=\"font-family: 'andale mono', monospace;\"><strong>Haftungshinweis<br \/>\n<\/strong><span style=\"font-size: 10px; font-family: 'courier new', courier, monospace;\"><strong>RBL<\/strong> \u00fcbernimmt keine Garantie daf\u00fcr, dass die auf dieser Webseite bereitgestellten Informationen vollst\u00e4ndig, richtig und in jedem Fall aktuell sind. Dies gilt auch f\u00fcr alle Verbindungen (&#8222;Links&#8220;), auf die diese Webseite direkt oder indirekt verweist. Der Betreiber von <strong>RBL<\/strong> ist f\u00fcr den Inhalt einer Seite, die mit einem solchen Link erreicht wird, nicht verantwortlich. Der Betreiber beh\u00e4lt sich ferner das Recht vor, ohne vorherige Ank\u00fcndigung, \u00c4nderungen, Erg\u00e4nzungen oder L\u00f6schung der bereitgestellten Informationen vorzunehmen.<\/span><\/span><\/p>\n<div align=\"justify\">\n<p><span style=\"font-family: 'courier new', courier, monospace; font-size: 10px;\">F\u00fcr Webseiten Dritter, auf die <strong>RBL<\/strong> durch sogenannte Links verweist, tragen die jeweiligen Anbieter die Verantwortung. RBL ist f\u00fcr den Inhalt solcher Seiten nicht verantwortlich. Desweiteren kann die Webseite von RBL ohne dessen Wissen von anderen Webseiten mittels sogenannter Links angelinkt werden. Wir \u00fcbernehmen keine Verantwortung f\u00fcr Darstellungen, Inhalt oder irgendeine Verbindung zur Parteigliederung des Herausgebers in Webseiten Dritter. F\u00fcr illegale, fehlerhafte oder unvollst\u00e4ndige Inhalte und insbesondere f\u00fcr Sch\u00e4den, die aus der Nutzung oder Nichtnutzung der dargebotenen Informationen resultieren, haftet allein der Anbieter der Seite, auf welche verwiesen wurde, nicht derjenige, der \u00fcber Links auf die jeweilige Ver\u00f6ffentlichung lediglich verweist. Rechtswidrige Inhalte waren zum Zeitpunkt der Linksetzung f\u00fcr uns nicht erkennbar und eine permanente inhaltliche Kontrolle der verlinkten Seiten ist ohne konkrete Anhaltspunkte einer Rechtsverletzung nicht m\u00f6glich noch zumutbar. Bei Bekanntwerden von Rechtsverletzungen werden wir derartige Verlinkungen umgehend von unserer Webseite entfernen.<\/span><\/p>\n<\/div>\n<p><span style=\"font-family: 'andale mono', monospace;\"><strong>Datenschutz<br \/>\n<\/strong><span style=\"font-size: 10px; font-family: 'courier new', courier, monospace;\"><strong>RBL<\/strong> nimmt den Schutz Ihrer pers\u00f6nlichen Daten sehr ernst und h\u00e4lt sich strikt an die Regeln der Datenschutzgesetze. Die Nutzung unserer Webseite ist in der Regel auch ohne Angaben personenbezogener Daten m\u00f6glich. Personenbezogene Daten werden auf dieser Webseite lediglich im technisch notwendigen Umfang und zur Kontaktaufname erhoben. In keinem Fall werden diese erhobenen Daten verkauft oder aus anderen Gr\u00fcnden an Dritte weitergegeben.<br \/>\nDer Nutzung der im Rahmen der Impressumspflicht ver\u00f6ffentlichten Kontaktdaten durch Dritte zur \u00dcbersendung von nicht ausdr\u00fccklich angeforderter Werbung und Informationsmaterialien wird hiermit ausdr\u00fccklich widersprochen. Der Betreiber der Seite beh\u00e4lt sich ausdr\u00fccklich rechtliche Schritte im Falle der unverlangten Zusendung von Werbeinformationen, etwa durch Spam-Emails, vor.<\/span><\/span><\/p>\n<div align=\"justify\">\n<p><span style=\"font-family: 'andale mono', monospace;\"><strong>Verwendung von &#8222;Facebook\/Twitter &#8211; Social Plugins&#8220;<br \/>\n<\/strong><span style=\"font-size: 10px; font-family: 'courier new', courier, monospace;\">Unsere <strong>RBL<\/strong> Webseite verwendet unter anderem Social Plugins, nachfolgend als &#8222;Plugins&#8220; bezeichnet, der Anbieter facebook.com (Facebook Inc., 1601 S. California Ave, Palo Alto, CA 94304 \/ USA) sowie twitter.com (Twitter Inc., 795 Folsom St., Suite 600, San Francisco, CA 94107 \/ USA). Diese Plugins sind erkennbar durch die jeweiligen Anbieterlogos oder mit Zus\u00e4tzen, wie beispielsweise &#8222;Facebook Social Plugin&#8220;, &#8222;Share&#8220; und\/oder &#8222;Gef\u00e4llt mir&#8220;, gekennzeichnet. Genauere Informationen zu diesen Plugins erhalten Sie unter:<\/span><\/span><\/p>\n<p><span style=\"font-family: 'courier new', courier, monospace; font-size: 10px; color: #999999;\"><a style=\"color: #999999;\" href=\"http:\/\/developers.facebook.com\/plugins\">developers.facebook.com\/plugins<\/a><\/span><br \/>\n<span style=\"font-family: 'courier new', courier, monospace; font-size: 10px; color: #999999;\"><a style=\"color: #999999;\" href=\"http:\/\/business.twitter.com\/about\/resources\">business.twitter.com\/about\/resources<\/a><\/span><\/p>\n<p><span style=\"font-family: 'courier new', courier, monospace; font-size: 10px;\">Aus diesem Grund ein Hinweis: Wenn Sie unsere Seiteninhalte aufrufen, auf dem ein solches Plugin eingesetzt wird, so entsteht eine direkte Verbindung mittels Ihres Browsers zu den entsprechenden Servern von Facebook und\/oder Twitter und somit k\u00f6nnen Inhalte von unser Webseite zu Ihrem Mitgliedskonto (Profil) und umgekehrt \u00fcbertragen werden. <strong>RBL<\/strong> als Nutzer hat allerdings keinerlei Einflu\u00df auf den Umfang der \u00fcbermittelten Daten, welche mittels dieser Plugins von den Anbietern erhoben werden. Den Umfang und Zweck der Datenerhebung entnehmen Sie bitte aus den jeweiligen Datenschutzhinweisen des Anbieters, die Sie auf den folgenden Seiten einsehen k\u00f6nnen:<\/span><\/p>\n<p><span style=\"font-family: 'courier new', courier, monospace; font-size: 10px; color: #999999;\"><a style=\"color: #999999;\" href=\"http:\/\/www.facebook.com\/policy.php\">www.facebook.com\/policy.php<\/a><\/span><br \/>\n<span style=\"font-family: 'courier new', courier, monospace; font-size: 10px; color: #999999;\"><a style=\"color: #999999;\" href=\"http:\/\/www.twitter.com\/privacy\">www.twitter.com\/privacy<\/a><\/span><\/p>\n<p><span style=\"font-family: 'courier new', courier, monospace; font-size: 10px;\">Innerhalb der e.g. Seiten erhalten Sie ebenso noch weiterf\u00fchrende Links zu Informationen, Ihren Rechten diesbez\u00fcglich, sowie den Einstellungsm\u00f6glichkeiten zum Schutz Ihrer Privatsph\u00e4re. Wenn Sie als Facebook- und\/oder Twittermitglied nicht w\u00fcnschen, dass solche Daten \u00fcber unsere Webseiten mittels dieser Plugins mit den Daten Ihres Mitgliedskonto eines der Anbieter gesammelt bzw. damit verkn\u00fcpft werden, dann empfehlen wir Ihnen, dass sich vor dem Besuch unserer Webseite aus Ihrem jeweligen Mitgliedskonto ausloggen. Falls Sie kein Mitglied von Facebook oder Twitter sind, besteht trotzdem die M\u00f6glichkeit, dass Ihre IP-Adresse in Erfahrung gebracht wird und seitens der Anbieter gespeichert werden kann.<\/span><\/p>\n<p><span style=\"font-family: 'andale mono', monospace;\"><strong>Datenschutzhinweis Google Analytics<br \/>\n<\/strong><\/span><span style=\"font-family: times new roman, times, serif; font-size: 10pt;\"><span style=\"font-family: 'courier new', courier, monospace; font-size: 10px;\">Diese Website benutzt Google Analytics, einen Webanalysedienst der Google Inc. (Google). Google Analytics verwendet sog. Cookies, Textdateien, die auf Ihrem Computer gespeichert werden und die eine Analyse der Benutzung der Website durch Sie erm\u00f6glicht. Die durch den Cookie erzeugten Informationen \u00fcber Ihre Benutzung dieser Website (einschlie\u00dflich Ihrer IP-Adresse) wird an einen Server von Google in den USA \u00fcbertragen und dort gespeichert. Aus datenschutzrechtlichen Gr\u00fcnden wird Ihre IP-Adresse anoymisiert \u00fcbertragen, d.h. es ist damit kein R\u00fcckschluss auf die einzelnen Benutzer m\u00f6glich! Google wird diese Informationen benutzen, um Ihre Nutzung der Website auszuwerten, um Reports \u00fcber die Websiteaktivit\u00e4ten f\u00fcr die Websitebetreiber zusammenzustellen und um weitere mit der Websitenutzung und der Internetnutzung verbundene Dienstleistungen zu erbringen. Auch wird Google diese Informationen gegebenenfalls an Dritte \u00fcbertragen, sofern dies gesetzlich vorgeschrieben oder soweit Dritte diese Daten im Auftrag von Google verarbeiten. Google wird in keinem Fall Ihre IP-Adresse mit anderen Daten der Google Inc. in Verbindung bringen. Sie k\u00f6nnen die Installation der Cookies durch eine entsprechende Einstellung Ihrer Browser Software verhindern; wir weisen Sie jedoch darauf hin, dass Sie in diesem Fall gegebenenfalls nicht s\u00e4mtliche Funktionen dieser Website voll umf\u00e4nglich nutzen k\u00f6nnen. Durch die Nutzung dieser Website erkl\u00e4ren Sie sich mit der Bearbeitung der \u00fcber Sie erhobenen Daten durch Google in der zuvor beschriebenen Art und Weise und zu dem zuvor benannten Zweck einverstanden.<\/span><br \/>\n<\/span><span style=\"font-size: 8pt; color: #999999;\">\u00a9 2000-2025 by Basslover. Alle Rechte vorbehalten.<\/span><\/p>\n<\/div>\n<\/div>\n<\/div>\n<\/div>\n<\/div>\n","protected":false},"excerpt":{"rendered":"<p>Basslover &#8211; Sven Hinze R\u00f6ntgenstrasse 9 10587 Berlin Telefon: +49 (0) 30 55577000 * Fax: \u00a0+49 (0) 30 84850476 * Umsatzsteuer-Identifikationsnummer (nach \u00a727a) Ust.-ID-Nr.: DE 255965683 * Geb\u00fchr aus dem dt. Festnetz, Mobilfunkgeb\u00fchr kann ggf. abweichen Nutzungsbedingungen Insbesondere d\u00fcrfen Vervielf\u00e4ltigungen oder Nachdruck, weder teilweise noch als Ganzes, auf jeglichem Medium [&hellip;]<\/p>\n","protected":false},"author":1,"featured_media":0,"parent":0,"menu_order":0,"comment_status":"closed","ping_status":"closed","template":"","meta":{"_crdt_document":"","_monsterinsights_skip_tracking":false,"_monsterinsights_sitenote_active":false,"_monsterinsights_sitenote_note":"","_monsterinsights_sitenote_category":0,"footnotes":""},"class_list":["post-68","page","type-page","status-publish","hentry"],"aioseo_notices":[],"_links":{"self":[{"href":"https:\/\/basslover.de\/index.php\/wp-json\/wp\/v2\/pages\/68","targetHints":{"allow":["GET"]}}],"collection":[{"href":"https:\/\/basslover.de\/index.php\/wp-json\/wp\/v2\/pages"}],"about":[{"href":"https:\/\/basslover.de\/index.php\/wp-json\/wp\/v2\/types\/page"}],"author":[{"embeddable":true,"href":"https:\/\/basslover.de\/index.php\/wp-json\/wp\/v2\/users\/1"}],"replies":[{"embeddable":true,"href":"https:\/\/basslover.de\/index.php\/wp-json\/wp\/v2\/comments?post=68"}],"version-history":[{"count":29,"href":"https:\/\/basslover.de\/index.php\/wp-json\/wp\/v2\/pages\/68\/revisions"}],"predecessor-version":[{"id":71,"href":"https:\/\/basslover.de\/index.php\/wp-json\/wp\/v2\/pages\/68\/revisions\/71"}],"wp:attachment":[{"href":"https:\/\/basslover.de\/index.php\/wp-json\/wp\/v2\/media?parent=68"}],"curies":[{"name":"wp","href":"https:\/\/api.w.org\/{rel}","templated":true}]}}