{"id":3,"date":"2025-02-07T04:40:38","date_gmt":"2025-02-07T04:40:38","guid":{"rendered":"https:\/\/basslover.de\/?page_id=3"},"modified":"2025-02-14T00:10:55","modified_gmt":"2025-02-14T00:10:55","slug":"privacy-policy","status":"publish","type":"page","link":"https:\/\/basslover.de\/index.php\/privacy-policy\/","title":{"rendered":"Datenschutz"},"content":{"rendered":"<p><span style=\"font-size: 10pt;\"><\/span><\/p>\r\n<p><span style=\"font-family: arial, helvetica, sans-serif; font-size: 10px;\">RBL nimmt den Schutz Ihrer pers\u00f6nlichen Daten sehr ernst und h\u00e4lt sich strikt an die Regeln der Datenschutzgesetze. Die Nutzung unserer Webseite ist in der Regel auch ohne Angaben personenbezogener Daten m\u00f6glich. Personenbezogene Daten werden auf dieser Webseite lediglich im technisch notwendigen Umfang und zur Kontaktaufnahme erhoben. In keinem Fall werden diese erhobenen Daten verkauft oder aus anderen Gr\u00fcnden an Dritte weitergegeben.<\/span><br \/><span style=\"font-family: arial, helvetica, sans-serif; font-size: 10px;\">Der Nutzung der im Rahmen der Impressumspflicht ver\u00f6ffentlichten Kontaktdaten durch Dritte zur \u00dcbersendung von nicht ausdr\u00fccklich angeforderter Werbung und Informationsmaterialien wird hiermit ausdr\u00fccklich widersprochen. Der Betreiber der Seite beh\u00e4lt sich ausdr\u00fccklich rechtliche Schritte im Falle der unverlangten Zusendung von Werbeinformationen, etwa durch Spam-E-Mails, vor.<\/span><br \/><span style=\"font-size: 10pt; font-family: arial, helvetica, sans-serif;\"><strong>Verwendung von &#8222;Facebook\/Twitter &#8211; Social Plugins&#8220;<br \/><\/strong><\/span><span style=\"font-size: 10px; font-family: arial, helvetica, sans-serif;\">Unsere RBL Webseite verwendet unter anderem Social Plugins, nachfolgend als &#8222;Plugins&#8220; bezeichnet, der Anbieter facebook.com (Facebook Inc., 1601 S. California Ave, Palo Alto, CA 94304 \/ USA) sowie twitter.com (Twitter Inc., 795 Folsom St., Suite 600, San Francisco, CA 94107 \/ USA). Diese Plugins sind erkennbar durch die jeweiligen Anbieterlogos oder mit Zus\u00e4tzen, wie beispielsweise &#8222;Facebook Social Plugin&#8220;, &#8222;Share&#8220; und\/oder &#8222;Gef\u00e4llt mir&#8220;, gekennzeichnet. Genauere Informationen zu diesen Plugins erhalten Sie unter:<\/span><br \/><span style=\"font-size: 10px; font-family: arial, helvetica, sans-serif; color: #999999;\"><a style=\"color: #999999;\" href=\"http:\/\/developers.facebook.com\/plugins\">developers.facebook.com\/plugins<\/a><\/span><br \/><span style=\"font-size: 10px; font-family: arial, helvetica, sans-serif;\"><a href=\"http:\/\/business.twitter.com\/about\/resources\"><span style=\"color: #999999;\">business.twitter.com\/about\/resources<\/span><\/a><\/span><br \/><span style=\"font-size: 10px; font-family: arial, helvetica, sans-serif;\">Aus diesem Grund ein Hinweis: Wenn Sie unsere Seiteninhalte aufrufen, auf dem ein solches Plugin eingesetzt wird, so entsteht eine direkte Verbindung mittels Ihres Browsers zu den entsprechenden Servern von Facebook und\/oder Twitter und somit k\u00f6nnen Inhalte von unser Webseite zu Ihrem Mitgliedskonto (Profil) und umgekehrt \u00fcbertragen werden. RBL als Nutzer hat allerdings keinerlei Einflu\u00df auf den Umfang der \u00fcbermittelten Daten, welche mittels dieser Plugins von den Anbietern erhoben werden. Den Umfang und Zweck der Datenerhebung entnehmen Sie bitte aus den jeweiligen Datenschutzhinweisen des Anbieters, die Sie auf den folgenden Seiten einsehen k\u00f6nnen:<\/span><br \/><span style=\"font-size: 10px; font-family: arial, helvetica, sans-serif; color: #999999;\"><a style=\"color: #999999;\" href=\"https:\/\/web.archive.org\/web\/20220127224302\/http:\/\/www.facebook.com\/policy.php\">www.facebook.com\/policy.php<\/a> <\/span><br \/><span style=\"font-size: 10px; font-family: arial, helvetica, sans-serif;\"><a href=\"https:\/\/web.archive.org\/web\/20220127224302\/http:\/\/www.twitter.com\/privacy\"><span style=\"color: #999999;\">www.twitter.com\/privacy<\/span><\/a><\/span><br \/><span style=\"font-size: 10px; font-family: arial, helvetica, sans-serif;\">Innerhalb der e.g. Seiten erhalten Sie ebenso noch weiterf\u00fchrende Links zu Informationen, Ihren Rechten diesbez\u00fcglich, sowie den Einstellungsm\u00f6glichkeiten zum Schutz Ihrer Privatsph\u00e4re. Wenn Sie als Facebook- und\/oder Twittermitglied nicht w\u00fcnschen, dass solche Daten \u00fcber unsere Webseiten mittels dieser Plugins mit den Daten Ihres Mitgliedskonto eines der Anbieter gesammelt bzw. damit verkn\u00fcpft werden, dann empfehlen wir Ihnen, dass sich vor dem Besuch unserer Webseite aus Ihrem jeweligen Mitgliedskonto ausloggen. Falls Sie kein Mitglied von Facebook oder Twitter sind, besteht trotzdem die M\u00f6glichkeit, dass Ihre IP-Adresse in Erfahrung gebracht wird und seitens der Anbieter gespeichert werden kann.<\/span><br \/><br \/><span style=\"font-size: 10pt; font-family: arial, helvetica, sans-serif;\"><strong>Datenschutzhinweis Google Analytics<\/strong><\/span><br \/><span style=\"font-size: 10px; font-family: arial, helvetica, sans-serif;\">Diese Website benutzt Google Analytics, einen Webanalysedienst der Google Inc. (Google). Google Analytics verwendet sog. Cookies, Textdateien, die auf Ihrem Computer gespeichert werden und die eine Analyse der Benutzung der Website durch Sie erm\u00f6glicht. Die durch den Cookie erzeugten Informationen \u00fcber Ihre Benutzung dieser Website (einschlie\u00dflich Ihrer IP-Adresse) wird an einen Server von Google in den USA \u00fcbertragen und dort gespeichert. Aus datenschutzrechtlichen Gr\u00fcnden wird Ihre IP-Adresse anoymisiert \u00fcbertragen, d.h. es ist damit kein R\u00fcckschluss auf die einzelnen Benutzer m\u00f6glich! Google wird diese Informationen benutzen, um Ihre Nutzung der Website auszuwerten, um Reports \u00fcber die Websiteaktivit\u00e4ten f\u00fcr die Websitebetreiber zusammenzustellen und um weitere mit der Websitenutzung und der Internetnutzung verbundene Dienstleistungen zu erbringen. Auch wird Google diese Informationen gegebenenfalls an Dritte \u00fcbertragen, sofern dies gesetzlich vorgeschrieben oder soweit Dritte diese Daten im Auftrag von Google verarbeiten. Google wird in keinem Fall Ihre IP-Adresse mit anderen Daten der Google Inc. in Verbindung bringen. Sie k\u00f6nnen die Installation der Cookies durch eine entsprechende Einstellung Ihrer Browser Software verhindern; wir weisen Sie jedoch darauf hin, dass Sie in diesem Fall gegebenenfalls nicht s\u00e4mtliche Funktionen dieser Website voll umf\u00e4nglich nutzen k\u00f6nnen. Durch die Nutzung dieser Website erkl\u00e4ren Sie sich mit der Bearbeitung der \u00fcber Sie erhobenen Daten durch Google in der zuvor beschriebenen Art und Weise und zu dem zuvor benannten Zweck einverstanden.<\/span><\/p>\r\n<p><span style=\"font-size: 10pt; font-family: arial, helvetica, sans-serif;\">\r\n\r\n<\/span><\/p>\r\n<p><span style=\"font-family: arial, helvetica, sans-serif; font-size: 12pt;\"><strong>Media<br \/><\/strong><span style=\"font-size: 10px;\">Suggested text: If you upload images to the website, you should avoid uploading images with embedded location data (EXIF GPS) included. Visitors to the website can download and extract any location data from images on the website.<\/span><\/span><\/p>\r\n<p><span style=\"font-size: 14px; font-family: arial, helvetica, sans-serif;\"><strong>Kontaktformular<\/strong><\/span><br \/><span style=\"font-size: 10px;\">Per Kontaktformular \u00fcbermittelte Daten werden einschlie\u00dflich Ihrer Kontaktdaten gespeichert, um Ihre Anfrage bearbeiten zu k\u00f6nnen oder um f\u00fcr Anschluss Fragen bereitzustehen. Eine Weitergabe dieser Daten findet ohne Ihre Einwilligung nicht statt.\u00a0<\/span><span style=\"font-size: 10px;\">Die Verarbeitung der in das Kontaktformular eingegebenen Daten erfolgt ausschlie\u00dflich auf Grundlage Ihrer Einwilligung (Art. 6 Abs. 1 lit. a DSGVO). Ein Widerruf Ihrer bereits erteilten Einwilligung ist jederzeit m\u00f6glich. F\u00fcr den Widerruf gen\u00fcgt eine formlose Mitteilung per E-Mail. <br \/>Die Rechtm\u00e4\u00dfigkeit der bis zum Widerruf erfolgten Datenverarbeitungsvorg\u00e4nge bleibt vom Widerruf unber\u00fchrt.\u00a0<\/span><span style=\"font-size: 10px;\">\u00dcber das Kontaktformular \u00fcbermittelte Daten verbleiben bei uns, bis Sie uns zur L\u00f6schung auffordern, Ihre Einwilligung zur Speicherung widerrufen oder keine Notwendigkeit der Datenspeicherung mehr besteht. Zwingende gesetzliche Bestimmungen &#8211; insbesondere Aufbewahrungsfristen &#8211; bleiben unber\u00fchrt.<\/span><\/p>\r\n<p><span style=\"font-size: 12pt; font-family: arial, helvetica, sans-serif;\"><strong>Cookies<\/strong><br \/><\/span><\/p>\r\n<p><span style=\"font-size: 10px;\">Unsere Website verwendet Cookies. Das sind kleine Textdateien, die Ihr Webbrowser auf Ihrem Endger\u00e4t speichert. Cookies helfen uns dabei, unser Angebot nutzerfreundlicher, effektiver und sicherer zu machen. <\/span><span style=\"font-size: 10px;\">Einige Cookies sind \u201cSession-Cookies.\u201d Solche Cookies werden nach Ende Ihrer Browser-Sitzung von selbst gel\u00f6scht. Hingegen bleiben andere Cookies auf Ihrem Endger\u00e4t bestehen, bis Sie diese selbst l\u00f6schen. Solche Cookies helfen uns, Sie bei R\u00fcckkehr auf unserer Website wiederzuerkennen.\u00a0<\/span><span style=\"font-size: 10px;\">Mit einem modernen Webbrowser k\u00f6nnen Sie das Setzen von Cookies \u00fcberwachen, einschr\u00e4nken oder unterbinden. Viele Webbrowser lassen sich so konfigurieren, dass Cookies mit dem Schlie\u00dfen des Programms von selbst gel\u00f6scht werden. Die Deaktivierung von Cookies kann eine eingeschr\u00e4nkte Funktionalit\u00e4t unserer Website zur Folge haben. <\/span><span style=\"font-size: 10px;\">Das Setzen von Cookies, die zur Aus\u00fcbung elektronischer Kommunikationsvorg\u00e4nge oder der Bereitstellung bestimmter, von Ihnen erw\u00fcnschter Funktionen (z.B. Warenkorb) notwendig sind, erfolgt auf Grundlage von Art. 6 Abs. 1 lit. f DSGVO. Als Betreiber dieser Website haben wir ein berechtigtes Interesse an der Speicherung von Cookies zur technisch fehlerfreien und reibungslosen Bereitstellung unserer Dienste. Sofern die Setzung anderer Cookies (z.B. f\u00fcr Analyse-Funktionen) erfolgt, werden diese in dieser Datenschutzerkl\u00e4rung separat behandelt.\u00a0<\/span><span style=\"font-size: 10px;\">Unsere Website verwendet Cookies. Das sind kleine Textdateien, die Ihr Webbrowser auf Ihrem Endger\u00e4t speichert. Cookies helfen uns dabei, unser Angebot nutzerfreundlicher, effektiver und sicherer zu machen.<br \/><\/span><span style=\"font-size: 10px;\">Einige Cookies sind \u201cSession-Cookies.\u201d Solche Cookies werden nach Ende Ihrer Browser-Sitzung von selbst gel\u00f6scht. Hingegen bleiben andere Cookies auf Ihrem Endger\u00e4t bestehen, bis Sie diese selbst l\u00f6schen. Solche Cookies helfen uns, Sie bei R\u00fcckkehr auf unserer Website wiederzuerkennen.<br \/><\/span><span style=\"font-size: 10px;\">Mit einem modernen Webbrowser k\u00f6nnen Sie das Setzen von Cookies \u00fcberwachen, einschr\u00e4nken oder unterbinden. Viele Webbrowser lassen sich so konfigurieren, dass Cookies mit dem Schlie\u00dfen des Programms von selbst gel\u00f6scht werden. Die Deaktivierung von Cookies kann eine eingeschr\u00e4nkte Funktionalit\u00e4t unserer Website zur Folge haben. <\/span><span style=\"font-size: 10px;\">Das Setzen von Cookies, die zur Aus\u00fcbung elektronischer Kommunikationsvorg\u00e4nge oder der Bereitstellung bestimmter, von Ihnen erw\u00fcnschter Funktionen (z.B. Warenkorb) notwendig sind, erfolgt auf Grundlage von Art. 6 Abs. 1 lit. f DSGVO. Als Betreiber dieser Website haben wir ein berechtigtes Interesse an der Speicherung von Cookies zur technisch fehlerfreien und reibungslosen Bereitstellung unserer Dienste. Sofern die Setzung anderer Cookies (z.B. f\u00fcr Analyse-Funktionen) erfolgt, werden diese in dieser Datenschutzerkl\u00e4rung separat behandelt.<\/span><\/p>\r\n<p><strong>YouTube Videos<\/strong><br \/><span style=\"font-size: 10px;\">Art und Umfang der Verarbeitung<\/span><br \/><span style=\"font-size: 10px;\">Wir haben auf unserer Website YouTube Video integriert. YouTube Video ist eine Komponente der Videoplattform der YouTube, LLC, auf der Nutzer Inhalte hochladen, \u00fcber das Internet teilen und detaillierte Statistiken erhalten k\u00f6nnen. YouTube Video erm\u00f6glicht es uns, Inhalte der Plattform in unsere Website zu integrieren.\u00a0<\/span><span style=\"font-size: 10px;\">YouTube Video nutzt Cookies und weitere Browser-Technologien um Nutzerverhalten auszuwerten, Nutzer wiederzuerkennen und Nutzerprofile zu erstellen. Diese Informationen werden unter anderem genutzt, um die Aktivit\u00e4t der angeh\u00f6rten Inhalte zu analysieren und Berichte zu erstellen. Wenn ein Nutzer bei YouTube, LLC registriert ist, kann YouTube Video die abgespielten Videos dem Profil zuordnen.\u00a0\u00a0<\/span><span style=\"font-size: 10px;\">Wenn Sie auf diese Inhalte zugreifen, stellen Sie eine Verbindung zu Servern der YouTube, LLC, Google Ireland Limited, Gordon House, Barrow Street Dublin 4 Irland her, wobei Ihre IP-Adresse und ggf. Browserdaten wie Ihr User-Agent \u00fcbermittelt werden.<\/span><\/p>\r\n<p><span style=\"font-size: 10px;\">Zweck und Rechtsgrundlage<\/span><br \/><span style=\"font-size: 10px;\">Die Nutzung des Dienstes erfolgt auf Grundlage Ihrer Einwilligung gem\u00e4\u00df Art. 6 Abs. 1 lit. a. DSGVO und \u00a7 25 Abs. 1 TTDSG. <\/span><span style=\"font-size: 10px;\">Wir beabsichtigen personenbezogenen Daten an Drittl\u00e4nder au\u00dferhalb des Europ\u00e4ischen Wirtschaftsraums, insbesondere die USA, zu \u00fcbermitteln. In F\u00e4llen, in denen kein Angemessenheitsbeschluss der Europ\u00e4ischen Kommission existiert (z.B. in den USA) haben wir mit den Empf\u00e4ngern der Daten anderweitige geeignete Garantien im Sinne der Art. 44 ff. DSGVO vereinbart. Dies sind \u2013 sofern nicht anders angegeben \u2013 Standardvertragsklauseln der EU-Kommission gem\u00e4\u00df Durchf\u00fchrungsbeschluss (EU) 2021\/914 vom 4. Juni 2021. Eine Kopie dieser Standardvertragsklauseln k\u00f6nnen Sie unter https:\/\/eur-lex.europa.eu\/legal-content\/DE\/TXT\/HTML\/?uri=CELEX:32021D0914&amp;from=DE einsehen. <\/span><span style=\"font-size: 10px;\">Zudem holen wir vor einem solchen Drittlandtransfer Ihre Einwilligung nach Art. 49 Abs. 1 Satz 1 lit. a. DSGVO ein, die Sie \u00fcber die Einwilligung im Consent Manager (oder sonstigen Formularen, Registrierungen etc.) erteilen. Wir weisen Sie darauf hin, dass bei Drittland\u00fcbermittlungen im Detail unbekannte Risiken (z.B. die Datenverarbeitung durch Sicherheitsbeh\u00f6rden des Drittlandes, deren genauer Umfang und deren Folgen f\u00fcr Sie wir nicht kennen, auf die wir keinen Einfluss haben und von denen Sie unter Umst\u00e4nden keine Kenntnis erlangen) bestehen k\u00f6nnen.<\/span><\/p>\r\n<p><strong>Speicherdauer<\/strong><br \/><span style=\"font-size: 10px;\">Die konkrete Speicherdauer der verarbeiteten Daten ist nicht durch uns beeinflussbar, sondern wird von YouTube, LLC bestimmt. Weitere Hinweise finden Sie in der Datenschutzerkl\u00e4rung f\u00fcr YouTube Video: https:\/\/policies.google.com\/privacy.<\/span><\/p>\r\n<p><strong>Matomo<\/strong><br \/><em><span style=\"font-size: 10px;\">Art und Umfang der Verarbeitung<\/span><\/em><br \/><span style=\"font-size: 10px;\">Wir nutzen auf unserer Website das Open-Source-Software-Tool Matomo (ehemals PIWIK). Die Software setzt ein Cookie in Ihrem Browser (zu Cookies siehe bereits oben). Werden Einzelseiten unserer Website aufgerufen, so werden folgende Daten gespeichert:<br \/><\/span><span style=\"font-size: 10px;\">Zwei Bytes der IP-Adresse des aufrufenden Systems des Nutzers (anonymisierte IP-Adresse)<br \/><\/span><span style=\"font-size: 10px;\"><em>Die aufgerufene Webseite<\/em><br \/><\/span><span style=\"font-size: 10px;\">Die Website, von der der Nutzer auf die aufgerufene Webseite gelangt ist (Referrer) <\/span><span style=\"font-size: 10px;\">Die Unterseiten, die von der aufgerufenen Webseite aus aufgerufen werden.<br \/><\/span><span style=\"font-size: 10px;\">Die Verweildauer auf der Webseite <\/span><span style=\"font-size: 10px;\">Die H\u00e4ufigkeit des Aufrufs der Webseite <\/span><span style=\"font-size: 10px;\">Die Software l\u00e4uft dabei ausschlie\u00dflich auf den Servern unserer Website. Eine Speicherung Ihrer personenbezogenen Daten findet nur dort statt. Eine Weitergabe der Daten an Dritte erfolgt nicht.<\/span><\/p>\r\n<p><strong>Zweck und Rechtsgrundlage<\/strong><br \/><span style=\"font-size: 10px;\">Wir verarbeiten Ihre Daten mit Hilfe der Analysesoftware Matomo zum Zweck der Auswertung der Nutzung einzelner Komponenten und Inhalte unserer Website auf Grundlage Ihrer Einwilligung gem. Art. 6 Abs. 1 lit. a DSGVO und \u00a7 25 Abs. 1 TTDSG. Ihre Einwilligung erteilen Sie durch Einstellung zum Einsatz von Cookies (Cookie-Banner \/ Consent Manager), mit der Sie auch jederzeit mit Wirkung f\u00fcr die Zukunft Ihren Widerruf gem. Art. 7 Abs. 3 DSGVO erkl\u00e4ren k\u00f6nnen. Es besteht keine gesetzliche oder vertragliche Pflicht zur Bereitstellung Ihrer Daten. Sofern Sie uns Ihre Einwilligung nicht erteilen, ist ein Besuch unserer Website ohne Einschr\u00e4nkung m\u00f6glich, jedoch stehen ggf. nicht alle Funktionen vollumf\u00e4nglich zur Verf\u00fcgung.<\/span><\/p>\r\n<p><strong>Speicherdauer<\/strong><br \/><span style=\"font-size: 10px;\">Die konkrete Speicherdauer der gesetzten Cookies betr\u00e4gt 13 Monate.<\/span><\/p>\r\n<p><strong>Newsletter-Daten<\/strong><br \/><span style=\"font-size: 10px;\">Zum Versenden unseres Newsletters ben\u00f6tigen wir von Ihnen eine E-Mail-Adresse. Eine Verifizierung der angegebenen E-Mail-Adresse ist notwendig und der Empfang des Newsletters ist einzuwilligen. Erg\u00e4nzende Daten werden nicht erhoben oder sind freiwillig. Die Verwendung der Daten erfolgt ausschlie\u00dflich f\u00fcr den Versand des Newsletters.\u00a0<\/span><span style=\"font-size: 10px;\">Die bei der Newsletter Anmeldung gemachten Daten werden ausschlie\u00dflich auf Grundlage Ihrer Einwilligung (Art. 6 Abs. 1 lit. a DSGVO) verarbeitet. Ein Widerruf Ihrer bereits erteilten Einwilligung ist jederzeit m\u00f6glich. F\u00fcr den Widerruf gen\u00fcgt eine formlose Mitteilung per E-Mail oder Sie melden sich \u00fcber den &#8222;Austragen&#8220;-Link im Newsletter ab. Die Rechtm\u00e4\u00dfigkeit der bereits erfolgten Datenverarbeitungsvorg\u00e4nge bleibt vom Widerruf unber\u00fchrt.\u00a0<\/span><span style=\"font-size: 10px;\">Zur Einrichtung des Abonnements eingegebene Daten werden im Falle der Abmeldung gel\u00f6scht. Sollten diese Daten f\u00fcr andere Zwecke und an anderer Stelle an uns \u00fcbermittelt worden sein, verbleiben diese weiterhin bei uns.<\/span><\/p>\r\n<p>&nbsp;<\/p>\r\n<p><strong>Google Ads<\/strong><br \/><span style=\"font-size: 10px;\">Art und Umfang der Verarbeitung<\/span><br \/><span style=\"font-size: 10px;\">Wir haben auf unserer Website Google Ads integriert. Google Ads ist ein Dienst von Google Ireland Limited, um Nutzern zielgerichtet Werbung anzuzeigen. Google Ads nutzt Cookies und weitere Browser-Technologien um Nutzerverhalten auszuwerten und Nutzer wiederzuerkennen. <\/span><span style=\"font-size: 10px;\">Google Ads sammelt Informationen \u00fcber das Besucherverhalten auf verschiedenen Websites. Diese Informationen werden verwendet, um die Relevanz der Werbung zu optimieren. Des Weiteren liefert Google Ads gezielt Werbung auf der Grundlage von Verhaltensprofilen und geografischer Lage. Dem Anbieter werden Ihre IP-Adresse und weitere Identifikationsmerkmale wie Ihr User-Agent \u00fcbermittelt.\u00a0<\/span><span style=\"font-size: 10px;\">Wenn Sie bei einem Google Ireland Limited Dienst registriert sind, kann Google Ads den Besuch Ihrem Konto zuordnen. Selbst wenn Sie nicht bei Google Ireland Limited registriert sind oder sich nicht eingeloggt haben, ist es m\u00f6glich, dass der Anbieter Ihre IP-Adresse und weitere Identifikationsmerkmale herausfindet und speichert. <\/span><span style=\"font-size: 10px;\">Die Weitergabe Ihrer Daten erfolgt in diesem Fall an den Betreiber von Google Ads, die Google Ireland Limited, Gordon House, Barrow Street, Dublin 4, Irland.<\/span><\/p>\r\n<p><strong>Zweck und Rechtsgrundlage<\/strong><br \/><span style=\"font-size: 10px;\">Der Einsatz von Google Ads erfolgt auf Grundlage Ihrer Einwilligung gem\u00e4\u00df Art. 6 Abs. 1 lit. a. DSGVO und \u00a7 25 Abs. 1 TTDSG\u00a0 <\/span><span style=\"font-size: 10px;\">Wir beabsichtigen personenbezogenen Daten an Drittl\u00e4nder au\u00dferhalb des Europ\u00e4ischen Wirtschaftsraums, insbesondere die USA, zu \u00fcbermitteln. In F\u00e4llen, in denen kein Angemessenheitsbeschluss der Europ\u00e4ischen Kommission existiert (z.B. in den USA) haben wir mit den Empf\u00e4ngern der Daten anderweitige geeignete Garantien im Sinne der Art. 44 ff. DSGVO vereinbart. Dies sind \u2013 sofern nicht anders angegeben \u2013 Standardvertragsklauseln der EU-Kommission gem\u00e4\u00df Durchf\u00fchrungsbeschluss (EU) 2021\/914 vom 4. Juni 2021. Eine Kopie dieser Standardvertragsklauseln k\u00f6nnen Sie unter https:\/\/eur-lex.europa.eu\/legal-content\/DE\/TXT\/HTML\/?uri=CELEX:32021D0914&amp;from=DE einsehen. <\/span><span style=\"font-size: 10px;\">Zudem holen wir vor einem solchen Drittlandtransfer Ihre Einwilligung nach Art. 49 Abs. 1 Satz 1 lit. a. DSGVO ein, die Sie \u00fcber die Einwilligung im Consent Manager (oder sonstigen Formularen, Registrierungen etc.) erteilen. Wir weisen Sie darauf hin, dass bei Drittland\u00fcbermittlungen im Detail unbekannte Risiken (z.B. die Datenverarbeitung durch Sicherheitsbeh\u00f6rden des Drittlandes, deren genauer Umfang und deren Folgen f\u00fcr Sie wir nicht kennen, auf die wir keinen Einfluss haben und von denen Sie unter Umst\u00e4nden keine Kenntnis erlangen) bestehen k\u00f6nnen.<\/span><\/p>\r\n<p><span style=\"font-size: 14px;\"><strong>Speicherdauer<\/strong><\/span><br \/><span style=\"font-size: 10px;\">Die konkrete Speicherdauer der verarbeiteten Daten ist nicht durch uns beeinflussbar, sondern wird von Google Ireland Limited bestimmt. Weitere Hinweise finden Sie in der Datenschutzerkl\u00e4rung f\u00fcr Google Ads: https:\/\/policies.google.com\/privacy.<br \/><\/span><span style=\"font-family: 'courier new', courier, monospace; font-size: 10px; color: #999999;\">Quelle: Datenschutz-Konfigurator von Mein-Datenschutzbeauftragter.de<\/span><\/p>\r\n<p><span style=\"font-size: 10pt; font-family: arial, helvetica, sans-serif;\">\r\n\r\n<\/span><\/p>\r\n<p class=\"wp-block-paragraph\"><span style=\"font-size: 10pt; font-family: arial, helvetica, sans-serif;\">\r\n\r\n<\/span><\/p>\r\n<p><span style=\"font-size: 10pt; font-family: arial, helvetica, sans-serif;\">\r\n\r\n<\/span><\/p>\r\n<p class=\"wp-block-paragraph\"><span style=\"font-size: 10pt; font-family: arial, helvetica, sans-serif;\">\r\n\r\n<\/span><\/p>\r\n<p><span style=\"font-size: 10pt; font-family: arial, helvetica, sans-serif;\">\r\n\r\n<\/span><\/p>\r\n<p class=\"wp-block-paragraph\"><span style=\"font-size: 8pt; font-family: arial, helvetica, sans-serif;\">\r\n\r\n<\/span><\/p>\r\n<p class=\"wp-block-paragraph\"><span style=\"font-size: 8pt; font-family: arial, helvetica, sans-serif;\">\r\n\r\n<\/span><\/p>\r\n<p><span style=\"font-size: 8pt; font-family: arial, helvetica, sans-serif;\">\r\n\r\n<\/span><\/p>\r\n<p class=\"wp-block-paragraph\"><span style=\"font-size: 8pt; font-family: arial, helvetica, sans-serif;\">\r\n\r\n<\/span><\/p>\r\n<p><span style=\"font-size: 8pt; font-family: arial, helvetica, sans-serif;\">\r\n\r\n<\/span><\/p>\r\n<p class=\"wp-block-paragraph\"><span style=\"font-size: 8pt; font-family: arial, helvetica, sans-serif;\"><\/span><\/p>","protected":false},"excerpt":{"rendered":"<p>RBL nimmt den Schutz Ihrer pers\u00f6nlichen Daten sehr ernst und h\u00e4lt sich strikt an die Regeln der Datenschutzgesetze. Die Nutzung unserer Webseite ist in der Regel auch ohne Angaben personenbezogener Daten m\u00f6glich. Personenbezogene Daten werden auf dieser Webseite lediglich im technisch notwendigen Umfang und zur Kontaktaufnahme erhoben. In keinem Fall [&hellip;]<\/p>\n","protected":false},"author":1,"featured_media":0,"parent":0,"menu_order":0,"comment_status":"closed","ping_status":"closed","template":"","meta":{"_crdt_document":"","_monsterinsights_skip_tracking":false,"_monsterinsights_sitenote_active":false,"_monsterinsights_sitenote_note":"","_monsterinsights_sitenote_category":0,"footnotes":""},"class_list":["post-3","page","type-page","status-publish","hentry"],"aioseo_notices":[],"_links":{"self":[{"href":"https:\/\/basslover.de\/index.php\/wp-json\/wp\/v2\/pages\/3","targetHints":{"allow":["GET"]}}],"collection":[{"href":"https:\/\/basslover.de\/index.php\/wp-json\/wp\/v2\/pages"}],"about":[{"href":"https:\/\/basslover.de\/index.php\/wp-json\/wp\/v2\/types\/page"}],"author":[{"embeddable":true,"href":"https:\/\/basslover.de\/index.php\/wp-json\/wp\/v2\/users\/1"}],"replies":[{"embeddable":true,"href":"https:\/\/basslover.de\/index.php\/wp-json\/wp\/v2\/comments?post=3"}],"version-history":[{"count":10,"href":"https:\/\/basslover.de\/index.php\/wp-json\/wp\/v2\/pages\/3\/revisions"}],"predecessor-version":[{"id":252,"href":"https:\/\/basslover.de\/index.php\/wp-json\/wp\/v2\/pages\/3\/revisions\/252"}],"wp:attachment":[{"href":"https:\/\/basslover.de\/index.php\/wp-json\/wp\/v2\/media?parent=3"}],"curies":[{"name":"wp","href":"https:\/\/api.w.org\/{rel}","templated":true}]}}