{"id":2,"date":"2025-02-07T04:40:38","date_gmt":"2025-02-07T04:40:38","guid":{"rendered":"https:\/\/basslover.de\/?page_id=2"},"modified":"2025-11-29T07:14:40","modified_gmt":"2025-11-29T06:14:40","slug":"internetradio-basslover-beste-elektronische-musik-seit-2007","status":"publish","type":"page","link":"https:\/\/basslover.de\/","title":{"rendered":""},"content":{"rendered":"<p><div id=\"metaslider-id-1066\" style=\"width: 100%;\" class=\"ml-slider-3-107-0 metaslider metaslider-flex metaslider-1066 ml-slider has-carousel-mode ms-theme-default-base nav-hidden\" role=\"region\" aria-label=\"Radio Slideshow\" data-height=\"285\" data-width=\"768\">\n    <div id=\"metaslider_container_1066\">\n        <div id=\"metaslider_1066\">\n            <ul class='slides'>\n                <li style=\"display: none; width: 100%;\" class=\"slide-1068 ms-image \" aria-roledescription=\"slide\" data-date=\"2025-04-30 16:20:43\" data-filename=\"404-768x285.png\" data-slide-type=\"image\"><img loading=\"lazy\" decoding=\"async\" src=\"https:\/\/basslover.de\/wp-content\/uploads\/2025\/04\/404-768x285.png\" height=\"285\" width=\"768\" alt=\"\" class=\"slider-1066 slide-1068 msDefaultImage\" title=\"UPLIFTING ONLY\" \/><div class=\"caption-wrap\"><div class=\"caption\"><div>jeden <strong>Sonntag\u00a0<\/strong>von<strong> 21:00 - 23:00 <\/strong>Uhr@Basslover.de<\/div><\/div><\/div><\/li>\n                <li style=\"display: none; width: 100%;\" class=\"slide-1069 ms-image \" aria-roledescription=\"slide\" data-date=\"2025-04-30 16:20:43\" data-filename=\"IMG-20170831-WA0017-768x285.jpg\" data-slide-type=\"image\"><img loading=\"lazy\" decoding=\"async\" src=\"https:\/\/basslover.de\/wp-content\/uploads\/2025\/02\/IMG-20170831-WA0017-768x285.jpg\" height=\"285\" width=\"768\" alt=\"\" class=\"slider-1066 slide-1069 msDefaultImage\" title=\"IMG-20170831-WA0017\" \/><\/li>\n                <li style=\"display: none; width: 100%;\" class=\"slide-1071 ms-image \" aria-roledescription=\"slide\" data-date=\"2025-04-30 16:20:44\" data-filename=\"468879291_10161917006918150_5732613176398301781_n-768x285.png\" data-slide-type=\"image\"><img loading=\"lazy\" decoding=\"async\" src=\"https:\/\/basslover.de\/wp-content\/uploads\/2025\/02\/468879291_10161917006918150_5732613176398301781_n-768x285.png\" height=\"285\" width=\"768\" alt=\"\" class=\"slider-1066 slide-1071 msDefaultImage\" title=\"468879291_10161917006918150_5732613176398301781_n\" \/><div class=\"caption-wrap\"><div class=\"caption\"><div>jeden <strong>Montag\u00a0<\/strong>von<strong> 23:00 - 0:00 <\/strong>Uhr@Basslover.de<\/div><\/div><\/div><\/li>\n                <li style=\"display: none; width: 100%;\" class=\"slide-1072 ms-image \" aria-roledescription=\"slide\" data-date=\"2025-04-30 16:20:44\" data-filename=\"468840453_10161882848898150_3083964456921168937_n-768x285.png\" data-slide-type=\"image\"><img loading=\"lazy\" decoding=\"async\" src=\"https:\/\/basslover.de\/wp-content\/uploads\/2025\/02\/468840453_10161882848898150_3083964456921168937_n-768x285.png\" height=\"285\" width=\"768\" alt=\"\" class=\"slider-1066 slide-1072 msDefaultImage\" title=\"468840453_10161882848898150_3083964456921168937_n\" \/><div class=\"caption-wrap\"><div class=\"caption\"><div>jeden <strong>Mittwoch\u00a0<\/strong>von<strong> 22:00 - 23:00 <\/strong>Uhr@Basslover.de<\/div><\/div><\/div><\/li>\n                <li style=\"display: none; width: 100%;\" class=\"slide-1076 ms-image \" aria-roledescription=\"slide\" data-date=\"2025-04-30 16:20:45\" data-filename=\"468627115_10161882880818150_938522567543263361_n-768x285.png\" data-slide-type=\"image\"><img loading=\"lazy\" decoding=\"async\" src=\"https:\/\/basslover.de\/wp-content\/uploads\/2025\/02\/468627115_10161882880818150_938522567543263361_n-768x285.png\" height=\"285\" width=\"768\" alt=\"\" class=\"slider-1066 slide-1076 msDefaultImage\" title=\"468627115_10161882880818150_938522567543263361_n\" \/><div class=\"caption-wrap\"><div class=\"caption\"><div>jeden <strong>Montag\u00a0<\/strong>von<strong> 14:00 - 15:00 <\/strong>Uhr@Basslover.de<\/div><\/div><\/div><\/li>\n                <li style=\"display: none; width: 100%;\" class=\"slide-1079 ms-image \" aria-roledescription=\"slide\" data-date=\"2025-04-30 16:20:45\" data-filename=\"468670674_10161846326588150_7923496143820055012_n-768x285.png\" data-slide-type=\"image\"><img loading=\"lazy\" decoding=\"async\" src=\"https:\/\/basslover.de\/wp-content\/uploads\/2025\/02\/468670674_10161846326588150_7923496143820055012_n-768x285.png\" height=\"285\" width=\"768\" alt=\"\" class=\"slider-1066 slide-1079 msDefaultImage\" title=\"468670674_10161846326588150_7923496143820055012_n\" \/><div class=\"caption-wrap\"><div class=\"caption\"><div>jeden <strong>Dienstag\u00a0<\/strong>von<strong> 21:00 - 22:00 <\/strong>Uhr@Basslover.de<\/div><\/div><\/div><\/li>\n                <li style=\"display: none; width: 100%;\" class=\"slide-1085 ms-image \" aria-roledescription=\"slide\" data-date=\"2025-04-30 16:20:47\" data-filename=\"468614438_10161857966718150_7784031336744862243_n-768x285.png\" data-slide-type=\"image\"><img loading=\"lazy\" decoding=\"async\" src=\"https:\/\/basslover.de\/wp-content\/uploads\/2025\/02\/468614438_10161857966718150_7784031336744862243_n-768x285.png\" height=\"285\" width=\"768\" alt=\"\" class=\"slider-1066 slide-1085 msDefaultImage\" title=\"468614438_10161857966718150_7784031336744862243_n\" \/><div class=\"caption-wrap\"><div class=\"caption\"><div>jeden <strong>Mittwoch\u00a0<\/strong>von<strong> 23:00 - 0:00 <\/strong>Uhr@Basslover.de<\/div><\/div><\/div><\/li>\n                <li style=\"display: none; width: 100%;\" class=\"slide-1086 ms-image \" aria-roledescription=\"slide\" data-date=\"2025-04-30 16:20:47\" data-filename=\"468572621_10161846326583150_5439502821393720686_n-768x285.jpg\" data-slide-type=\"image\"><img loading=\"lazy\" decoding=\"async\" src=\"https:\/\/basslover.de\/wp-content\/uploads\/2025\/02\/468572621_10161846326583150_5439502821393720686_n-768x285.jpg\" height=\"285\" width=\"768\" alt=\"\" class=\"slider-1066 slide-1086 msDefaultImage\" title=\"468572621_10161846326583150_5439502821393720686_n\" \/><div class=\"caption-wrap\"><div class=\"caption\"><div>jeden <strong>Montag\u00a0<\/strong>von<strong> 23:00 - 0:00 <\/strong>Uhr@Basslover.de<\/div><\/div><\/div><\/li>\n                <li style=\"display: none; width: 100%;\" class=\"slide-1088 ms-image \" aria-roledescription=\"slide\" data-date=\"2025-04-30 16:20:47\" data-filename=\"468476397_10161803043653150_18584483911341186_n-768x285.png\" data-slide-type=\"image\"><img loading=\"lazy\" decoding=\"async\" src=\"https:\/\/basslover.de\/wp-content\/uploads\/2025\/02\/468476397_10161803043653150_18584483911341186_n-768x285.png\" height=\"285\" width=\"768\" alt=\"\" class=\"slider-1066 slide-1088 msDefaultImage\" title=\"468476397_10161803043653150_18584483911341186_n\" \/><div class=\"caption-wrap\"><div class=\"caption\"><div>jeden <strong>4. Montag\u00a0<\/strong>von<strong> 23:00 - 0:00 <\/strong>Uhr@Basslover.de<\/div><\/div><\/div><\/li>\n                <li style=\"display: none; width: 100%;\" class=\"slide-1227 ms-image \" aria-roledescription=\"slide\" data-date=\"2025-06-13 04:02:04\" data-filename=\"468809799_10161866089443150_4143996928725495054_n.png\" data-slide-type=\"image\"><img loading=\"lazy\" decoding=\"async\" src=\"https:\/\/basslover.de\/wp-content\/uploads\/2025\/06\/468809799_10161866089443150_4143996928725495054_n.png\" height=\"285\" width=\"768\" alt=\"\" class=\"slider-1066 slide-1227 msDefaultImage\" title=\"468809799_10161866089443150_4143996928725495054_n\" \/><div class=\"caption-wrap\"><div class=\"caption\"><div>jeden <strong>4. Montag\u00a0<\/strong>von<strong> 23:00 - 0:00 <\/strong>Uhr @Basslover.de<\/div><\/div><\/div><\/li>\n                <li style=\"display: none; width: 100%;\" class=\"slide-1228 ms-image \" aria-roledescription=\"slide\" data-date=\"2025-06-13 04:02:05\" data-filename=\"ShowFlyer_FELIX.jpg\" data-slide-type=\"image\"><img loading=\"lazy\" decoding=\"async\" src=\"https:\/\/basslover.de\/wp-content\/uploads\/2025\/06\/ShowFlyer_FELIX.jpg\" height=\"285\" width=\"768\" alt=\"\" class=\"slider-1066 slide-1228 msDefaultImage\" title=\"ShowFlyer_FELIX\" \/><div class=\"caption-wrap\"><div class=\"caption\"><div><strong>jeden Mittwoch\u00a0<\/strong>von <strong>23:00 - 0:00<\/strong> Uhr @Basslover.de<\/div><\/div><\/div><\/li>\n            <\/ul>\n        <\/div>\n        \n    <\/div>\n<\/div><br \/><iframe style=\"width: 100%; min-height: 150px; border: 0;\" src=\"https:\/\/relay-basslover.de\/public\/basslover\/embed?theme=dark\" frameborder=\"0\"><\/iframe><\/p>\r\n\r\n<p class=\"wp-block-paragraph\">        <style type=\"text\/css\">\n                .fts-facebook-add-more-posts-notice {\n            display: none !important;\n        }\n                .fts-jal-single-fb-post .fts-jal-fb-user-name a {\n            color: #e2e2e2 !important;\n        }\n                .fts-simple-fb-wrapper .fts-jal-single-fb-post,\n        .fts-simple-fb-wrapper .fts-jal-fb-description-wrap,\n        .fts-simple-fb-wrapper .fts-jal-fb-post-time,\n        .fts-slicker-facebook-posts .fts-jal-single-fb-post,\n        .fts-slicker-facebook-posts .fts-jal-fb-description-wrap,\n        .fts-slicker-facebook-posts .fts-jal-fb-post-time {\n            color: #d3d3d3 !important;\n        }\n                .fts-simple-fb-wrapper .fts-jal-single-fb-post .fts-review-name,\n        .fts-simple-fb-wrapper .fts-jal-single-fb-post a,\n        .fts-slicker-facebook-posts .fts-jal-single-fb-post a,\n        .fts-jal-fb-group-header-desc a {\n            color: #1e73be !important;\n        }\n                .fts-simple-fb-wrapper .fts-jal-single-fb-post a:hover,\n        .fts-simple-fb-wrapper .fts-fb-load-more:hover,\n        .fts-slicker-facebook-posts .fts-jal-single-fb-post a:hover,\n        .fts-slicker-facebook-posts .fts-fb-load-more:hover,\n        .fts-jal-fb-group-header-desc a:hover {\n            color: #1e73be !important;\n        }\n                .fts-simple-fb-wrapper, .fts-fb-header-wrapper, .fts-fb-load-more-wrapper, .fts-jal-fb-header, .fb-social-btn-top, .fb-social-btn-bottom, .fb-social-btn-below-description {\n            max-width: 500 !important;\n        }\n                .fts-fb-large-photo, .fts-jal-fb-vid-picture, .fts-jal-fb-picture, .fts-fluid-videoWrapper-html5 {\n            max-width: 500 !important;\n            float: left;\n        }\n                .fts-simple-fb-wrapper, .fts-fb-header-wrapper, .fts-fb-load-more-wrapper, .fts-jal-fb-header, .fb-social-btn-top, .fb-social-btn-bottom, .fb-social-btn-below-description {\n            margin: 10 !important;\n        }\n                .fts-simple-fb-wrapper {\n            padding: 10 !important;\n        }\n                .fts-jal-fb-group-display .fts-jal-fb-message, .fts-jal-fb-group-display .fts-jal-fb-message p, .fts-jal-fb-group-header-desc, .fts-jal-fb-group-header-desc p, .fts-jal-fb-group-header-desc a {\n            font-size: 12 !important;\n        }\n        \n        <\/style><div class=\"fts-jal-fb-header\"><h5 style=font-size:14;><a href=\"https:\/\/www.facebook.com\/37018888149\/\" target=\"_blank\" rel=\"noreferrer\">Radio Basslover<\/a><\/h5><div class=\"fts-jal-fb-group-header-desc\">Basslover ist eines der beliebtesten Web-Radios f\u00fcr elektronische Musik, sowie riesen Plattform f\u00fcr alle erdenklichen Aktivit\u00e4ten im Technobereich. Tausende von H\u00f6rern aus aller Welt greifen t\u00e4glich auf unser einzigartiges Radiokonzept zu!<\/div><\/div><div class=\"fts-jal-fb-group-display fts-simple-fb-wrapper feed_dynamic_classyydsqnkaod_page\"><div class=\"fts-jal-single-fb-post\"><div  class=\"fts-jal-fb-right-wrap\"><div class=\"fts-jal-fb-top-wrap \"><div class=\"fts-jal-fb-user-thumb\"><a href=\"https:\/\/www.facebook.com\/37018888149\" target=\"_blank\" rel=\"noreferrer\"><img decoding=\"async\" border=\"0\" alt=\"Radio Basslover\" src=\"https:\/\/scontent-dus1-1.xx.fbcdn.net\/v\/t39.30808-1\/304845436_516122270517322_6011644212172714208_n.png?stp=cp0_dst-png_s50x50&amp;_nc_cat=105&amp;ccb=1-7&amp;_nc_sid=f907e8&amp;_nc_ohc=ZYz3rEh8IP0Q7kNvwGiqzjo&amp;_nc_oc=AdoFyc83u5F3o0I9sZAMMQwHhC9RbanErcZD9sFFGCmQx1ZObs4w-rncer4aXciWiAqAmIYL66mG0wz72jPF-OzH&amp;_nc_zt=24&amp;_nc_ht=scontent-dus1-1.xx&amp;edm=AJdBtusEAAAA&amp;_nc_gid=N1p8tfIU8e5wHnZ90pQD-w&amp;_nc_tpa=Q5bMBQGO36mAceEvKRqJN12V3lUEKjBrw4Ijg33-GwAP6KD-akZgAZ2TGA-APNrscxw8MKXtd8dmUMbP2g&amp;oh=00_Af3I8r6Sskp-xYxF8_sMLhKr9nGKaYrNPI0cgtAjYqXxdg&amp;oe=69DDF47D\"\/><\/a><\/div><span class=\"fts-jal-fb-user-name\"><a href=\"https:\/\/www.facebook.com\/37018888149\" target=\"_blank\" rel=\"noreferrer\">Radio Basslover<\/a><\/span><span class=\"fts-jal-fb-post-time\">1 Tag zuvor<\/span><div class=\"fts-clear\"><\/div><div class=\"fts-jal-fb-message\">\u201eZeit, da weg zu bleiben\u201c: Deichbrand 2026 k\u00fcndigt neue Acts an \u2013 und erntet Spott <div class=\"fts-clear\"><\/div><\/div><\/div><div class=\"fts-jal-fb-link-wrap\"><a href=\"https:\/\/l.facebook.com\/l.php?u=https%3A%2F%2Fshare.google%2FkM7kZjuGWQXZzKA7w&#038;h=AT7cwN5BvfTMkH11smQOwhCnUgLxlaN69BUFi4b7loAxnBW-c4qjh0oQXPDWEIpdkCy777Az8zsOk2O98-QYk7mfqn2YC6dVoxOdzjWdmDd4VATUy-NvsAi2990iLObvTzLpUfNJY8K7jwsA&#038;s=1\" target=\"_blank\" rel=\"noreferrer\" class=\"fts-jal-fb-picture\"><img decoding=\"async\" border=\"0\" alt=\"Radio Basslover\" src=\"https:\/\/external-dus1-1.xx.fbcdn.net\/emg1\/v\/t13\/17844058635848461587?url=https%3A%2F%2Fwww.kreiszeitung.de%2Fassets%2Fimages%2F42%2F133%2F42133520-zeit-da-weg-zu-bleiben-deichbrand-2026-kuendigt-neue-acts-an-und-erntet-spott-2Vef.jpg&#038;fb_obo=1&#038;utld=kreiszeitung.de&#038;stp=c0.5000x0.5000f_dst-emg0_p675x675_q75_tt6&#038;edm=AKIiGfEEAAAA&#038;_nc_gid=WlCuUHHmdfSwGaFMOst3vw&#038;_nc_oc=AdpL17UU12J_f1fLkmFZIYtBhJiiHXhyL2zVFv9yXo246XmTivVybyISD9iriGyYbD74z4rJAXpiSpjSvZeRprBw&#038;ccb=13-1&#038;oh=06_Q3--ARyk5Ro-y5iHjXw16GWgnJHL23TJ4uskR1jOG9DsvzUH&#038;oe=69DA097F&#038;_nc_sid=ef6713\"\/><\/a><div class=\"fts-jal-fb-description-wrap\"><a href=\"https:\/\/l.facebook.com\/l.php?u=https%3A%2F%2Fshare.google%2FkM7kZjuGWQXZzKA7w&h=AT7cwN5BvfTMkH11smQOwhCnUgLxlaN69BUFi4b7loAxnBW-c4qjh0oQXPDWEIpdkCy777Az8zsOk2O98-QYk7mfqn2YC6dVoxOdzjWdmDd4VATUy-NvsAi2990iLObvTzLpUfNJY8K7jwsA&s=1\" target=\"_blank\" rel=\"noreferrer\" class=\"fts-jal-fb-name\">\u201eZeit, da weg zu bleiben\u201c: Deichbrand 2026 k\u00fcndigt neue Acts an \u2013 und erntet Spott<\/a><div class=\"jal-fb-description\">Mit der letzten Bandwelle wurden gleich 58 K\u00fcnstler f\u00fcr das Deichbrand-Festival 2026 angek\u00fcndigt. Auch Fans elektronischer Musik d\u00fcrfen sich freuen.<\/div><div class=\"jal-fb-caption\"><\/div><div class=\"fts-clear\"><\/div><\/div><div class=\"fts-clear\"><\/div><\/div><div class=\"fts-clear\"><\/div><\/div><div class=\"fts-likes-shares-etc-wrap\"><div class=\"fts-fb-likes-shares-etc-content\"><a href=\"https:\/\/www.facebook.com\/37018888149_37018888149_1579438024185736\" target=\"_blank\" rel=\"noreferrer\" class=\"fts-view-on-facebook-url fts-jal-fb-see-more\"><span class=\"fts-count-wrap fts-likes-wrap\"><\/span><span class=\"fts-count-wrap fts-comments-wrap\"><\/span><span class=\"fts-count-wrap fts-shares-wrap\"><\/span><\/a><div class=\"fts-shares-view-on-fb-wrap\"><a href=\"https:\/\/www.facebook.com\/37018888149_37018888149_1579438024185736\" target=\"_blank\" rel=\"noreferrer\" class=\"fts-view-on-facebook-url fts-jal-fb-see-more\"><span class=\"fts-view-on-facebook\">Auf Facebook ansehen<\/span><\/a><div class=\"fts-share-wrap\"><a href=\"javascript:;\" class=\"ft-gallery-link-popup\" title=\"Social-Share-Optionen\"><\/a><div class=\"ft-gallery-share-wrap\"><a href=\"https:\/\/www.facebook.com\/sharer\/sharer.php?u=https:\/\/www.facebook.com\/37018888149_37018888149_1579438024185736\" target=\"_blank\" rel=\"noreferrer\" class=\"ft-galleryfacebook-icon\" title=\"Share this post on Facebook\"><i class=\"fa fa-facebook-square\"><\/i><\/a><a href=\"https:\/\/twitter.com\/intent\/tweet?text=https:\/\/www.facebook.com\/37018888149_37018888149_1579438024185736+1\" target=\"_blank\" rel=\"noreferrer\" class=\"ft-gallerytwitter-icon\" title=\"Share this post on Twitter\"><i class=\"fa fa-twitter\"><\/i><\/a><a href=\"https:\/\/www.linkedin.com\/shareArticle?mini=true&amp;url=https:\/\/www.facebook.com\/37018888149_37018888149_1579438024185736\" target=\"_blank\" rel=\"noreferrer\" class=\"ft-gallerylinkedin-icon\" title=\"Share this post on Linkedin\"><i class=\"fa fa-linkedin\"><\/i><\/a><a href=\"mailto:?subject=Shared Link&amp;body=https:\/\/www.facebook.com\/37018888149_37018888149_1579438024185736 - 1\" target=\"_blank\" rel=\"noreferrer\" class=\"ft-galleryemail-icon\" title=\"Share this post in your email\"><i class=\"fa fa-envelope\"><\/i><\/a><\/div><\/div><\/div><\/div><\/div><div class=\"fts-clear\"><\/div><\/div><div class='fts-fb-photo-post-wrap fts-jal-single-fb-post' ><div  class=\"fts-jal-fb-right-wrap\"><div class=\"fts-jal-fb-top-wrap \"><div class=\"fts-jal-fb-user-thumb\"><a href=\"https:\/\/www.facebook.com\/37018888149\" target=\"_blank\" rel=\"noreferrer\"><img decoding=\"async\" border=\"0\" alt=\"Radio Basslover\" src=\"https:\/\/scontent-dus1-1.xx.fbcdn.net\/v\/t39.30808-1\/304845436_516122270517322_6011644212172714208_n.png?stp=cp0_dst-png_s50x50&amp;_nc_cat=105&amp;ccb=1-7&amp;_nc_sid=f907e8&amp;_nc_ohc=ZYz3rEh8IP0Q7kNvwGiqzjo&amp;_nc_oc=AdoFyc83u5F3o0I9sZAMMQwHhC9RbanErcZD9sFFGCmQx1ZObs4w-rncer4aXciWiAqAmIYL66mG0wz72jPF-OzH&amp;_nc_zt=24&amp;_nc_ht=scontent-dus1-1.xx&amp;edm=AJdBtusEAAAA&amp;_nc_gid=N1p8tfIU8e5wHnZ90pQD-w&amp;_nc_tpa=Q5bMBQGO36mAceEvKRqJN12V3lUEKjBrw4Ijg33-GwAP6KD-akZgAZ2TGA-APNrscxw8MKXtd8dmUMbP2g&amp;oh=00_Af3I8r6Sskp-xYxF8_sMLhKr9nGKaYrNPI0cgtAjYqXxdg&amp;oe=69DDF47D\"\/><\/a><\/div><span class=\"fts-jal-fb-user-name\"><a href=\"https:\/\/www.facebook.com\/37018888149\" target=\"_blank\" rel=\"noreferrer\">Radio Basslover<\/a><\/span><span class=\"fts-jal-fb-post-time\">6 Tage(n) zuvor<\/span><div class=\"fts-clear\"><\/div><\/div><div class=\"fts-jal-fb-link-wrap fts-album-photos-wrap\"><a href=\"https:\/\/www.facebook.com\/photo.php?fbid=1446335640837743&#038;set=a.637419051729410&#038;type=3\" target=\"_blank\" rel=\"noreferrer\" class=\"fts-jal-fb-picture\"><img decoding=\"async\" border=\"0\" alt=\"Radio Basslover\" src=\"https:\/\/scontent-dus1-1.xx.fbcdn.net\/v\/t39.30808-6\/664926170_1446335644171076_4370052771239881120_n.jpg?stp=dst-jpg_p720x720_tt6&#038;_nc_cat=111&#038;ccb=1-7&#038;_nc_sid=13d280&#038;_nc_ohc=ILzF1OoKiMAQ7kNvwGv0Pz9&#038;_nc_oc=AdrqpAeCw9vaLDNtadhCoxPQF-KnXt4_V0i16F0tmQXkoDks4lD3rdsOfGGej9e4UD-VECehh5fuwZ0YmAaoDvMG&#038;_nc_zt=23&#038;_nc_ht=scontent-dus1-1.xx&#038;edm=AKIiGfEEAAAA&#038;_nc_gid=WlCuUHHmdfSwGaFMOst3vw&#038;_nc_tpa=Q5bMBQHVevsFIofOEVuNatX75oZLxKcTdQTndpmCxkOVNI4PcT1ZmFGF_XhQ9R_sU2vE2WjpWX9AiT6P5w&#038;oh=00_Af3Qx_iYgY-qXX56gAu0fRq59sDNfCNqTJ9wBopqtvS0Mg&#038;oe=69DDE42C\"\/><\/a><div class=\"slicker-facebook-album-photoshadow\"><\/div><div class=\"fts-jal-fb-description-wrap fts-photo-caption-text\"><div class=\"fts-jal-fb-description\">Eine Stuttgarter Nachtleben-Koryph\u00e4e verabschiedet sich. Link in den Kommentaren.<\/div><div class=\"fts-clear\"><\/div><\/div><div class=\"fts-clear\"><\/div><\/div><div class=\"fts-clear\"><\/div><\/div><div class=\"fts-likes-shares-etc-wrap\"><div class=\"fts-fb-likes-shares-etc-content\"><a href=\"https:\/\/www.facebook.com\/photo.php?fbid=1446335640837743&#038;set=a.637419051729410&#038;type=3\" target=\"_blank\" rel=\"noreferrer\" class=\"fts-jal-fb-see-more\"><span class=\"fts-count-wrap fts-likes-wrap\"><\/span><span class=\"fts-count-wrap fts-comments-wrap\"><\/span><span class=\"fts-count-wrap fts-shares-wrap\"><\/span><\/a><div class=\"fts-shares-view-on-fb-wrap\"><a href=\"https:\/\/www.facebook.com\/photo.php?fbid=1446335640837743&#038;set=a.637419051729410&#038;type=3\" target=\"_blank\" rel=\"noreferrer\" class=\"fts-view-on-facebook-url fts-jal-fb-see-more\"><span class=\"fts-view-on-facebook\">Auf Facebook ansehen<\/span><\/a><div class=\"fts-share-wrap\"><a href=\"javascript:;\" class=\"ft-gallery-link-popup\" title=\"Social-Share-Optionen\"><\/a><div class=\"ft-gallery-share-wrap\"><a href=\"https:\/\/www.facebook.com\/sharer\/sharer.php?u=https:\/\/www.facebook.com\/photo.php?fbid=1446335640837743&amp;set=a.637419051729410&amp;type=3\" target=\"_blank\" rel=\"noreferrer\" class=\"ft-galleryfacebook-icon\" title=\"Share this post on Facebook\"><i class=\"fa fa-facebook-square\"><\/i><\/a><a href=\"https:\/\/twitter.com\/intent\/tweet?text=https:\/\/www.facebook.com\/photo.php?fbid=1446335640837743&amp;set=a.637419051729410&amp;type=3+\" target=\"_blank\" rel=\"noreferrer\" class=\"ft-gallerytwitter-icon\" title=\"Share this post on Twitter\"><i class=\"fa fa-twitter\"><\/i><\/a><a href=\"https:\/\/www.linkedin.com\/shareArticle?mini=true&amp;url=https:\/\/www.facebook.com\/photo.php?fbid=1446335640837743&amp;set=a.637419051729410&amp;type=3\" target=\"_blank\" rel=\"noreferrer\" class=\"ft-gallerylinkedin-icon\" title=\"Share this post on Linkedin\"><i class=\"fa fa-linkedin\"><\/i><\/a><a href=\"mailto:?subject=Shared Link&amp;body=https:\/\/www.facebook.com\/photo.php?fbid=1446335640837743&amp;set=a.637419051729410&amp;type=3 - \" target=\"_blank\" rel=\"noreferrer\" class=\"ft-galleryemail-icon\" title=\"Share this post in your email\"><i class=\"fa fa-envelope\"><\/i><\/a><\/div><\/div><\/div><\/div><\/div><div class=\"fts-clear\"><\/div><\/div><div class='fts-fb-photo-post-wrap fts-jal-single-fb-post' ><div  class=\"fts-jal-fb-right-wrap\"><div class=\"fts-jal-fb-top-wrap \"><div class=\"fts-jal-fb-user-thumb\"><a href=\"https:\/\/www.facebook.com\/37018888149\" target=\"_blank\" rel=\"noreferrer\"><img decoding=\"async\" border=\"0\" alt=\"Radio Basslover\" src=\"https:\/\/scontent-dus1-1.xx.fbcdn.net\/v\/t39.30808-1\/304845436_516122270517322_6011644212172714208_n.png?stp=cp0_dst-png_s50x50&amp;_nc_cat=105&amp;ccb=1-7&amp;_nc_sid=f907e8&amp;_nc_ohc=ZYz3rEh8IP0Q7kNvwGiqzjo&amp;_nc_oc=AdoFyc83u5F3o0I9sZAMMQwHhC9RbanErcZD9sFFGCmQx1ZObs4w-rncer4aXciWiAqAmIYL66mG0wz72jPF-OzH&amp;_nc_zt=24&amp;_nc_ht=scontent-dus1-1.xx&amp;edm=AJdBtusEAAAA&amp;_nc_gid=N1p8tfIU8e5wHnZ90pQD-w&amp;_nc_tpa=Q5bMBQGO36mAceEvKRqJN12V3lUEKjBrw4Ijg33-GwAP6KD-akZgAZ2TGA-APNrscxw8MKXtd8dmUMbP2g&amp;oh=00_Af3I8r6Sskp-xYxF8_sMLhKr9nGKaYrNPI0cgtAjYqXxdg&amp;oe=69DDF47D\"\/><\/a><\/div><span class=\"fts-jal-fb-user-name\"><a href=\"https:\/\/www.facebook.com\/37018888149\" target=\"_blank\" rel=\"noreferrer\">Radio Basslover<\/a><\/span><span class=\"fts-jal-fb-post-time\">6 Tage(n) zuvor<\/span><div class=\"fts-clear\"><\/div><\/div><div class=\"fts-jal-fb-link-wrap fts-album-photos-wrap\"><a href=\"https:\/\/www.facebook.com\/photo.php?fbid=1445710954233545&#038;set=a.637419051729410&#038;type=3\" target=\"_blank\" rel=\"noreferrer\" class=\"fts-jal-fb-picture\"><img decoding=\"async\" border=\"0\" alt=\"Radio Basslover\" src=\"https:\/\/scontent-dus1-1.xx.fbcdn.net\/v\/t39.30808-6\/663045900_1445536277584346_5594920406312151269_n.jpg?stp=dst-jpg_p720x720_tt6&#038;_nc_cat=107&#038;ccb=1-7&#038;_nc_sid=13d280&#038;_nc_ohc=DO9ZrxseogYQ7kNvwF8ovmK&#038;_nc_oc=AdpUZMa3vXCJcfBTnVkuV-qaI2ibo1wnhbzmClzaReaOWGEWjSP3DeiW7pZYvSZZTdAzAxbtoBpwj6YqIBh6SQNL&#038;_nc_zt=23&#038;_nc_ht=scontent-dus1-1.xx&#038;edm=AKIiGfEEAAAA&#038;_nc_gid=WlCuUHHmdfSwGaFMOst3vw&#038;_nc_tpa=Q5bMBQHvAotS3r6vFhVii3kNwUpyWwLh87zNk7Gjva0O-s1NWZ2ZOj4wu5yARO3RcwyiW3V79Ijxixv4lA&#038;oh=00_Af3YWJWVLnQiJAM43QryPWh6E8GYev3jhFruPmiLtG7hVw&#038;oe=69DDE7B1\"\/><\/a><div class=\"slicker-facebook-album-photoshadow\"><\/div><div class=\"fts-jal-fb-description-wrap fts-photo-caption-text\"><div class=\"fts-jal-fb-description\">W\u00e4hrend der Aufnahme eines DJ-Sets in einer franz\u00f6sischen Bucht wird ein DJ pl\u00f6tzlich von einer Frau angegangen. Sie \u00fcbersch\u00fcttet ihn mit Kaffee, bewirft ihn mit Steinen und attackiert ihn sogar mit einem Taser. Das Video findet ihr \u00fcber den Link in den Kommentaren.<\/div><div class=\"fts-clear\"><\/div><\/div><div class=\"fts-clear\"><\/div><\/div><div class=\"fts-clear\"><\/div><\/div><div class=\"fts-likes-shares-etc-wrap\"><div class=\"fts-fb-likes-shares-etc-content\"><a href=\"https:\/\/www.facebook.com\/photo.php?fbid=1445710954233545&#038;set=a.637419051729410&#038;type=3\" target=\"_blank\" rel=\"noreferrer\" class=\"fts-jal-fb-see-more\"><span class=\"fts-count-wrap fts-likes-wrap\"><\/span><span class=\"fts-count-wrap fts-comments-wrap\"><\/span><span class=\"fts-count-wrap fts-shares-wrap\"><\/span><\/a><div class=\"fts-shares-view-on-fb-wrap\"><a href=\"https:\/\/www.facebook.com\/photo.php?fbid=1445710954233545&#038;set=a.637419051729410&#038;type=3\" target=\"_blank\" rel=\"noreferrer\" class=\"fts-view-on-facebook-url fts-jal-fb-see-more\"><span class=\"fts-view-on-facebook\">Auf Facebook ansehen<\/span><\/a><div class=\"fts-share-wrap\"><a href=\"javascript:;\" class=\"ft-gallery-link-popup\" title=\"Social-Share-Optionen\"><\/a><div class=\"ft-gallery-share-wrap\"><a href=\"https:\/\/www.facebook.com\/sharer\/sharer.php?u=https:\/\/www.facebook.com\/photo.php?fbid=1445710954233545&amp;set=a.637419051729410&amp;type=3\" target=\"_blank\" rel=\"noreferrer\" class=\"ft-galleryfacebook-icon\" title=\"Share this post on Facebook\"><i class=\"fa fa-facebook-square\"><\/i><\/a><a href=\"https:\/\/twitter.com\/intent\/tweet?text=https:\/\/www.facebook.com\/photo.php?fbid=1445710954233545&amp;set=a.637419051729410&amp;type=3+\" target=\"_blank\" rel=\"noreferrer\" class=\"ft-gallerytwitter-icon\" title=\"Share this post on Twitter\"><i class=\"fa fa-twitter\"><\/i><\/a><a href=\"https:\/\/www.linkedin.com\/shareArticle?mini=true&amp;url=https:\/\/www.facebook.com\/photo.php?fbid=1445710954233545&amp;set=a.637419051729410&amp;type=3\" target=\"_blank\" rel=\"noreferrer\" class=\"ft-gallerylinkedin-icon\" title=\"Share this post on Linkedin\"><i class=\"fa fa-linkedin\"><\/i><\/a><a href=\"mailto:?subject=Shared Link&amp;body=https:\/\/www.facebook.com\/photo.php?fbid=1445710954233545&amp;set=a.637419051729410&amp;type=3 - \" target=\"_blank\" rel=\"noreferrer\" class=\"ft-galleryemail-icon\" title=\"Share this post in your email\"><i class=\"fa fa-envelope\"><\/i><\/a><\/div><\/div><\/div><\/div><\/div><div class=\"fts-clear\"><\/div><\/div><\/div><div class=\"fts-clear\"><\/div><div id=\"fb-root\"><\/div><\/p>\r\n","protected":false},"excerpt":{"rendered":"","protected":false},"author":1,"featured_media":0,"parent":0,"menu_order":0,"comment_status":"closed","ping_status":"closed","template":"","meta":{"_crdt_document":"","_monsterinsights_skip_tracking":false,"_monsterinsights_sitenote_active":false,"_monsterinsights_sitenote_note":"","_monsterinsights_sitenote_category":0,"footnotes":""},"class_list":["post-2","page","type-page","status-publish","hentry"],"aioseo_notices":[],"_links":{"self":[{"href":"https:\/\/basslover.de\/index.php\/wp-json\/wp\/v2\/pages\/2","targetHints":{"allow":["GET"]}}],"collection":[{"href":"https:\/\/basslover.de\/index.php\/wp-json\/wp\/v2\/pages"}],"about":[{"href":"https:\/\/basslover.de\/index.php\/wp-json\/wp\/v2\/types\/page"}],"author":[{"embeddable":true,"href":"https:\/\/basslover.de\/index.php\/wp-json\/wp\/v2\/users\/1"}],"replies":[{"embeddable":true,"href":"https:\/\/basslover.de\/index.php\/wp-json\/wp\/v2\/comments?post=2"}],"version-history":[{"count":59,"href":"https:\/\/basslover.de\/index.php\/wp-json\/wp\/v2\/pages\/2\/revisions"}],"predecessor-version":[{"id":1397,"href":"https:\/\/basslover.de\/index.php\/wp-json\/wp\/v2\/pages\/2\/revisions\/1397"}],"wp:attachment":[{"href":"https:\/\/basslover.de\/index.php\/wp-json\/wp\/v2\/media?parent=2"}],"curies":[{"name":"wp","href":"https:\/\/api.w.org\/{rel}","templated":true}]}}