{"id":125,"date":"2025-02-08T06:43:53","date_gmt":"2025-02-08T06:43:53","guid":{"rendered":"https:\/\/basslover.de\/?page_id=125"},"modified":"2025-02-14T00:38:48","modified_gmt":"2025-02-14T00:38:48","slug":"smartphoneapp","status":"publish","type":"page","link":"https:\/\/basslover.de\/index.php\/smartphoneapp\/","title":{"rendered":"smartphoneapp"},"content":{"rendered":"<h1>Basslover Mobile App<\/h1>\n<p><img loading=\"lazy\" decoding=\"async\" class=\"alignleft\" src=\"https:\/\/web.archive.org\/web\/20211028195919im_\/http:\/\/www.basslover.de\/radio\/RBL-App\/Smartphones.png\" alt=\"\" width=\"359\" height=\"233\" \/><\/p>\n<div>\n<div id=\"IntroText\">\n<p><span style=\"font-size: 14px;\"><strong>Basslover<\/strong> ist eines der beliebtesten Web-Radios f\u00fcr elektronische Musik, sowie riesen Plattform f\u00fcr alle erdenklichen Aktivit\u00e4ten im House, Dance und Technobereich.<\/span><strong>\u00a0\u00a0\u00a0\u00a0\u00a0\u00a0\u00a0\u00a0\u00a0\u00a0\u00a0\u00a0\u00a0\u00a0\u00a0\u00a0\u00a0 <\/strong><\/p>\n<p><span style=\"font-size: 14px;\"><strong>Jetzt gibt es Radio Basslover auch als offizielle App f\u00fcr dein Smartphone!<\/strong><\/span><\/p>\n<div id=\"IntroText\">\n<p><span style=\"font-size: 14px;\">Alle Neuigkeiten, Fotos, Veranstaltungen und Termine landen so direkt auf dein Smartphone. Wann immer es etwas Neues gibt aus der Szene, oder von deinem Lieblings Radio klingelt&#8217;s auf deinem Smartphone. Verpasse keine Radio Show mehr.<br \/>\n<\/span><span style=\"font-size: 12px;\">Die &#8222;<strong>RBL App<\/strong>&#8220; sorgt immer f\u00fcr den direkten Draht, zu deinem Lieblings-Radio <a href=\"http:\/\/www.basslovers.de\/\" target=\"_self\">www.basslover.de<\/a><\/span><\/p>\n<p>&nbsp;<\/p>\n<\/div>\n<div><span style=\"font-size: 12px;\"><strong><a href=\"https:\/\/play.google.com\/store\/apps\/details?id=com.Tobit.android.Slitte63833046931&amp;hl=de\" target=\"_blank\" rel=\"noopener\">RBL App v5.466 downloaden<\/a><\/strong> (Aktuelle Version: 5.466-\/03.2017)<\/span><\/div>\n<div id=\"IntroText\"><a title=\"Basslover Apple App\" href=\"https:\/\/web.archive.org\/web\/20211028195919\/https:\/\/itunes.apple.com\/de\/app\/radio-basslover\/id726122511\" target=\"_blank\" rel=\"noopener\"><img loading=\"lazy\" decoding=\"async\" src=\"https:\/\/web.archive.org\/web\/20211028195919im_\/https:\/\/chayns.tobit.com\/ChaynsInstall\/Content\/Images\/appstore.png\" alt=\"\" width=\"83\" height=\"26\" \/><\/a>\u00a0<a title=\"Android Version jetzt Downloaden!\" href=\"https:\/\/web.archive.org\/web\/20211028195919\/https:\/\/play.google.com\/store\/apps\/details?id=com.Tobit.android.Slitte63833046931\" target=\"_blank\" rel=\"noopener\"><img loading=\"lazy\" decoding=\"async\" src=\"https:\/\/web.archive.org\/web\/20211028195919im_\/https:\/\/chayns.tobit.com\/ChaynsInstall\/Content\/Images\/GooglePlay.png\" alt=\"\" width=\"81\" height=\"26\" \/><\/a>\u00a0<a title=\"Android Version jetzt Downloaden!\" href=\"https:\/\/web.archive.org\/web\/20211028195919\/https:\/\/play.google.com\/store\/apps\/details?id=com.Tobit.android.Slitte6383304693\" target=\"_blank\" rel=\"noopener\"><img loading=\"lazy\" decoding=\"async\" src=\"https:\/\/web.archive.org\/web\/20211028195919im_\/https:\/\/chayns.tobit.com\/ChaynsInstall\/Content\/Images\/GooglePlay.png\" alt=\"\" width=\"81\" height=\"26\" \/><\/a>\u00a0<a title=\"Basslover Windows App\" href=\"https:\/\/web.archive.org\/web\/20211028195919\/http:\/\/www.windowsphone.com\/de-de\/store\/app\/radio-basslover\/9f42a1e9-222b-4dec-8d49-72fe8921f520\" target=\"_blank\" rel=\"noopener\"><img loading=\"lazy\" decoding=\"async\" src=\"https:\/\/web.archive.org\/web\/20211028195919im_\/https:\/\/chayns.tobit.com\/ChaynsInstall\/Content\/Images\/WindowsStore.png\" alt=\"\" width=\"83\" height=\"26\" \/><\/a><\/div>\n<\/div>\n<\/div>\n","protected":false},"excerpt":{"rendered":"<p>Basslover Mobile App Basslover ist eines der beliebtesten Web-Radios f\u00fcr elektronische Musik, sowie riesen Plattform f\u00fcr alle erdenklichen Aktivit\u00e4ten im House, Dance und Technobereich.\u00a0\u00a0\u00a0\u00a0\u00a0\u00a0\u00a0\u00a0\u00a0\u00a0\u00a0\u00a0\u00a0\u00a0\u00a0\u00a0\u00a0 Jetzt gibt es Radio Basslover auch als offizielle App f\u00fcr dein Smartphone! Alle Neuigkeiten, Fotos, Veranstaltungen und Termine landen so direkt auf dein Smartphone. Wann immer [&hellip;]<\/p>\n","protected":false},"author":1,"featured_media":0,"parent":0,"menu_order":0,"comment_status":"closed","ping_status":"closed","template":"","meta":{"_crdt_document":"","_monsterinsights_skip_tracking":false,"_monsterinsights_sitenote_active":false,"_monsterinsights_sitenote_note":"","_monsterinsights_sitenote_category":0,"footnotes":""},"class_list":["post-125","page","type-page","status-publish","hentry"],"aioseo_notices":[],"_links":{"self":[{"href":"https:\/\/basslover.de\/index.php\/wp-json\/wp\/v2\/pages\/125","targetHints":{"allow":["GET"]}}],"collection":[{"href":"https:\/\/basslover.de\/index.php\/wp-json\/wp\/v2\/pages"}],"about":[{"href":"https:\/\/basslover.de\/index.php\/wp-json\/wp\/v2\/types\/page"}],"author":[{"embeddable":true,"href":"https:\/\/basslover.de\/index.php\/wp-json\/wp\/v2\/users\/1"}],"replies":[{"embeddable":true,"href":"https:\/\/basslover.de\/index.php\/wp-json\/wp\/v2\/comments?post=125"}],"version-history":[{"count":5,"href":"https:\/\/basslover.de\/index.php\/wp-json\/wp\/v2\/pages\/125\/revisions"}],"predecessor-version":[{"id":260,"href":"https:\/\/basslover.de\/index.php\/wp-json\/wp\/v2\/pages\/125\/revisions\/260"}],"wp:attachment":[{"href":"https:\/\/basslover.de\/index.php\/wp-json\/wp\/v2\/media?parent=125"}],"curies":[{"name":"wp","href":"https:\/\/api.w.org\/{rel}","templated":true}]}}