{"id":123,"date":"2025-02-08T06:43:06","date_gmt":"2025-02-08T06:43:06","guid":{"rendered":"https:\/\/basslover.de\/?page_id=123"},"modified":"2025-02-18T12:52:14","modified_gmt":"2025-02-18T12:52:14","slug":"bannerlinks","status":"publish","type":"page","link":"https:\/\/basslover.de\/index.php\/bannerlinks\/","title":{"rendered":"Bannerlinks"},"content":{"rendered":"<div><span style=\"font-size: 14px;\">Du m\u00f6chtest Radio Basslover bei dir auf der eigenen Homepage verlinken? <strong>Kein Problem<\/strong>! Hier findest du die derzeit verf\u00fcgbaren Banner mit dem Quellcode f\u00fcr statische Links die du dir direkt auf deine Homepage holen kannst. Klick daf\u00fcr den unter dem entsprechenden Banner befindlichen Link. Kopiere dir den Html-Code, setze diesen in deine Homepage ein und dann wird der Banner automatisch vom Basslover Server geladen und angezeigt.<\/span><\/div>\n<table class=\"linkusbanner\">\n<tbody>\n<tr>\n<th colspan=\"6\">Breite: 120 Pixel, H\u00f6he: 600 Pixel<\/th>\n<\/tr>\n<tr>\n<td><a href=\"https:\/\/web.archive.org\/web\/20220127225645\/https:\/\/basslover.de\/linkus.de.php?id=1\"><img decoding=\"async\" src=\"https:\/\/web.archive.org\/web\/20220127225645im_\/https:\/\/basslover.de\/rbl-lub-1.jpg\" alt=\"\" \/><br \/>\nCode anzeigen<\/a><\/td>\n<td><a href=\"https:\/\/web.archive.org\/web\/20220127225645\/https:\/\/basslover.de\/linkus.de.php?id=2\"><img decoding=\"async\" src=\"https:\/\/web.archive.org\/web\/20220127225645im_\/https:\/\/basslover.de\/rbl-lub-2.jpg\" alt=\"\" \/><br \/>\nCode anzeigen<\/a><\/td>\n<td><a href=\"https:\/\/web.archive.org\/web\/20220127225645\/https:\/\/basslover.de\/linkus.de.php?id=3\"><img decoding=\"async\" src=\"https:\/\/web.archive.org\/web\/20220127225645im_\/https:\/\/basslover.de\/rbl-lub-3.jpg\" alt=\"\" \/><br \/>\nCode anzeigen<\/a><\/td>\n<td><a href=\"https:\/\/web.archive.org\/web\/20220127225645\/https:\/\/basslover.de\/linkus.de.php?id=4\"><img decoding=\"async\" src=\"https:\/\/web.archive.org\/web\/20220127225645im_\/https:\/\/basslover.de\/rbl-lub-4.jpg\" alt=\"\" \/><br \/>\nCode anzeigen<\/a><\/td>\n<td><a href=\"https:\/\/web.archive.org\/web\/20220127225645\/https:\/\/basslover.de\/linkus.de.php?id=5\"><img decoding=\"async\" src=\"https:\/\/web.archive.org\/web\/20220127225645im_\/https:\/\/basslover.de\/rbl-lub-5.jpg\" alt=\"\" \/><br \/>\nCode anzeigen<\/a><\/td>\n<td><a href=\"https:\/\/web.archive.org\/web\/20220127225645\/https:\/\/basslover.de\/linkus.de.php?id=6\"><img decoding=\"async\" src=\"https:\/\/web.archive.org\/web\/20220127225645im_\/https:\/\/basslover.de\/rbl-lub-6.jpg\" alt=\"\" \/><br \/>\nCode anzeigen<\/a><\/td>\n<\/tr>\n<\/tbody>\n<\/table>\n<table class=\"linkusbanner\" cellspacing=\"0\" cellpadding=\"0\">\n<tbody>\n<tr>\n<th colspan=\"3\">Breite: 160 Pixel, H\u00f6he: 600 Pixel<\/th>\n<\/tr>\n<tr>\n<td><a href=\"https:\/\/web.archive.org\/web\/20220127225645\/https:\/\/basslover.de\/linkus.de.php?id=7\"><img decoding=\"async\" src=\"https:\/\/web.archive.org\/web\/20220127225645im_\/https:\/\/basslover.de\/rbl-lub-7.jpg\" alt=\"\" \/><br \/>\nCode anzeigen<\/a><\/td>\n<td><a href=\"https:\/\/web.archive.org\/web\/20220127225645\/https:\/\/basslover.de\/linkus.de.php?id=8\"><img decoding=\"async\" src=\"https:\/\/web.archive.org\/web\/20220127225645im_\/https:\/\/basslover.de\/rbl-lub-8.jpg\" alt=\"\" \/><br \/>\nCode anzeigen<\/a><\/td>\n<td><a href=\"https:\/\/web.archive.org\/web\/20220127225645\/https:\/\/basslover.de\/linkus.de.php?id=9\"><img decoding=\"async\" src=\"https:\/\/web.archive.org\/web\/20220127225645im_\/https:\/\/basslover.de\/rbl-lub-9.jpg\" alt=\"\" \/><br \/>\nCode anzeigen<\/a><\/td>\n<\/tr>\n<\/tbody>\n<\/table>\n<table class=\"linkusbanner\" cellspacing=\"0\" cellpadding=\"0\">\n<tbody>\n<tr>\n<th colspan=\"3\">Breite: 300 Pixel, H\u00f6he: 250 Pixel<\/th>\n<\/tr>\n<tr>\n<td><a href=\"https:\/\/web.archive.org\/web\/20220127225645\/https:\/\/basslover.de\/linkus.de.php?id=13\"><img decoding=\"async\" src=\"https:\/\/web.archive.org\/web\/20220127225645im_\/https:\/\/basslover.de\/rbl-lub-13.jpg\" alt=\"\" \/><br \/>\nCode anzeigen<\/a><\/td>\n<td><a href=\"https:\/\/web.archive.org\/web\/20220127225645\/https:\/\/basslover.de\/linkus.de.php?id=14\"><img decoding=\"async\" src=\"https:\/\/web.archive.org\/web\/20220127225645im_\/https:\/\/basslover.de\/rbl-lub-14.jpg\" alt=\"\" \/><br \/>\nCode anzeigen<\/a><\/td>\n<\/tr>\n<\/tbody>\n<\/table>\n","protected":false},"excerpt":{"rendered":"<p>Du m\u00f6chtest Radio Basslover bei dir auf der eigenen Homepage verlinken? Kein Problem! Hier findest du die derzeit verf\u00fcgbaren Banner mit dem Quellcode f\u00fcr statische Links die du dir direkt auf deine Homepage holen kannst. Klick daf\u00fcr den unter dem entsprechenden Banner befindlichen Link. Kopiere dir den Html-Code, setze diesen [&hellip;]<\/p>\n","protected":false},"author":1,"featured_media":0,"parent":0,"menu_order":0,"comment_status":"closed","ping_status":"closed","template":"","meta":{"_crdt_document":"","_monsterinsights_skip_tracking":false,"_monsterinsights_sitenote_active":false,"_monsterinsights_sitenote_note":"","_monsterinsights_sitenote_category":0,"footnotes":""},"class_list":["post-123","page","type-page","status-publish","hentry"],"aioseo_notices":[],"_links":{"self":[{"href":"https:\/\/basslover.de\/index.php\/wp-json\/wp\/v2\/pages\/123","targetHints":{"allow":["GET"]}}],"collection":[{"href":"https:\/\/basslover.de\/index.php\/wp-json\/wp\/v2\/pages"}],"about":[{"href":"https:\/\/basslover.de\/index.php\/wp-json\/wp\/v2\/types\/page"}],"author":[{"embeddable":true,"href":"https:\/\/basslover.de\/index.php\/wp-json\/wp\/v2\/users\/1"}],"replies":[{"embeddable":true,"href":"https:\/\/basslover.de\/index.php\/wp-json\/wp\/v2\/comments?post=123"}],"version-history":[{"count":3,"href":"https:\/\/basslover.de\/index.php\/wp-json\/wp\/v2\/pages\/123\/revisions"}],"predecessor-version":[{"id":428,"href":"https:\/\/basslover.de\/index.php\/wp-json\/wp\/v2\/pages\/123\/revisions\/428"}],"wp:attachment":[{"href":"https:\/\/basslover.de\/index.php\/wp-json\/wp\/v2\/media?parent=123"}],"curies":[{"name":"wp","href":"https:\/\/api.w.org\/{rel}","templated":true}]}}