{"id":118,"date":"2025-02-08T06:41:43","date_gmt":"2025-02-08T06:41:43","guid":{"rendered":"https:\/\/basslover.de\/?page_id=118"},"modified":"2025-03-27T15:58:17","modified_gmt":"2025-03-27T14:58:17","slug":"gewinnspiele","status":"publish","type":"page","link":"https:\/\/basslover.de\/index.php\/gewinnspiele\/","title":{"rendered":"Gewinnspiele"},"content":{"rendered":"<p><strong>Gewinnspiel = Sommer Safari 2014 Tag &amp; Nacht # 2 (21..06.2014@Postbahnhof)<\/strong><br \/>\n20.06.2014 &#8211; Kategorie: Gewinnspiele<br \/>\nDie SommerSafari, als OpenAir Festival um die Jahrtausendwende entstanden, blickt auf eine beachtliche Historie zur\u00fcck. Zwischen 2000 und 2006 fanden 12 grandiose OpenAir Parties im Berliner Umland statt, bis die SommerSafari ab 2008 in der Berliner Arena eine neue Heimat fand. (Basslover verlost 4 Freikarten)<\/p>\n<hr \/>\n<p><strong>Tunnel Trance Force Vol. 68 (Gewinnspiel)<\/strong><br \/>\n25.02.2014 &#8211; Kategorie: Gewinnspiele<br \/>\nTunnel Trance Force Vol. 68 \u2013 Directly from the Club into your Mind! und Radio Basslover verlost wieder 2 Exemplare&#8230;.weitere Infos im Live Programm und auf www.facebook.com\/RadioBasslover<\/p>\n<hr \/>\n<p><strong>Airbeat One Dance Festival 2013 (2 Festival Tickets)<\/strong><br \/>\n22.06.2013 &#8211; Kategorie: Gewinnspiele<br \/>\nIm Juli diesen Jahres wird es wieder hei\u00df in Mecklenburg-Vorpommern. Vom 18. bis 21. Juli findet zum mittlerweile 12. Mal das Airbeat-One Dance Festival in Neustadt-Glewe statt. \u00dcber 100 Acts werden dir hier auf f\u00fcnf verschiedenen Stages pr\u00e4sentiert. F\u00fcr jeden Musikgeschmack ist etwas dabei. (Basslover verlost 2 Festival Tickets)<\/p>\n<hr \/>\n<p><strong>Ruhr in Love 2013 (Eintrittkarte + Fanshirt + RBL VIP Bereich)<\/strong><br \/>\n22.06.2013 &#8211; Kategorie: Gewinnspiele<br \/>\nWas w\u00e4re das elektronische Familienfest ohne die vielen Familienmitglieder &#8211; Am 29.06. erwarten Euch im OlgaPark Oberhausen 38 bunt und ideenreich dekorierte Floors, darunter \u201ealte Familienfesthasen\u201c, zb. Basslover \ud83d\ude09 (6 Tickets und vieles mehr im Ruhr in Love 2013 RBL Warmup)<\/p>\n<hr \/>\n<p><strong>Sommer Safari 2013 Tag &amp; Nacht \/21. Juni @ Postbahnhof Berlin<\/strong><br \/>\n19.06.2013 &#8211; Kategorie: Gewinnspiele<br \/>\nDie SommerSafari, als OpenAir Festival um die Jahrtausendwende entstanden, blickt auf eine beachtliche Historie zur\u00fcck. Zwischen 2000 und 2006 fanden 12 grandiose OpenAir Parties im Berliner Umland statt, bis die SommerSafari ab 2008 in der Berliner Arena eine neue Heimat fand. (6 Karten Verlost)<\/p>\n<hr \/>\n<p><strong>Paul van Dyk presents WE ARE ONE -Berlin (5&#215;2 Festival-Karten)<\/strong><br \/>\n30.05.2013 &#8211; Kategorie: Gewinnspiele<br \/>\nRadio Basslover verlost 5&#215;2 Festival-Tickets zur Veranstaltung powered by www.paulvandyk.com \/ www.vandit.com<\/p>\n<hr \/>\n<p><strong>A&amp;P Berlin Summer Rave (2&#215;2 Freikarten)<\/strong><br \/>\n25.05.2013 &#8211; Kategorie: Gewinnspiele<br \/>\nDie 4. Auflage des gr\u00f6\u00dften Indoor-Raves Berlins findet erstmals f\u00fcr 25.000 G\u00e4ste in vier Hangars des Flughafens Tempelhof statt, und wir von Radio Basslover verloren ab Sofort in unsere Liveshow Karten zur Party. M\u00f6chtest Du eine Karte gewinnen? dann schalte ein von 12-18 Uhr (25.05.2013)!<\/p>\n<hr \/>\n<p><strong>(Game) Steam-Store in Wert von 20 \u20ac Gewinnspiel @BazzTunerZ<\/strong><br \/>\n18.05.2013 &#8211; Kategorie: Gewinnspiele<br \/>\nRadio Basslover verlost wieder 1 x Steam-Game aus dem Steam-Store in Wert von 20\u20ac!!!<\/p>\n<hr \/>\n<p><strong>GEWINNSPIEL &#8211; OVERDRIVE &#8211; The Mythology (18.05.2013@M\u00fcnchen)<\/strong><br \/>\n13.05.2013 &#8211; Kategorie: Gewinnspiele<br \/>\nAm 18.05.2013 ist es endlich soweit, und wir von Radio Basslover verloren ab Sofort in unsere Liveshow Karten zur Party. M\u00f6chtest Du eine Karte gewinnen? dann schalte ein von 16-22 Uhr bis einschlie\u00dflich Freitag den 17.05.2013!<\/p>\n<hr \/>\n<p><strong>Silvester Spreesafari 2012\/2013 Freikarten 2&#215;2<\/strong><br \/>\n18.12.2012 &#8211; Kategorie: Gewinnspiele<br \/>\nNur 300m vom &#8222;Alexanderplatz&#8220; und genau gegen\u00fcber dem &#8222;Roten Rathaus&#8220; entert die SPREESAFARI &#8211; CREW die Produktionshallen der &#8222;ALTEN M\u00dcNZE&#8220;, um Berlins gr\u00f6\u00dfte Silvesterparty zu feiern, die sich ausschlie\u00dflich der elektronischen Tanzmusik widmet. Das Lineup aus 30 national und international bekannten K\u00fcnstlern spricht f\u00fcr sich. Radio Basslover verlost 2&#215;2 Tickets zur Veranstaltung powered by Spreesafari.com (Gewinner ermittelt)<\/p>\n<hr \/>\n<p><strong>Nature One 2012 Compilation Gewinnspiel<\/strong><br \/>\n09.08.2012 &#8211; Kategorie: Gewinnspiele<br \/>\nKontor Records hat mit 3 CDs und \u00fcber 60 Tracks &#8222;The Official Nature One Compilation&#8220; ver\u00f6ffentlicht. Die Compilation ist sofort im Handel erh\u00e4tlich und beinhaltet namhafte K\u00fcnstler, die ihr K\u00f6nnen auch auf der Nature One unter Beweis stellen werden.<\/p>\n<hr \/>\n<p><strong>SommerSafari 2012 Gewinnspiel (gewinner)<\/strong><br \/>\n19.06.2012 &#8211; Kategorie: Gewinnspiele<br \/>\nDie SommerSafari zelebriert am 23. Juni die freie Liebe! Daher ist die Zeit reifer denn je, dass SommerSafari und Berliner CSD auch offiziell all die vereint, die anders und eigentlich doch so gleich sind. Samstag, 23.06.2012 auf 5 Floors | ARENA Gel\u00e4nde (6 Karten der Sommer Safari)<\/p>\n<hr \/>\n<p><strong>Ruhr in Love 2012 (Eintrittkarte + Fanshirt + RBL VIP Bereich)<\/strong><br \/>\n02.05.2012 &#8211; Kategorie: Gewinnspiele<br \/>\nWas w\u00e4re das elektronische Familienfest ohne die vielen Familienmitglieder &#8211; die FloorPartner? Am 30.06. erwarten Euch im OlgaPark Oberhausen 35 bunt und ideenreich dekorierte Floors, darunter \u201ealte Familienfesthasen\u201c, die seit der ersten Ruhr-in-Love dabei sind.<\/p>\n<hr \/>\n<p><strong>MAYDAY 2012 Gewinnspiel (Eintrittkarte + Fanshirt)<\/strong><br \/>\n24.04.2012 &#8211; Kategorie: Gewinnspiele<br \/>\nAm 30. April 2012 ist es wieder soweit. Die Maday, das Mega-Event &#8222;Mutter aller Raves\u201c findet in der Dortmunder Westfalenhalle statt. 50 nationale und internationale DJs werden vertreten sein, unter anderem auch Paul van Dyk. Vom 20.04 bis 25.04.2012 verlost Basslover im laufende Programm Eintrittskarten, sowie Fanshirt\u00b4s f\u00fcr die Mayday 2012<\/p>\n<hr \/>\n<p><strong>Tunnel Trance Force Vol. 59<\/strong><br \/>\n29.11.2011 &#8211; Kategorie: Gewinnspiele<br \/>\nDie neue Ausgabe der Tunnel Trance Force mit dem originalen DJ Dean Megamix heizt Euch ordentlich ein, denn der Winter kommt bestimmt und da darf das hei\u00dfe Partyfeeling mit den Besten Sounds der Szene nicht fehlen. Wir von Radio Basslover verlosen nat\u00fcrlich wieder 2 Exemplare im Live Programm!<\/p>\n<p><strong>Tunnel Trance Force Vol.58<\/strong><br \/>\n29.07.2011 &#8211; Kategorie: Gewinnspiele<br \/>\nTUNNEL TRANCE FORCE VOL. 58 &#8211; Mit \u00dcberschallgeschwindigkeit an die Spitze der Charts. Mit einer weiteren Neon-Ausgabe der Tunnel Trance Force geht es in den hei\u00dfen Sommer. Zwei absolute Megamixes garantieren euch pures Partyfeeling mit dem Besten was die (Hard-) Trance, Handsup und Electro Szene zu bieten hat.<\/p>\n<hr \/>\n<p><strong>Sommer Safari 2011 (NEON)<\/strong><br \/>\n14.07.2011 &#8211; Kategorie: Gewinnspiele<br \/>\nGanz neu, wenn nicht sogar zum ersten Mal in Berlin, sind die diesj\u00e4hrigen Headliner: die beiden Mail\u00e4nder Ober\u00fcberflieger CROOKERS sind der hei\u00dfeste Scheiss, den der Raveolymp zu Zeit zu bieten hat. Fast schon zum Raveurgestein geh\u00f6ren Lexy &amp; K-Paul, die zur SommerSafari Homebase zur\u00fcckkehren, um abermals eine ihrer unglaublichen Shows zum Besten zu geben. Und dann sagen sicher nicht nur Laserkraft 3D \u201enein man, ich will noch nicht geh\u2019n!\u201c Warum auch, denn nicht nur Oliver Koletzki und AKA AKA werden Schwierigkeiten haben, ein Ende zu finden. Rave on\u2026<\/p>\n<hr \/>\n<p><strong>DJ Networx Vol. 49<\/strong><br \/>\n30.06.2011 &#8211; Kategorie: Gewinnspiele<br \/>\nDJ NETWORX VOL. 49 \u2013 Noch h\u00e4rter, noch lauter, noch besser!!! Die CD Reihe der DJ Networx steht schon seit Jahren f\u00fcr ordentlich Druck, fette Beatz und Basslines! Und auch dieses Mal wird der Bassdurst der Partycrowd gestillt werden.<\/p>\n<hr \/>\n<p><strong>Tunnel Trance Force Vol. 57<\/strong><br \/>\n05.05.2011 &#8211; Kategorie: Gewinnspiele<br \/>\nDas neue powervolle Volume der Tunnel Trance Force wird auch den letzten Rest Fr\u00fchjahrsm\u00fcdigkeit aus deinen Knochen pusten. Mit geballter Hitpower und perfekt klingenden Sounds hat DJ Dean zwei absolute Megamixe erschaffen, die jedes Raverherz h\u00f6her schlagen lassen.<\/p>\n<hr \/>\n<p><strong>DJ Networx Vol.48<\/strong><br \/>\n26.03.2011 &#8211; Kategorie: Gewinnspiele<br \/>\nDas inzwischen 48. Volume der DJ Networx h\u00f6rt sich kein bisschen alt an. Ganz im Gegenteil, die beiden Silberlinge haben wieder mal ordentlich Druck getankt und erf\u00fcllen jeden Wunsch der bassdurstigen Partycrowd.<\/p>\n<hr \/>\n<p><strong>Ruhr-in-Love 2011<\/strong><br \/>\n18.03.2011 &#8211; Kategorie: Gewinnspiele<br \/>\nFestivalzeit ist Familienfestzeit! Am 25. Juni wird der OlgaPark in Oberhausen zur bl\u00fchenden Festivallandschaft. Zum Familienfest der elektronischen Musikszene pr\u00e4sentieren sich die Macher der Szene auf 35 liebevoll und ideenreich gestalteten B\u00fchnen und DanceFloors. Insgesamt \u00fcber 300 DJs und LiveActs auf 35 Floors!<\/p>\n<hr \/>\n<p><strong>Hardstyle Germany Vol. 6<\/strong><br \/>\n28.02.2011 &#8211; Kategorie: Gewinnspiele<br \/>\nDie inzwischen 6. Ausgabe der Hardstyle Germany macht sich auf den Weg um eure Boxen richtig ins schwitzen zu bringen. Mit der bezaubernden DeeJane Kim und den beiden Hardstyle Br\u00fcdern, den G-Style Brothers, hat die Compilation die perfekte Besetzung gefunden um euch den besten Sound und die perfekte Trackauswahl zu bieten. Es erwartet Euch ein absolut fettes Tracklisting, mit allen aktuellen Krachern und den Burnern des letzten Jahres ! Mit dabei die crem\u00e9 de la crem\u00e9 des Hardstyles: Ran-D, The Pitcher. Brennan Heart, Donkey Rollers, Zatox &amp; Tatanka und viele, viele mehr.<\/p>\n<hr \/>\n<p><strong>Tunnel Trance Force Vol. 56<\/strong><br \/>\n03.02.2011 &#8211; Kategorie: Gewinnspiele<br \/>\nMit \u00dcberschallgeschwindigkeit an die Spitze der Charts. Mit der 56. Ausgabe der Tunnel Trance Force kommt geballte Hitpower direkt in eure Boxen. DJ Dean hat mal wieder sein K\u00f6nnen unter Beweis gestellt und pr\u00e4sentiert auf zwei Silberlingen die absoluten Mega Mixes. Mit insgesamt 50 Tracks bekommt man mit dieser CD das Beste und Aktuellste der Dance Szene geboten.<\/p>\n<hr \/>\n<p><strong>DJ Networx Vol. 47<\/strong><br \/>\n08.01.2011 &#8211; Kategorie: Gewinnspiele<br \/>\nDas neue Jahr startet direkt mit einer neuen druckvollen Ausgabe der DJ Networx Vol. 47. Die beiden DJs Patrick Bunton &amp; Waveliner pr\u00e4sentieren euch auf zwei Silberlingen die Sahnest\u00fccke aus Hands-Up und Hardstyle und sorgen garantiert daf\u00fcr, dass der Staub aus euren Boxen fliegt.<\/p>\n<hr \/>\n<p><strong>Tunnel Trance Force Vol. 55<\/strong><br \/>\n18.11.2010 &#8211; Kategorie: Gewinnspiele<br \/>\nMit der 55. Ausgabe der Tunnel Trance Force wird ein kleines Jubil\u00e4um gefeiert. Mit einer gro\u00dfen Menge an Chart-Hits, unver\u00f6ffentlichten Tracks und undergroundigem Sound ist DJ Dean auch hier wieder die perfekte Mischung gelungen.<\/p>\n<hr \/>\n<p><strong>DJ Networx Vol. 46<\/strong><br \/>\n24.09.2010 &#8211; Kategorie: Gewinnspiele<br \/>\nDJ Networx &#8211; die h\u00e4rteste Versuchung seit es Hardstyle gibt. 2 CDs beladen mit ordentlich viel Druck und Bass, vereint in zwei absoluten Megamixen by Patrick Bunton &amp; Waveliner. Die beiden DJs haben das Beste der Szene herausgepickt und stillen damit den Bassdurst der Partycrowd.<\/p>\n","protected":false},"excerpt":{"rendered":"<p>Gewinnspiel = Sommer Safari 2014 Tag &amp; Nacht # 2 (21..06.2014@Postbahnhof) 20.06.2014 &#8211; Kategorie: Gewinnspiele Die SommerSafari, als OpenAir Festival um die Jahrtausendwende entstanden, blickt auf eine beachtliche Historie zur\u00fcck. Zwischen 2000 und 2006 fanden 12 grandiose OpenAir Parties im Berliner Umland statt, bis die SommerSafari ab 2008 in der [&hellip;]<\/p>\n","protected":false},"author":1,"featured_media":407,"parent":0,"menu_order":0,"comment_status":"closed","ping_status":"closed","template":"","meta":{"_crdt_document":"","_monsterinsights_skip_tracking":false,"_monsterinsights_sitenote_active":false,"_monsterinsights_sitenote_note":"","_monsterinsights_sitenote_category":0,"footnotes":""},"class_list":["post-118","page","type-page","status-publish","has-post-thumbnail","hentry"],"aioseo_notices":[],"_links":{"self":[{"href":"https:\/\/basslover.de\/index.php\/wp-json\/wp\/v2\/pages\/118","targetHints":{"allow":["GET"]}}],"collection":[{"href":"https:\/\/basslover.de\/index.php\/wp-json\/wp\/v2\/pages"}],"about":[{"href":"https:\/\/basslover.de\/index.php\/wp-json\/wp\/v2\/types\/page"}],"author":[{"embeddable":true,"href":"https:\/\/basslover.de\/index.php\/wp-json\/wp\/v2\/users\/1"}],"replies":[{"embeddable":true,"href":"https:\/\/basslover.de\/index.php\/wp-json\/wp\/v2\/comments?post=118"}],"version-history":[{"count":5,"href":"https:\/\/basslover.de\/index.php\/wp-json\/wp\/v2\/pages\/118\/revisions"}],"predecessor-version":[{"id":755,"href":"https:\/\/basslover.de\/index.php\/wp-json\/wp\/v2\/pages\/118\/revisions\/755"}],"wp:featuredmedia":[{"embeddable":true,"href":"https:\/\/basslover.de\/index.php\/wp-json\/wp\/v2\/media\/407"}],"wp:attachment":[{"href":"https:\/\/basslover.de\/index.php\/wp-json\/wp\/v2\/media?parent=118"}],"curies":[{"name":"wp","href":"https:\/\/api.w.org\/{rel}","templated":true}]}}