{"id":1131,"date":"2025-05-03T01:35:12","date_gmt":"2025-05-02T23:35:12","guid":{"rendered":"https:\/\/basslover.de\/?page_id=1131"},"modified":"2025-05-03T01:36:22","modified_gmt":"2025-05-02T23:36:22","slug":"interview-mit-deepack","status":"publish","type":"page","link":"https:\/\/basslover.de\/index.php\/interviews\/interview-mit-deepack\/","title":{"rendered":"Interview mit Deepack"},"content":{"rendered":"<h4><img loading=\"lazy\" decoding=\"async\" class=\"size-full wp-image-1133 alignright\" src=\"https:\/\/basslover.de\/wp-content\/uploads\/2025\/05\/interview-deepack.jpg\" alt=\"\" width=\"300\" height=\"400\" \/>Interview mit Deepack<\/h4>\n<p><span style=\"font-size: 12px;\">Am 7.6.08 schwebte der Virus \u00fcber Hamburg laut Veranstalter str\u00f6mten ca. 1500 Hardstyle Fanatiker in die Markthalle. Auch DJ Gr\u00f6\u00dfen wie Deepack, Charly Lownoise, Dj Isaac, Gollum, D-Block &amp; S-te-fan, Mikesh und viele mehr, fanden sich mit der Zeit dort ein und brachten auf 4 verschiedenen Floors, mit feinsten deutsch-holl\u00e4ndischen Hardstyle Flair, das Feiervolk zum Kochen. Erlebnis pur war die Lasershow, die auf dem Mainfloor von den Veranstaltern super inziniert war.<\/span><br \/>\n<span style=\"font-size: 12px;\">Auch wir von www.basslover.de hatten einen eigenen Floor und haben extra Headliner wie Mikesh, Gollum aka Langenhagen, Tonic &amp; Shandar daf\u00fcr gebucht mit denen wir uns zusammen mit den Ravers United ordentlich auf dem Floor auslassen konnten. Den Startschu\u00df machte um 21:00 Uhr DJ NRG. Jeder wei\u00df wie schwer es ist als erster die H\u00fctte zu rocken, aber er schaffte es dennoch und die Menge tobte. Es macht nicht die Menge der Leute, sondern die Feierlaune und diese war sehr gut. Weiter an den Decks, standen ab:<\/span><br \/>\n<strong><span style=\"font-size: 12px;\">22:00 &#8211; 23:00 Uhr -&gt; BuzzMain<\/span><\/strong><br \/>\n<strong><span style=\"font-size: 12px;\">23:00 &#8211; 00-00 Uhr -&gt; Top-C<\/span><\/strong><br \/>\n<strong><span style=\"font-size: 12px;\">00:00 &#8211; 00:50 Uhr -&gt; Mikesh<\/span><\/strong><br \/>\n<strong><span style=\"font-size: 12px;\">00:50 &#8211; 01:40 Uhr -&gt; Gollum<\/span><\/strong><br \/>\n<strong><span style=\"font-size: 12px;\">01:40 &#8211; 02:30 Uhr -&gt; Bassinterface<\/span><\/strong><br \/>\n<strong><span style=\"font-size: 12px;\">02:30 &#8211; 03:20 Uhr -&gt; Tonic &amp; Shandar<\/span><\/strong><\/p>\n<p><span style=\"font-size: 12px;\">Ein weiterer gezielter Erfolg an diesem Abend war es f\u00fcr uns, die einzigste Deejane auf der Infection.NL und das auf unseren Floor zu bringen!<\/span><br \/>\n<strong><span style=\"font-size: 12px;\">03:20 &#8211; 04:10 Uhr -&gt; Deejay Massive &amp; Lady Nantea gefolgt von<\/span><\/strong><br \/>\n<strong><span style=\"font-size: 12px;\">04:10 &#8211; 05:00 Uhr -&gt; Blunatix and last but not least von<\/span><\/strong><br \/>\n<strong><span style=\"font-size: 12px;\">05:00 &#8211; 06:00 Uhr -&gt; Dj Bassforce<\/span><\/strong><\/p>\n<p><span style=\"font-size: 12px;\">Das Highlight auf unserem Floor war, das zwei Tanzk\u00e4fige rechts und links vor dem DJ Pult standen, die auch von tanzenden Partypeoples ausgenutzt wurden. Leider passten da nur leichtgebaute Leute rein, wie zum Beispiel unser Chef &#8222;Gismo&#8220; ;). Unsere Basslover DJ`s hatten bei ihren Auftritten ihren Spa\u00df. Sie animierten das tanzw\u00fctige Volk mit knallharten Beats in den hohen BPM Bereich und lockten weitere hungrige Partyg\u00e4nger auf die Tanzfl\u00e4che. Genuss pur!<\/span><br \/>\n<span style=\"font-size: 12px;\">Wir lie\u00dfen nicht locker und wollten den Listener\u00b4n die nicht vor Ort sein konnten, das Feeling der Infection.NL so nah wie es ging nach Hause bringen und ihnen etwas Besonderes bieten. Jeder sollte in unseren Herzen mit dabei sein! Deshalb suchten wir verschiedene DJ\u00b4s f\u00fcr Euch auf und interviewten sie. Einige sprachen kein deutsch, aber dann kamen andere zur Hilfe. Teamwork versteht sich also auch unter DJ und Redakteuren. Eine \u00dcberraschung und Freude war es DJ Isaac auf holl\u00e4ndisch zu interviewen, der dar\u00fcber sichtlich etwas verwirrt erschien, aber wohl dann doch begeistert mit unserem Mitarbeiter Trance Arts plauderte.<\/span><br \/>\n<span style=\"font-size: 12px;\">Als auf unserem Floor der LJ ausfiel lie\u00dfen wir uns nicht schocken, denn es gibt f\u00fcr alles eine L\u00f6sung, kurzerhand stellten sich Gismo &amp; Schumi abwechselnd hinters Light-Pult, damit die Lightshow nicht ganz ausfiel. Es kann nicht immer alles perfekt geplant werden, aber in die Tat umgesetzt werden kann es. Der ganze Abend war f\u00fcr uns ein voller Erfolg auch wenn in unserem \u00dcbertragungsraum durchgehend 30-34 \u00b0C herschten gingen wir mit diesem Event erneut Live &amp; Offiziell sendeten wir an diesem Abend f\u00fcr euch auch \u00fcber UKW und Satelit!<\/span><br \/>\n<span style=\"font-size: 12px;\">Wir hatten alle super Spa\u00df und nahmen Kontakt zu fast jeder DJ Gr\u00f6\u00dfe auf und sprachen mit ihnen. Mc Villain der bereits 2007 schon mal auf der Infection.NL vertreten war sagte uns in einem Gespr\u00e4ch: &#8222;Norddeutschland ist gem\u00fctlich zum feiern&#8220;. Charly Lownoise der diese Jahr das erste Mal dabei sein durfte, aber schon \u00f6fters in Hamburg zu Besuch war \u00e4u\u00dferte sich: &#8222;In Norddeutschland feiern die geilsten Partyschweine die es gibt&#8220;. Wenn das mal kein Kompliment ist. Danke Mc Villain, Charly Lownoise und allen anderen die uns unterst\u00fctzt haben!<\/span><br \/>\n<span style=\"font-size: 12px;\">Ihr habt echt ein spitzenm\u00e4\u00dfiges super geniales Event verpasst. Wir freuen uns auf die n\u00e4chste Infection.NL! Und hoffen mit Euch zusammen! Bedanken m\u00f6chten wir uns auch nocheinmal beim\u00a0<a href=\"http:\/\/www.infection-nl.de\/\" target=\"_blank\" rel=\"noopener\">Veranstalter der Infection.NL<\/a>, bei allen Mitarbeitern und Anwesenden vor Ort. Nicht zu vergessen abenso einen Dank an alle die im Hintergrund die ganze Nacht die \u00dcbertragung auf Basslover \u00fcberwacht haben.<strong>\u00a0<\/strong><\/span><\/p>\n<p><span style=\"font-size: 14px;\"><strong>\u00a0<\/strong><strong>Das Interview mit Deepack<\/strong><\/span><\/p>\n<p><span style=\"font-size: 12px;\">W\u00e4hrend der Live\u00fcbertagung f\u00fchrte unser Pille noch das ein oder andere sehr spontane Interview durch das wir an dieser Stelle noch einmal f\u00fcr euch einstellen:<strong>\u00a0<\/strong><\/span><\/p>\n<p><span style=\"font-size: 12px;\"><strong>Pille:<\/strong> Deepack: 1, 2, 3. Ja&#8230; Er testet schon mal an.<\/span><br \/>\n<span style=\"font-size: 12px;\"><strong>Deepack:<\/strong> Hallo, Hallo!<\/span><br \/>\n<span style=\"font-size: 12px;\"><strong>Pille:<\/strong> Wie Ihr h\u00f6ren k\u00f6nnt! Es ist Deepack, du sprichst gut Deutsch?<\/span><br \/>\n<span style=\"font-size: 12px;\"><strong>Deepack:<\/strong> Ja klein bisschen ein kleines bisschen.<\/span><br \/>\n<span style=\"font-size: 12px;\"><strong>Pile:<\/strong> Ein Kleines bisschen ist gut. wie sieht es aus macht es dir Spa\u00df hier?<\/span><br \/>\n<span style=\"font-size: 12px;\"><strong>Deepack:<\/strong> Ja sehr viel Spa\u00df. Gute Party hier!<\/span><br \/>\n<span style=\"font-size: 12px;\"><strong>Pille:<\/strong> Ja stimmt gute Party nur richtig warm oder?<\/span><br \/>\n<span style=\"font-size: 12px;\"><strong>Deepack:<\/strong> Ja richtig warm. Mein T-Shirt.<\/span><br \/>\n<span style=\"font-size: 12px;\"><strong>Pille:<\/strong> Guck mal hier 31,7 \u00b0 C haben wir es hier drinnen.<\/span><br \/>\n<span style=\"font-size: 12px;\"><strong>Deepack:<\/strong> Ja das ist Schei\u00dfe viel.<\/span><br \/>\n<span style=\"font-size: 12px;\"><strong>Pille:<\/strong> Das ist richtig heftig.<\/span><br \/>\n<span style=\"font-size: 12px;\"><strong>Deepack:<\/strong>\u00a0Richtig!<\/span><br \/>\n<span style=\"font-size: 12px;\"><strong>Pille:<\/strong> Deepack, heute Abend hast du richtig geile Dinger abgedreht hier und war sehr sehr spa\u00dfig dir zu zu h\u00f6ren. Hast du f\u00fcr die Zukunft f\u00fcr die n\u00e4chsten Wochen \/ Monate neue Ver\u00f6ffentlichungen geplant?<\/span><br \/>\n<span style=\"font-size: 12px;\"><strong>Deepack:<\/strong> Danke, Danke oja viele, viele Planungen, n\u00e4chste Woche\u2026 Wir haben eine gro\u00dfe Party am Defqon, ja und jetzt Feierabend.<\/span><br \/>\n<span style=\"font-size: 12px;\"><strong>Pille:<\/strong> Ja jetzt habt ihr Feierabend.<\/span><br \/>\n<span style=\"font-size: 12px;\"><strong>Deepack:<\/strong> Mein Deutsch ist nicht gut, aber naja.<\/span><br \/>\n<span style=\"font-size: 12px;\"><strong>Pille:<\/strong> Mein Holl\u00e4ndisch nicht besser!<\/span><br \/>\n<span style=\"font-size: 12px;\"><strong>Deepack:<\/strong> Ja wei\u00df ich, okay okay okay&#8230;<\/span><br \/>\n<span style=\"font-size: 12px;\"><strong>Pille:<\/strong> Super, was wollt ich noch fragen? Klar wir hatten grade eine kleine Diskussion \u00fcber Internet Radios. Wir haben dir mal einen kleinen Eindruck geben k\u00f6nnen was ist Internet Radio, was ist normales Radio, was ist Basslover haben wir dir das einigerma\u00dfen verst\u00e4ndlich r\u00fcber bringen k\u00f6nnen, das du wei\u00dft das wir Basslover sind ein Radio und nicht irgendwie so ein &#8222;Wischiwaschi Radio&#8220;, das wir ganz klare und strickte Anweisungen haben.<\/span><br \/>\n<span style=\"font-size: 12px;\"><strong>Deepack:<\/strong> Ja.<\/span><br \/>\n<span style=\"font-size: 12px;\"><strong>Pille:<\/strong> Du sagst jetzt nur Ja, stimmt das?<\/span><br \/>\n<span style=\"font-size: 12px;\"><strong>Deepack:<\/strong> Ja wir haben so viele neue Platten gespielt und alte nat\u00fcrlich und ja in deutsch ist nicht gut&#8230;<\/span><br \/>\n<span style=\"font-size: 12px;\"><strong>Deepack:<\/strong>\u00a0Ja wir sind im Studio mit Frontliner und Luna wir haben die Anthem gemacht f\u00fcr Defqon und ja ist ganz gut geworden. Glauben wir!<\/span><\/p>\n<p><span style=\"font-size: 8px;\"><strong>Interviewer: Pille \/ RBL (07.06.2008)<\/strong><\/span><\/p>\n","protected":false},"excerpt":{"rendered":"<p>Interview mit Deepack Am 7.6.08 schwebte der Virus \u00fcber Hamburg laut Veranstalter str\u00f6mten ca. 1500 Hardstyle Fanatiker in die Markthalle. Auch DJ Gr\u00f6\u00dfen wie Deepack, Charly Lownoise, Dj Isaac, Gollum, D-Block &amp; S-te-fan, Mikesh und viele mehr, fanden sich mit der Zeit dort ein und brachten auf 4 verschiedenen Floors, [&hellip;]<\/p>\n","protected":false},"author":1,"featured_media":0,"parent":82,"menu_order":0,"comment_status":"closed","ping_status":"closed","template":"","meta":{"_crdt_document":"","_monsterinsights_skip_tracking":false,"_monsterinsights_sitenote_active":false,"_monsterinsights_sitenote_note":"","_monsterinsights_sitenote_category":0,"footnotes":""},"class_list":["post-1131","page","type-page","status-publish","hentry"],"aioseo_notices":[],"_links":{"self":[{"href":"https:\/\/basslover.de\/index.php\/wp-json\/wp\/v2\/pages\/1131","targetHints":{"allow":["GET"]}}],"collection":[{"href":"https:\/\/basslover.de\/index.php\/wp-json\/wp\/v2\/pages"}],"about":[{"href":"https:\/\/basslover.de\/index.php\/wp-json\/wp\/v2\/types\/page"}],"author":[{"embeddable":true,"href":"https:\/\/basslover.de\/index.php\/wp-json\/wp\/v2\/users\/1"}],"replies":[{"embeddable":true,"href":"https:\/\/basslover.de\/index.php\/wp-json\/wp\/v2\/comments?post=1131"}],"version-history":[{"count":3,"href":"https:\/\/basslover.de\/index.php\/wp-json\/wp\/v2\/pages\/1131\/revisions"}],"predecessor-version":[{"id":1135,"href":"https:\/\/basslover.de\/index.php\/wp-json\/wp\/v2\/pages\/1131\/revisions\/1135"}],"up":[{"embeddable":true,"href":"https:\/\/basslover.de\/index.php\/wp-json\/wp\/v2\/pages\/82"}],"wp:attachment":[{"href":"https:\/\/basslover.de\/index.php\/wp-json\/wp\/v2\/media?parent=1131"}],"curies":[{"name":"wp","href":"https:\/\/api.w.org\/{rel}","templated":true}]}}