{"id":1126,"date":"2025-05-03T01:30:52","date_gmt":"2025-05-02T23:30:52","guid":{"rendered":"https:\/\/basslover.de\/?page_id=1126"},"modified":"2025-05-03T01:32:05","modified_gmt":"2025-05-02T23:32:05","slug":"interview-mit-dj-ronzka","status":"publish","type":"page","link":"https:\/\/basslover.de\/index.php\/interviews\/interview-mit-dj-ronzka\/","title":{"rendered":"Interview mit Dj Ronzka"},"content":{"rendered":"<h4><img loading=\"lazy\" decoding=\"async\" class=\"size-full wp-image-1128 alignright\" src=\"https:\/\/basslover.de\/wp-content\/uploads\/2025\/05\/interview-ronzka.jpg\" alt=\"\" width=\"200\" height=\"268\" \/>Interview mit Dj Ronzka<\/h4>\n<p><span style=\"font-size: 12px;\">Dj Ronzka von der Tonwerkstadt Berlin stand unserem Mitarbeiter Gismo f\u00fcr ein interessantes und sehr aufschlu\u00dfreiches schriftliches Interview zur Verf\u00fcgung.<strong><br \/>\n<\/strong><\/span><\/p>\n<p><span style=\"font-size: 12px;\"><strong>Gismo:<\/strong> Wie bist du zur Musik gekommen und wann hast du damit angefangen?<\/span><br \/>\n<span style=\"font-size: 12px;\"><strong>Ronzka:<\/strong> Durch meinen Bruder. Er hat mich zu der Musik gef\u00fchrt und hatte schon fr\u00fcher auf gelegt, das war 1999. Ich bin auch dazu gekommen und habe damit angefangen.<\/span><br \/>\n<span style=\"font-size: 12px;\"><strong>Gismo:<\/strong> Wie fandest du heraus, dass du elektronische Musik liebst?<\/span><br \/>\n<span style=\"font-size: 12px;\"><strong>Ronzka:<\/strong> Ehrlich gesagt fr\u00fcher habe ich Hip Hop geh\u00f6rt. Ich kam auf den Geschmack von schnelleren Beats. Das gefiel mir und so habe ich es \u00f6fter und \u00f6fter geh\u00f6rt und dann liebte ich die Musik durch die ersten Techno- Party\u00b4s<\/span><br \/>\n<span style=\"font-size: 12px;\"><strong>Gismo:<\/strong> Ok, das ist mal eine ehrliche Aussage<\/span><br \/>\n<span style=\"font-size: 12px;\"><strong>Ronzka:<\/strong> Ja kann ich nur zu stimmen denn ich bin ein ehrlicher Typ, mu\u00df ich dazu mal sagen.<\/span><br \/>\n<span style=\"font-size: 12px;\"><strong>Gismo:<\/strong> Und wann war dein erstes Mal?<\/span><br \/>\n<span style=\"font-size: 12px;\"><strong>Ronzka:<\/strong> Hehe<\/span><br \/>\n<span style=\"font-size: 12px;\"><strong>Gismo:<\/strong> Ich meinte jetzt nat\u00fcrlich deinen ersten Club Auftritt?<\/span><br \/>\n<span style=\"font-size: 12px;\"><strong>Ronzka:<\/strong> Das war, wenn ich mich noch richtig erinnern kann 2002.<\/span><br \/>\n<span style=\"font-size: 12px;\"><strong>Gismo:<\/strong> Hast du Idole?<\/span><br \/>\n<span style=\"font-size: 12px;\"><strong>Ronzka:<\/strong> Passt zwar nicht zu meiner Musikrichtung die man von mir h\u00f6rt, aber &#8222;Paul van Dyk&#8220; und nat\u00fcrlich &#8222;Kalkbrenner&#8220;.\u00a0 Ich w\u00fcrde gerne auch mal selber Mucke produzieren und Live Act\u00b4s machen, wie Paul und Kalkbrenner.<\/span><br \/>\n<span style=\"font-size: 12px;\"><strong>Gismo:<\/strong> Wieso ist es noch nicht dazu gekommen? Was hindert dich an diesen Weg?<\/span><br \/>\n<span style=\"font-size: 12px;\"><strong>Ronzka:<\/strong> Leider das Geld, denn da braucht man viel Geld auf Tasche!<\/span><br \/>\n<span style=\"font-size: 12px;\"><strong>Gismo:<\/strong> Ok, das mit dem Geld kennt man heute zutage.<\/span><br \/>\n<span style=\"font-size: 12px;\"><strong>Gismo:<\/strong> Was w\u00fcrdest du machen, wenn du im Lotto gewinnen w\u00fcrdest, und soviel Geld h\u00e4ttest das du darin schwimmen kannst. W\u00fcrdest du weiter auf Tour in den Clubs sein?<\/span><br \/>\n<span style=\"font-size: 12px;\"><strong>Ronzka:<\/strong> Auf jeden Fall. Das ist mein Leben neben meiner Frau nat\u00fcrlich. W\u00fcrde ich reich sein, h\u00e4tte ich mir ein komplettes Tonstudio einrichten lassen. Das w\u00e4re das erste, wenn ich das Geld h\u00e4tte.<\/span><br \/>\n<span style=\"font-size: 12px;\"><strong>Gismo:<\/strong> Unterst\u00fctzt dich deine Frau mit deinem Hobby (Beruf)?<\/span><br \/>\n<span style=\"font-size: 12px;\"><strong>Ronzka:<\/strong> Ja, am Anfang schon sehr, aber nach der Zeit will sie das nicht mehr so. Es ist ihr zu viel geworden. Sie hat von Anfang an alles mitbekommen, wo ich noch ein kleines Licht war in der Musikbranche.<\/span><br \/>\n<span style=\"font-size: 12px;\"><strong>Gismo:<\/strong> Jetzt eine ganz wichtige Frage, und zwar wie ist Euer DJ Projekt Tonwerkstadt entstanden?<\/span><br \/>\n<span style=\"font-size: 12px;\"><strong>Ronzka:<\/strong> Ich hatte schon fr\u00fcher ein Projekt mit dem Luke Minch und das hie\u00df &#8222;Berlin Boy\u00b4z.&#8220; Dann haben wir gesagt, ach lass uns was neues machen. Da fr\u00fcher schon &#8222;SavaS&#8220; bei uns mitmachen wollte, aber der Luke das nicht wollte, haben wir Berlin Boy\u00b4z aufgel\u00f6st und alle drei zusammen die &#8222;TonWerkStadt&#8220; gegr\u00fcndet.<\/span><br \/>\n<span style=\"font-size: 12px;\"><strong>Gismo:<\/strong> Wusstet ihr Jungs damals schon das ihr so erfolgreich werdet und euch die Berliner Club Szene die T\u00fcren eintritt?<\/span><br \/>\n<span style=\"font-size: 12px;\"><strong>Ronzka:<\/strong> Nee auf keinen Fall. Auf einmal war das immer mehr und mehr wollten uns dann spielen h\u00f6ren. Ist ein sehr geiles Gef\u00fchl.<\/span><br \/>\n<span style=\"font-size: 12px;\"><strong>Gismo:<\/strong> Welche Ziele habt ihr euch f\u00fcr die Zukunft gesetzt, gibt es irgendwelche Pl\u00e4ne die wir dir schon entlocken k\u00f6nnen?<\/span><br \/>\n<span style=\"font-size: 12px;\"><strong>Ronzka:<\/strong> Ja, denke schon also der &#8222;Rove&#8220;, der ja auch selber was macht (produziert) will selber ein Label gr\u00fcnden und hoffe das es ankommt.<\/span><br \/>\n<span style=\"font-size: 12px;\"><strong>Gismo:<\/strong> Warum eigenes Label schlechte Erfahrungen mit den gro\u00dfen Labels gemacht?<\/span><br \/>\n<span style=\"font-size: 12px;\"><strong>Ronzka:<\/strong> Ja, nat\u00fcrlich erst mal versuchen in eins zu kommen und denn mal schauen.<\/span><br \/>\n<span style=\"font-size: 12px;\"><strong>Gismo:<\/strong> Ich merke schon ihr wisst was ihr wollt, da ist die Suche sicher nicht so easy, dann w\u00fcnschen wir von Basslover Euch nat\u00fcrlich viel viel Erfolg dabei!<\/span><br \/>\n<span style=\"font-size: 12px;\"><strong>Ronzka:<\/strong> Danke denke mal den werden wir brauchen, wenn wir was erreichen wollen in der gemeinen Welt.<\/span><br \/>\n<span style=\"font-size: 12px;\"><strong>Gismo:<\/strong> Muss man zusammen halten deswegen arbeitet Basslover ja mit Euch zusammen, wo es nur geht, was wir echt sehr gerne machen!<\/span><br \/>\n<span style=\"font-size: 12px;\"><strong>Ronzka:<\/strong> Ja, wir auch das mu\u00df ich dir sagen, denn der Zusammenhalt ist das A und O.<\/span><br \/>\n<span style=\"font-size: 12px;\"><strong>Gismo:<\/strong> Ok, dann auch die Letzte Frage, wie findest du Basslover und unsere Arbeit die wir verrichten?<\/span><br \/>\n<span style=\"font-size: 12px;\"><strong>Ronzka:<\/strong> Wenn ich ehrlich bin sehr sehr gut. Ihr macht das schon Spitze mu\u00df ich mal sagen. Super Daumen hoch.<\/span><br \/>\n<span style=\"font-size: 12px;\"><strong>Gismo:<\/strong> Ach, eine Sache noch. Hast du eine Frage an uns von Basslover. Kritik oder W\u00fcnsche?<\/span><br \/>\n<span style=\"font-size: 12px;\"><strong>Ronzka:<\/strong> Ehrlich gesagt kann ich das gar nicht, nur das ihr wenig Zeit habt wegen Live-\u00dcbertragungen.<\/span><br \/>\n<span style=\"font-size: 12px;\"><strong>Gismo:<\/strong> Ja, das ist ein Zeit Problem, wie ihr ja vielleicht mitbekommen habt, haben wir so viele \u00dcbertragungen, das wir schon beinahe nicht mehr hinterher kommen. Oder leider eure Termine schon vergeben sind, aber wir werden es in der Zukunft sicherlich hinbekommen. Wir haben ja neue Termine von dir erhalten.<\/span><br \/>\n<span style=\"font-size: 12px;\"><strong>Gismo:<\/strong> Werden wir euch jetzt hier auf Basslover regelm\u00e4\u00dfig h\u00f6ren k\u00f6nnen?<\/span><br \/>\n<span style=\"font-size: 12px;\"><strong>Ronzka:<\/strong> Na ich hoffe das w\u00e4re Top.<\/span><br \/>\n<span style=\"font-size: 12px;\"><strong>Gismo:<\/strong> Das wollte ich h\u00f6ren!<\/span><br \/>\n<span style=\"font-size: 12px;\"><strong>Gismo:<\/strong> Ok, dann danken wir f\u00fcr das Interview mit dir und hoffen auf weitere gute Zusammenarbeit mit dir (euch).<\/span><br \/>\n<span style=\"font-size: 12px;\"><strong>Ronzka:<\/strong>\u00a0Ich habe zu danken und wir werden mit euch auf jeden Fall weiter zusammen arbeiten.<\/span><\/p>\n<p><span style=\"font-size: 12px;\">Weitere Infos \u00fcber Dj Ronzka:<br \/>\n<\/span><span style=\"font-size: 12px;\"><a href=\"http:\/\/www.tonwerkstadt.com\/\" target=\"_blank\" rel=\"noopener\">www.tonwerkstadt.com<\/a><\/span><\/p>\n<p><span style=\"font-size: 8px;\"><strong>Interviewer: Gismo \/ RBL (24.10.2008)<\/strong><\/span><\/p>\n","protected":false},"excerpt":{"rendered":"<p>Interview mit Dj Ronzka Dj Ronzka von der Tonwerkstadt Berlin stand unserem Mitarbeiter Gismo f\u00fcr ein interessantes und sehr aufschlu\u00dfreiches schriftliches Interview zur Verf\u00fcgung. Gismo: Wie bist du zur Musik gekommen und wann hast du damit angefangen? Ronzka: Durch meinen Bruder. Er hat mich zu der Musik gef\u00fchrt und hatte [&hellip;]<\/p>\n","protected":false},"author":1,"featured_media":0,"parent":82,"menu_order":0,"comment_status":"closed","ping_status":"closed","template":"","meta":{"_crdt_document":"","_monsterinsights_skip_tracking":false,"_monsterinsights_sitenote_active":false,"_monsterinsights_sitenote_note":"","_monsterinsights_sitenote_category":0,"footnotes":""},"class_list":["post-1126","page","type-page","status-publish","hentry"],"aioseo_notices":[],"_links":{"self":[{"href":"https:\/\/basslover.de\/index.php\/wp-json\/wp\/v2\/pages\/1126","targetHints":{"allow":["GET"]}}],"collection":[{"href":"https:\/\/basslover.de\/index.php\/wp-json\/wp\/v2\/pages"}],"about":[{"href":"https:\/\/basslover.de\/index.php\/wp-json\/wp\/v2\/types\/page"}],"author":[{"embeddable":true,"href":"https:\/\/basslover.de\/index.php\/wp-json\/wp\/v2\/users\/1"}],"replies":[{"embeddable":true,"href":"https:\/\/basslover.de\/index.php\/wp-json\/wp\/v2\/comments?post=1126"}],"version-history":[{"count":3,"href":"https:\/\/basslover.de\/index.php\/wp-json\/wp\/v2\/pages\/1126\/revisions"}],"predecessor-version":[{"id":1130,"href":"https:\/\/basslover.de\/index.php\/wp-json\/wp\/v2\/pages\/1126\/revisions\/1130"}],"up":[{"embeddable":true,"href":"https:\/\/basslover.de\/index.php\/wp-json\/wp\/v2\/pages\/82"}],"wp:attachment":[{"href":"https:\/\/basslover.de\/index.php\/wp-json\/wp\/v2\/media?parent=1126"}],"curies":[{"name":"wp","href":"https:\/\/api.w.org\/{rel}","templated":true}]}}