{"id":1123,"date":"2025-05-03T01:27:56","date_gmt":"2025-05-02T23:27:56","guid":{"rendered":"https:\/\/basslover.de\/?page_id=1123"},"modified":"2025-05-03T01:27:56","modified_gmt":"2025-05-02T23:27:56","slug":"radio-interview-mit-sex-appeal","status":"publish","type":"page","link":"https:\/\/basslover.de\/index.php\/interviews\/radio-interview-mit-sex-appeal\/","title":{"rendered":"Radio Interview mit Sex Appeal"},"content":{"rendered":"<h4>Radio Interview mit Sex Appeal<\/h4>\n<p><img loading=\"lazy\" decoding=\"async\" class=\"size-full wp-image-1124 alignright\" style=\"font-size: 12px;\" src=\"https:\/\/basslover.de\/wp-content\/uploads\/2025\/05\/press_sexappeal.jpg\" alt=\"\" width=\"200\" height=\"252\" \/><\/p>\n<p><span style=\"font-size: 12px;\">Lyane Leigh auch bekannt als S.E.X.Appeal stand unserem Radiomoderator &#8222;Pille&#8220; f\u00fcr ein interessantes und aufschlu\u00dfreiches Telefon-Interview zur Verf\u00fcgung.<\/span><\/p>\n<p><span style=\"font-size: 12px;\">Er plauschte mit ihr \u00fcber ihre Karriere bei dem ehemaligen Projekt &#8222;E-Rotic&#8220;, bei dem Lyane als S\u00e4ngerin f\u00fcr Titel wie &#8222;Max don&#8217;t have sex with your ex&#8220;, &#8222;Fred come to bed&#8220;, &#8222;Sex on the phone&#8220; und &#8222;Willy use a billy boy&#8220;&#8230;\u00a0 bis Ende der 90er Jahre mit mehreren Gold und Platin-Auszeichnungen belohnt wurde.<\/span><\/p>\n<p><span style=\"font-size: 12px;\">Das Interview vom 1.8.2007 an dieser\u00a0 Stelle noch einmal als Aufzeichnung:<\/span><\/p>\n","protected":false},"excerpt":{"rendered":"<p>Radio Interview mit Sex Appeal Lyane Leigh auch bekannt als S.E.X.Appeal stand unserem Radiomoderator &#8222;Pille&#8220; f\u00fcr ein interessantes und aufschlu\u00dfreiches Telefon-Interview zur Verf\u00fcgung. Er plauschte mit ihr \u00fcber ihre Karriere bei dem ehemaligen Projekt &#8222;E-Rotic&#8220;, bei dem Lyane als S\u00e4ngerin f\u00fcr Titel wie &#8222;Max don&#8217;t have sex with your ex&#8220;, [&hellip;]<\/p>\n","protected":false},"author":1,"featured_media":0,"parent":82,"menu_order":0,"comment_status":"closed","ping_status":"closed","template":"","meta":{"_crdt_document":"","_monsterinsights_skip_tracking":false,"_monsterinsights_sitenote_active":false,"_monsterinsights_sitenote_note":"","_monsterinsights_sitenote_category":0,"footnotes":""},"class_list":["post-1123","page","type-page","status-publish","hentry"],"aioseo_notices":[],"_links":{"self":[{"href":"https:\/\/basslover.de\/index.php\/wp-json\/wp\/v2\/pages\/1123","targetHints":{"allow":["GET"]}}],"collection":[{"href":"https:\/\/basslover.de\/index.php\/wp-json\/wp\/v2\/pages"}],"about":[{"href":"https:\/\/basslover.de\/index.php\/wp-json\/wp\/v2\/types\/page"}],"author":[{"embeddable":true,"href":"https:\/\/basslover.de\/index.php\/wp-json\/wp\/v2\/users\/1"}],"replies":[{"embeddable":true,"href":"https:\/\/basslover.de\/index.php\/wp-json\/wp\/v2\/comments?post=1123"}],"version-history":[{"count":1,"href":"https:\/\/basslover.de\/index.php\/wp-json\/wp\/v2\/pages\/1123\/revisions"}],"predecessor-version":[{"id":1125,"href":"https:\/\/basslover.de\/index.php\/wp-json\/wp\/v2\/pages\/1123\/revisions\/1125"}],"up":[{"embeddable":true,"href":"https:\/\/basslover.de\/index.php\/wp-json\/wp\/v2\/pages\/82"}],"wp:attachment":[{"href":"https:\/\/basslover.de\/index.php\/wp-json\/wp\/v2\/media?parent=1123"}],"curies":[{"name":"wp","href":"https:\/\/api.w.org\/{rel}","templated":true}]}}