{"id":1121,"date":"2025-05-03T01:25:26","date_gmt":"2025-05-02T23:25:26","guid":{"rendered":"https:\/\/basslover.de\/?page_id=1121"},"modified":"2025-05-03T01:25:36","modified_gmt":"2025-05-02T23:25:36","slug":"radio-interview-mit-dj-virens","status":"publish","type":"page","link":"https:\/\/basslover.de\/index.php\/interviews\/radio-interview-mit-dj-virens\/","title":{"rendered":"Radio Interview mit Dj Virens"},"content":{"rendered":"<h4><strong>Radio Interview mit Dj Virens<\/strong><\/h4>\n<p><span style=\"font-size: 12px;\">Dj Virens, Gast Dj und Projektleiter der &#8222;Trancekultur&#8220;\u00a0 Projektes\u00a0 und Radiosendung auf\u00a0 dem schweizer UKW Radio Kanal K, stand unserem &#8222;Pille&#8220; im Rahmen seines Release &#8222;Eternity&#8220; f\u00fcr ein interessantes und aufschlu\u00dfreiches Telefon-Interview zur Verf\u00fcgung.<br \/>\n<\/span><span style=\"font-size: 12px;\">Pille befragte ihn untern anderem zur Entstehung seines Dj Namens,\u00a0 zu seinen Aktivit\u00e4ten als Dj, seiner aktuell\u00a0 erschienenen Single &#8222;Eternity&#8220; und nat\u00fcrlich zuk\u00fcnftigen Projekten des geb\u00fcrtigen Schweizers.<\/span><br \/>\n<span style=\"font-size: 12px;\">Das Interview vom 24.06.2007 an dieser\u00a0 Stelle noch einmal als Aufzeichnung:<\/span><\/p>\n","protected":false},"excerpt":{"rendered":"<p>Radio Interview mit Dj Virens Dj Virens, Gast Dj und Projektleiter der &#8222;Trancekultur&#8220;\u00a0 Projektes\u00a0 und Radiosendung auf\u00a0 dem schweizer UKW Radio Kanal K, stand unserem &#8222;Pille&#8220; im Rahmen seines Release &#8222;Eternity&#8220; f\u00fcr ein interessantes und aufschlu\u00dfreiches Telefon-Interview zur Verf\u00fcgung. Pille befragte ihn untern anderem zur Entstehung seines Dj Namens,\u00a0 zu [&hellip;]<\/p>\n","protected":false},"author":1,"featured_media":0,"parent":82,"menu_order":0,"comment_status":"closed","ping_status":"closed","template":"","meta":{"_crdt_document":"","_monsterinsights_skip_tracking":false,"_monsterinsights_sitenote_active":false,"_monsterinsights_sitenote_note":"","_monsterinsights_sitenote_category":0,"footnotes":""},"class_list":["post-1121","page","type-page","status-publish","hentry"],"aioseo_notices":[],"_links":{"self":[{"href":"https:\/\/basslover.de\/index.php\/wp-json\/wp\/v2\/pages\/1121","targetHints":{"allow":["GET"]}}],"collection":[{"href":"https:\/\/basslover.de\/index.php\/wp-json\/wp\/v2\/pages"}],"about":[{"href":"https:\/\/basslover.de\/index.php\/wp-json\/wp\/v2\/types\/page"}],"author":[{"embeddable":true,"href":"https:\/\/basslover.de\/index.php\/wp-json\/wp\/v2\/users\/1"}],"replies":[{"embeddable":true,"href":"https:\/\/basslover.de\/index.php\/wp-json\/wp\/v2\/comments?post=1121"}],"version-history":[{"count":1,"href":"https:\/\/basslover.de\/index.php\/wp-json\/wp\/v2\/pages\/1121\/revisions"}],"predecessor-version":[{"id":1122,"href":"https:\/\/basslover.de\/index.php\/wp-json\/wp\/v2\/pages\/1121\/revisions\/1122"}],"up":[{"embeddable":true,"href":"https:\/\/basslover.de\/index.php\/wp-json\/wp\/v2\/pages\/82"}],"wp:attachment":[{"href":"https:\/\/basslover.de\/index.php\/wp-json\/wp\/v2\/media?parent=1121"}],"curies":[{"name":"wp","href":"https:\/\/api.w.org\/{rel}","templated":true}]}}