{"id":1112,"date":"2025-05-03T01:16:36","date_gmt":"2025-05-02T23:16:36","guid":{"rendered":"https:\/\/basslover.de\/?page_id=1112"},"modified":"2025-05-03T01:23:05","modified_gmt":"2025-05-02T23:23:05","slug":"interview-mit-andrew-spencer","status":"publish","type":"page","link":"https:\/\/basslover.de\/index.php\/interviews\/interview-mit-andrew-spencer\/","title":{"rendered":"Interview mit Andrew Spencer"},"content":{"rendered":"<h4><img loading=\"lazy\" decoding=\"async\" class=\"size-full wp-image-1110 alignright\" src=\"https:\/\/basslover.de\/wp-content\/uploads\/2025\/05\/press_andrew_spencer-1.jpg\" alt=\"\" width=\"200\" height=\"300\" \/>Interview mit Andrew Spencer<\/h4>\n<p><span style=\"font-size: 14px;\">Andrew Spencer, Produzent, Dj und Label-Inhaber stand unserem Mitarbeiter Nic van Bass f\u00fcr ein interessantes und aufschlu\u00dfreiches schriftliches Interview zur Verf\u00fcgung.<\/span><strong><br \/>\n<\/strong><\/p>\n<p><span style=\"font-size: 12px;\"><strong>RBL:\u00a0<\/strong>Also, w\u00e4re nett, wenn Du zu Anfang erstmal ein bisschen was \u00fcber Dich erz\u00e4hlst&#8230;\u00a0 Nat\u00fcrlich nur so viel, wie Du rausr\u00fccken m\u00f6chtest.<\/span><br \/>\n<span style=\"font-size: 12px;\"><strong>Andrew Spencer:\u00a0<\/strong>Tja, viel gibt es da eigentlich nicht zu erz\u00e4hlen, mein Name ist Andrew Spencer und ich bin ein ganz gew\u00f6hnlicher Mensch wie jeder andere auch &#8211; der morgens aufsteht, seine Z\u00e4hne putzt und und und.<\/span><br \/>\n<span style=\"font-size: 12px;\"><strong>RBL:\u00a0<\/strong>Dann, wie bist Du zum DeeJaying und dann zum Producing gekommen?<\/span><br \/>\n<span style=\"font-size: 12px;\"><strong>Andrew Spencer:\u00a0<\/strong>Ich habe ganz klein angefangen und schon als kleiner Junge am Videomischpult meines Vaters herumgespielt um damit eigene Mixtapes zu erstellen. Ich war einfach besessen von der Musik&#8230;<\/span><br \/>\n<span style=\"font-size: 12px;\"><strong>RBL:\u00a0<\/strong>Wenn Du zur\u00fcckblickst, hattest Du einen schweren Weg um dahin zu kommen, wo Du heute stehst?<\/span><br \/>\n<span style=\"font-size: 12px;\"><strong>Andrew Spencer:\u00a0<\/strong>Es war wirklich ein langer, anstrengender Weg voller H\u00f6hen und Tiefen. Ich musste mir alles hart erarbeiten \u00fcber Rockkneipe, Tanzcafe, Stadl &#8211; es war einfach alles dabei. Aber so wei\u00df ich nun was die Leute wollen und bin sehr Flexibel.<\/span><br \/>\n<span style=\"font-size: 12px;\"><strong>RBL:\u00a0<\/strong>&#8222;Here without you&#8220;, deine neue Scheibe: Good Job! Kann man da nur sagen! Wie kam Dir die Idee dazu?<\/span><br \/>\n<span style=\"font-size: 12px;\"><strong>Andrew Spencer:\u00a0<\/strong>Die Idee dazu gab es schon vor mehr als 4 Jahren nur ist die Scheibe dann irgendwo in eine Schublade gerutscht. Irgendwann tauchte sie mal wieder auf, es wurden neue Mixe gemacht und dann gab es die Idee sie als Follow-Up zur &#8222;I Need A Hero&#8220; gemeinsam mit Lazard zu ver\u00f6ffentlichen.<\/span><br \/>\n<span style=\"font-size: 12px;\"><strong>RBL:\u00a0<\/strong>Wie lange hast Du von der Idee zum Bootleg, bzw. zur fertigen Version gebraucht?<\/span><br \/>\n<span style=\"font-size: 12px;\"><strong>Andrew Spencer:\u00a0<\/strong>Die Produktionen gehen in der Regel sehr fix (ca. 1 Woche), allerdings bis zum fertigen Release dauert es schon seine gewisse Zeit.<\/span><br \/>\n<span style=\"font-size: 12px;\"><strong>RBL:\u00a0<\/strong>Ist schon wieder etwas neues in Planung? Oder gar schon fast fertig? Wenn ja, ab wann kann man damit beim Plattendealer rechnen?<\/span><br \/>\n<span style=\"font-size: 12px;\"><strong>Andrew Spencer:\u00a0<\/strong>Naja sagen wir es so, die Schublade geht schon fast nicht mehr zu *lach*. Im n\u00e4chsten Monat kommt schon die n\u00e4chste Scheibe allerdings unter einem neuen Projektnamen.<\/span><br \/>\n<span style=\"font-size: 12px;\"><strong>RBL:\u00a0<\/strong>Wird es bald wieder ein &#8222;vs. The Vamprockerz&#8220;-Release geben? Wenn ja, wann ist damit zu rechnen?<\/span><br \/>\n<span style=\"font-size: 12px;\"><strong>Andrew Spencer:\u00a0<\/strong>Sicherlich nicht, da &#8222;The Vamprockerz&#8220; ein Projekt gemeinsam mit Chico del Mar ist. D.h. ich stecke also auch bei einem reinen Vamprockerz-Release mit hinter den Kulissen, da macht ein weiteres &#8222;vs.&#8220;-Projekt kaum einen Sinn..<\/span><br \/>\n<span style=\"font-size: 12px;\"><strong>RBL:\u00a0\u00a0<\/strong>Unsere weiblichen H\u00f6rer interessiert bestimmt, ob es eine &#8222;Mrs. Spencer&#8220; gibt.. ?!<\/span><br \/>\n<span style=\"font-size: 12px;\"><strong>Andrew Spencer:\u00a0<\/strong>Moment&#8230; also bei Google bekommt man da wirklich jede Menge Treffer.<\/span><br \/>\n<span style=\"font-size: 12px;\"><strong>RBL:\u00a0<\/strong>Unsere H\u00f6rer sind sicher neugierig auf Deine n\u00e4chsten Events und Shows&#8230; Wann und wo bist Du denn in den n\u00e4chsten Wochen zu h\u00f6ren und zu sehen?<\/span><br \/>\n<span style=\"font-size: 12px;\"><strong>Andrew Spencer:\u00a0<\/strong>Die n\u00e4chsten Monate bin ich wieder quer durch Deutschland und \u00d6sterreich unterwegs, am Besten mal einen Blick auf die Website werfen: www.andrew-spencer.de<\/span><br \/>\n<span style=\"font-size: 12px;\"><strong>RBL:\u00a0<\/strong>Wie weit hat Dich deine DJ-Karriere schon gebracht?<\/span><br \/>\n<span style=\"font-size: 12px;\"><strong>Andrew Spencer:\u00a0<\/strong>Ich durfte schon in vielen interessanten Club \/ Discotheken auflegen und habe viele interessante Leute kennengelernt.<\/span><br \/>\n<span style=\"font-size: 12px;\"><strong>RBL:\u00a0<\/strong>Warst Du schonmal im Ausland auflegen?<\/span><br \/>\n<span style=\"font-size: 12px;\"><strong>Andrew Spencer:\u00a0<\/strong>Logo, in \u00d6sterreich bin ich regelm\u00e4\u00dfig, dann Polen, Spanien &#8230;<\/span><br \/>\n<span style=\"font-size: 12px;\"><strong>RBL:\u00a0<\/strong>Was w\u00fcrdest Du anderen DJ&#8217;s, wie zum Beispiel mir raten, die auch gerne solch eine Karriere wie Du hinlegen m\u00f6chten?<\/span><br \/>\n<span style=\"font-size: 12px;\"><strong>Andrew Spencer:\u00a0<\/strong>Immer hart an sich arbeiten, an seinen Traum glauben und niemals aufgeben&#8230;<\/span><br \/>\n<span style=\"font-size: 12px;\"><strong>RBL:\u00a0<\/strong>M\u00fcsstest Du Dich zwischen der &#8222;gro\u00dfen Liebe&#8220; und der Musik entscheiden, was w\u00fcrdest Du w\u00e4hlen?<\/span><br \/>\n<span style=\"font-size: 12px;\"><strong>Andrew Spencer:\u00a0<\/strong>Die Musik ist meine gro\u00dfe Liebe :o)<\/span><br \/>\n<span style=\"font-size: 12px;\"><strong>RBL:\u00a0<\/strong>Danke f\u00fcr Deine Zeit und das nette Interview.<\/span><\/p>\n<p><span style=\"font-size: 12px;\">Weitere Infos \u00fcber Andrew Spencer:<br \/>\n<\/span><a href=\"http:\/\/www.andrew-spencer.de\/\" target=\"_blank\" rel=\"noopener\">www.andrew-spencer.de<\/a><br \/>\n<a href=\"http:\/\/www.myspace.com\/djandrewspencer\" target=\"_blank\" rel=\"noopener\">www.myspace.com\/djandrewspencer<\/a><\/p>\n<p><span style=\"font-size: 8px;\"><strong>Interviewer: Nic van Bass \/ RBL (26.10.2008)<\/strong><\/span><\/p>\n","protected":false},"excerpt":{"rendered":"<p>Interview mit Andrew Spencer Andrew Spencer, Produzent, Dj und Label-Inhaber stand unserem Mitarbeiter Nic van Bass f\u00fcr ein interessantes und aufschlu\u00dfreiches schriftliches Interview zur Verf\u00fcgung. RBL:\u00a0Also, w\u00e4re nett, wenn Du zu Anfang erstmal ein bisschen was \u00fcber Dich erz\u00e4hlst&#8230;\u00a0 Nat\u00fcrlich nur so viel, wie Du rausr\u00fccken m\u00f6chtest. Andrew Spencer:\u00a0Tja, viel [&hellip;]<\/p>\n","protected":false},"author":1,"featured_media":0,"parent":82,"menu_order":0,"comment_status":"closed","ping_status":"closed","template":"","meta":{"_crdt_document":"","_monsterinsights_skip_tracking":false,"_monsterinsights_sitenote_active":false,"_monsterinsights_sitenote_note":"","_monsterinsights_sitenote_category":0,"footnotes":""},"class_list":["post-1112","page","type-page","status-publish","hentry"],"aioseo_notices":[],"_links":{"self":[{"href":"https:\/\/basslover.de\/index.php\/wp-json\/wp\/v2\/pages\/1112","targetHints":{"allow":["GET"]}}],"collection":[{"href":"https:\/\/basslover.de\/index.php\/wp-json\/wp\/v2\/pages"}],"about":[{"href":"https:\/\/basslover.de\/index.php\/wp-json\/wp\/v2\/types\/page"}],"author":[{"embeddable":true,"href":"https:\/\/basslover.de\/index.php\/wp-json\/wp\/v2\/users\/1"}],"replies":[{"embeddable":true,"href":"https:\/\/basslover.de\/index.php\/wp-json\/wp\/v2\/comments?post=1112"}],"version-history":[{"count":4,"href":"https:\/\/basslover.de\/index.php\/wp-json\/wp\/v2\/pages\/1112\/revisions"}],"predecessor-version":[{"id":1118,"href":"https:\/\/basslover.de\/index.php\/wp-json\/wp\/v2\/pages\/1112\/revisions\/1118"}],"up":[{"embeddable":true,"href":"https:\/\/basslover.de\/index.php\/wp-json\/wp\/v2\/pages\/82"}],"wp:attachment":[{"href":"https:\/\/basslover.de\/index.php\/wp-json\/wp\/v2\/media?parent=1112"}],"curies":[{"name":"wp","href":"https:\/\/api.w.org\/{rel}","templated":true}]}}